{"id":127,"date":"2014-10-30T21:16:27","date_gmt":"2014-10-30T20:16:27","guid":{"rendered":"https:\/\/etival-ronchaux.fr\/?page_id=127"},"modified":"2015-02-19T23:29:30","modified_gmt":"2015-02-19T22:29:30","slug":"famille-de-gousserre","status":"publish","type":"page","link":"https:\/\/etival-ronchaux.fr\/?page_id=127","title":{"rendered":"Famille de Gousserre"},"content":{"rendered":"<p>FAMILLE DE GOUSSERRE<\/p>\n<p>Quoiqu\u2019il en soit, du fief de Pr\u00e9v\u00f4t\u00e9, il est certain qu\u2019il dut \u00eatre divis\u00e9 en plusieurs chevances, tant aux Ronchaux qu\u2019\u00e0 Etival.<\/p>\n<p>La famille De GOUSSERRE parait \u00eatre avec celle De RONCHAUX la plus ancienne famille noble qui ait poss\u00e9d\u00e9 des terres \u00e0 Etival et aux Ronchaux.<strong><br \/>\n<\/strong>Il est dit en effet dans les notes de M. MARESCHAL, que ce fut la famille De GOUSSERRE qui donna le terrain et fit b\u00e2tir la chapelle d\u2019Etival en 1414. Ceci n\u2019est pas pour surprendre beaucoup quand on sait que les sires de Clairvaux, (Famille De VILLERSEXEL), \u00e9taient barons de Scey-sur-Sa\u00f4ne, et que les De GOUSSERRE \u00e9taient port\u00e9s comme \u00e9cuyers du m\u00eame pays. Il ne fait aucun doute que les seigneurs de Clairvaux ne sont pas \u00e9trangers \u00e0 la venue des De GOUSSERRE \u00e0 Etival.<\/p>\n<p>Retour \u00e0 la rubrique <a title=\"Les Seigneurs d\u2019Etival-Ronchaux\" href=\"https:\/\/etival-ronchaux.fr\/?page_id=123\">\u00ab\u00a0Seigneurs d&rsquo;Etival-Ronchaux\u00a0\u00bb<\/a>.<\/p>\n<p>&nbsp;<\/p>\n","protected":false},"excerpt":{"rendered":"<p>FAMILLE DE GOUSSERRE Quoiqu\u2019il en soit, du fief de Pr\u00e9v\u00f4t\u00e9, il est certain qu\u2019il dut \u00eatre divis\u00e9 en plusieurs chevances, tant aux Ronchaux qu\u2019\u00e0 Etival. La famille De GOUSSERRE parait \u00eatre avec celle De RONCHAUX la plus ancienne famille noble &hellip; <a href=\"https:\/\/etival-ronchaux.fr\/?page_id=127\">Continuer la lecture <span class=\"meta-nav\">&rarr;<\/span><\/a><\/p>\n","protected":false},"author":1,"featured_media":0,"parent":123,"menu_order":4,"comment_status":"closed","ping_status":"closed","template":"","meta":{"footnotes":""},"class_list":["post-127","page","type-page","status-publish","hentry"],"_links":{"self":[{"href":"https:\/\/etival-ronchaux.fr\/index.php?rest_route=\/wp\/v2\/pages\/127","targetHints":{"allow":["GET"]}}],"collection":[{"href":"https:\/\/etival-ronchaux.fr\/index.php?rest_route=\/wp\/v2\/pages"}],"about":[{"href":"https:\/\/etival-ronchaux.fr\/index.php?rest_route=\/wp\/v2\/types\/page"}],"author":[{"embeddable":true,"href":"https:\/\/etival-ronchaux.fr\/index.php?rest_route=\/wp\/v2\/users\/1"}],"replies":[{"embeddable":true,"href":"https:\/\/etival-ronchaux.fr\/index.php?rest_route=%2Fwp%2Fv2%2Fcomments&post=127"}],"version-history":[{"count":3,"href":"https:\/\/etival-ronchaux.fr\/index.php?rest_route=\/wp\/v2\/pages\/127\/revisions"}],"predecessor-version":[{"id":526,"href":"https:\/\/etival-ronchaux.fr\/index.php?rest_route=\/wp\/v2\/pages\/127\/revisions\/526"}],"up":[{"embeddable":true,"href":"https:\/\/etival-ronchaux.fr\/index.php?rest_route=\/wp\/v2\/pages\/123"}],"wp:attachment":[{"href":"https:\/\/etival-ronchaux.fr\/index.php?rest_route=%2Fwp%2Fv2%2Fmedia&parent=127"}],"curies":[{"name":"wp","href":"https:\/\/api.w.org\/{rel}","templated":true}]}}