{"id":129,"date":"2014-10-30T21:31:26","date_gmt":"2014-10-30T20:31:26","guid":{"rendered":"https:\/\/etival-ronchaux.fr\/?page_id=129"},"modified":"2018-02-11T21:32:06","modified_gmt":"2018-02-11T20:32:06","slug":"famille-de-l-aubespin","status":"publish","type":"page","link":"https:\/\/etival-ronchaux.fr\/?page_id=129","title":{"rendered":"Famille de l&rsquo; Aubespin"},"content":{"rendered":"<p><span style=\"color: #ff0000;\">1912-07<\/span><br \/>\nFAMILLE DE LAUBESPIN<\/p>\n<p>En m\u00eame temps que les De RONCHAUX et les De GOUSSERRE, une autre famille noble poss\u00e9dait des terres \u00e0 Etival, celle des De L&rsquo;AUBESPIN. Cette famille de vieille noblesse, qui tire son nom d\u2019un petit village proche de Saint-Amour, et o\u00f9 se dresse encore l\u2019habitation seigneuriale, n\u2019est pas \u00e9teinte. Elle se fait remarquer surtout par ses abondantes charit\u00e9s. <a href=\"https:\/\/etival-ronchaux.fr\/?page_id=936\" target=\"_blank\" rel=\"noopener\">(Voir la situation du ch\u00e2teau et le blason.)<\/a><\/p>\n<p>En 1588 on trouve un Claude De L\u2019AUBESPIN, seigneur de l\u2019Aigle, et un Antoine De L&rsquo;AUBESPIN, baron de l\u2019Aigle gouverneur du Ch\u00e2teau de Joux \u00e0 l\u2019\u00e9poque de la guerre contre les Turcs. Cet Antoine De L&rsquo;AUBESPIN eut le courage d\u2019\u00e9pouser la veuve d\u2019Etienne de SCEY, Bonne BUFFOT, que l\u2019abb\u00e9 Guillaume, historien des sires de Salins, d\u00e9peint, <em>\u00ab\u00a0comme une femme d\u2019un caract\u00e8re intraitable et de qui son mari s\u2019\u00e9tait \u00e9loign\u00e9, aimant mieux avoir \u00e0 faire aux Turcs et affronter la mort des combats que de soutenir contre elle une guerre d\u2019escarmouches de tous les instants de la vie.\u00a0\u00bb <\/em><\/p>\n<p><em>\u00ab\u00a0Le seigneur, baron de l\u2019Aigle, poss\u00e9dait une chevance ou m\u00eame le fief de Pr\u00e9v\u00f4t\u00e9 aux Ronchaux, provenant des f\u00fbts <\/em>(d\u00e9funts)<em>, sieurs de Gouss\u00e8rre et de Ronchaux?\u00a0\u00bb<br \/>\n<\/em>D\u2019autre part, les De L&rsquo;AUBESPIN poss\u00e9daient aussi une chevance \u00e0 Etival<em> \u00ab\u00a0Messire de MANDRE, commissaire g\u00e9n\u00e9ral des vivres en Bourgogne, en 1636, qui joua un r\u00f4le important dans la guerre de dix ans, \u00e9poux de dame Claude-Fran\u00e7oise De L&rsquo;AUBESPIN, baronne de l\u2019Aigle, fit construire \u00e0 Etival une maison seigneuriale qu\u2019il habitait quelquefois. Vivant en mauvaise intelligence avec son mari et son fils, qui tous deux se distinguaient dans les rangs de l\u00a0\u2019arm\u00e9e Comtoise, Claude-Fran\u00e7oise de Laubespin, toute d\u00e9vou\u00e9e aux int\u00e9r\u00eats fran\u00e7ais, refusa de mettre garnison dans son ch\u00e2teau de l\u2019Aigle, en 1638. Puis confiant la garde de sa forteresse au baron de Laudes, son cousin, elle se retira dans sa maison d\u2019Estival. Le baron de Laudes, s\u2019installa au ch\u00e2teau de l\u2019Aigle sous le titre de gouverneur avec trois soldats d\u00e9band\u00e9s. Il commen\u00e7a par convoquer les retrahants \u00e0 une montre d\u2019armes. <\/em>Tous les chefs de famille arriv\u00e8rent munis d\u2019arquebuses et de b\u00e2tons \u00e0 crocs. La revue termin\u00e9e, ils furent invit\u00e9s \u00e0 d\u00e9poser leurs armes dans la tour, sous pr\u00e9texte de les avoir toute pr\u00eat\u00e9s en cas d\u2019attaque. Une fois d\u00e9sarm\u00e9s on agit avec eux sans m\u00e9nagement, on les soumit \u00e0 d\u2019\u00e9normes redevances, on les emprisonna, on pouvait se croire revenu aux plus mauvais jours de la f\u00e9odalit\u00e9? D\u2019autre part, les Fran\u00e7ais sachant que le ch\u00e2teau de l\u2019Aigle n\u2019avait pas de garnison, pillaient et br\u00fblaient tout \u00e0 l\u2019entoure.\u00a0\u00bb Ce long paragraphe extrait du Dictionnaire historique du Jura, est sans doute l\u2019expression de la v\u00e9rit\u00e9 mais n\u2019oublions pas, que nous sommes en pleine guerre de dix ans, et surtout ne g\u00e9n\u00e9ralisons pas, si la baronne de l\u2019Aigle tient pour la France contre la Comt\u00e9, son pays, si le baron De LAUDES n\u2019est pas un soldat, mais un bandit, nous trouvons en face Messire De MANDRE et son fils Claude Humbert braves soldats et ardents d\u00e9fenseurs de la Comt\u00e9.<\/p>\n<p>Comme nous l\u2019avons vu pr\u00e9c\u00e9demment, Claude Fran\u00e7oise De L&rsquo;AUBESPIN, baronne de l\u2019Aigle, \u00e9tant du cot\u00e9 des Fran\u00e7ais, refusa de mettre une garnison d\u00e9fensive dans son ch\u00e2teau de l\u2019Aigle (pr\u00e8s de la Chaux du Dombief) et se retira en sa maison forte d\u2019Etival en 1638. Elle y v\u00e9cut s\u00e9par\u00e9e de son mari et \u00e9loign\u00e9e de son fils Claude-Humbert De MANDRE, vraisemblablement jusqu\u2019\u00e0 sa mort qui arriva en 1668. Messire Claude-Philibert DUNOD (fr\u00e8re de l\u2019historien DUNOD), qui avait succ\u00e9d\u00e9 \u00e0 son fr\u00e8re Jacques DUNOD, comme cur\u00e9 de Soucia, fut appel\u00e9 le 4 avril 1667 \u00e0 Etival aupr\u00e8s du lit de mort de dame Claude-Fran\u00e7oise De L&rsquo;AUBESPIN baronne de l\u2019Aigle, qui voulut le rendre d\u00e9positaire de ses derni\u00e8res volont\u00e9s.<\/p>\n<p>La gloire de ce personnage n\u2019a pas perc\u00e9 l\u2019ombre des ann\u00e9es, mais voici l\u2019acte contenant ses derni\u00e8res volont\u00e9s. Comme expression des m\u0153urs de son temps, hasardons-nous \u00e0 l\u2019analyse de cette page.<br \/>\n\u00ab\u00a0Elle y charge le pasteur de Soucia d\u2019o\u00f9 d\u00e9pendait la chapellenie d\u2019Estival de l\u2019inhumer dans la chapelle dud\u2019 Estival et de lui faire des fun\u00e9railles selon sa condition, elle destine \u00e0 cet effet une centaine de francs?\u00a0\u00bb Ce qui \u00e9tait peut-\u00eatre beaucoup pour l\u2019\u00e9poque, car c\u2019\u00e9tait un temps de ruines \u00e0 cause des guerres, des famines et des pestes qui avaient si longtemps d\u00e9cim\u00e9 le pays. \u00ab\u00a0Elle le charge aussi de c\u00e9l\u00e9brer et de faire c\u00e9l\u00e9brer sans retard trois cents messes pour le repos de son \u00e2me. Elle offre de nouveau 500 livres aux carmes de Clairval-les-Vaudains, qui n\u2019avaient pas encore pris de r\u00e9solution sur la proposition qu\u2019elle leur avait faite de fonder chez eux un Salut tous les jeudis de l\u2019ann\u00e9e : et en cas de non-acceptation elle recommandait \u00e0 son h\u00e9ritier d\u2019appliquer ces 500 livres \u00e0 toute autre fondation au profit de son \u00e2me. Elle entend qu\u2019a son quarantal, six pauvres habill\u00e9s \u00e0 ses frais porterons chacun un flambeau de cire blanche.<br \/>\nElle priait le cur\u00e9 Dunod de r\u00e9gler les comptes de ses serviteurs et servantes et de tenir la main \u00e0 ce que son h\u00e9ritier s\u2019acquitt\u00e2t exactement de cette obligation. Elle lui fait en m\u00eame temps recommander par le digne pasteur de se montrer reconnaissant envers M. Lyon-Daniel-Martin des services qu\u2019elle en avait re\u00e7us.<br \/>\nElle le chargeait \u00e9galement de donner sa b\u00e9n\u00e9diction maternelle en son nom \u00e0 M. Claude-Humbert de Mandre son bien aym\u00e9 fils, de lui demander pardon \u00e0 son nom, et \u00e0 son nom lui pardonner. Et pour ce qu\u2019elle ne voulait souffrir la conversation dud\u2019 sieur son fils, elle en chargeait led\u2019 sieur cur\u00e9 luy dire en secret le subject.\u00a0\u00bb<br \/>\nClaude Fran\u00e7oise De L&rsquo;AUBESPIN, baronne de l\u2019Aigle mourut le 8 avril, suivant et d\u2019apr\u00e8s sa derni\u00e8re volont\u00e9, son corps fut inhum\u00e9 \u00e0 la chapelle d\u2019Etival, ainsi que le confirme l\u2019acte de d\u00e9c\u00e8s et d\u2019inhumation au registre de la paroisse de Soucia :<\/p>\n<p><em>\u00ab\u00a0Baronna de Aquilla obiit 8 aprilis 1667, sepulta in choro Capill\u0153 d\u2019Estival, parochi\u0153 nostr\u0153\u00a0\u00bb<br \/>\n\u00ab\u00a0La baronne de l\u2019Aigle mourut le 8 avril 1667 elle fut enterr\u00e9e dans le c\u0153ur de la chapelle d\u2019Etival de notre paroisse. <\/em>(Soucia)<em>\u00a0\u00bb<\/em><\/p>\n<p><em>\u00a0<\/em>Son fils Claude Humbert De MANDRE son h\u00e9ritier vint habiter son ch\u00e2teau d\u2019Etival, ainsi que le prouve l\u2019acte de bapt\u00eame suivant, dont voici la traduction<br \/>\n<em>\u00ab\u00a0Le 3 des ides de mai 1669, fut baptis\u00e9 Claude-Humbert Bunod, son parrain fut g\u00e9n\u00e9reux seigneur Claude-Humbert de Mandre, baron de l\u2019Aigle, il \u00e9tait pr\u00e9sent.\u00a0\u00bb<br \/>\n<\/em>Ardent d\u00e9fenseur de la Franche-Comt\u00e9 dans la guerre de dix ans. Claude Humbert De MANDRE n\u2019avait rien perdu de sa vaillance, lorsqu\u2019en 1668 les arm\u00e9es de Louis XIV envahissent la Comt\u00e9.<br \/>\nTandis que Claude Paul De BEAUFFREMONT s\u2019allia en 1668 \u00e0 d\u2019autres seigneurs pour livrer la province \u00e0 Louis XIV, Claude Humbert De MANDRE fid\u00e8le \u00e0 son pays, organise la d\u00e9fense \u00e0 Etival m\u00eame. Il r\u00e9unit les milices locales les organise et les exerce au maniement des armes, sous les ordres de Henri De LESAY, capitaine n\u00e9 de la terre de Saint-Claude, qui poss\u00e9dait des terres ou tout au moins un moulin \u00e0 <strong>\u00ab\u00a0La Croch\u00e8re\u00a0\u00bb<\/strong>, ou encore sous ceux de Jacques Antoine De MAISOD, le principal h\u00e9ros de cette guerre en nos montagnes.<br \/>\nClaude Humbert avec un chef San-Claudien BONGUYOT, fait d\u2019Etival un centre de r\u00e9sistance. Il est en relation aussi avec LACUZON et lui donne le droit d\u2019habiter son ch\u00e2teau des Ronchaux ainsi que l\u2019indique le document suivant.<\/p>\n<p>D\u00f4le s\u2019\u00e9tait rendu le 14 f\u00e9vrier 1668, Gray le 19 f\u00e9vrier, le 21 f\u00e9vrier, LACUZON qui se trouvait \u00e0 Saint-Laurent la Roche, \u00e9crit de nouveau et avec vives insistances aux \u00e9chevins de Moirans, afin d\u2019obtenir des munitions :<br \/>\n\u00ab\u00a0Les embarrats o\u00f9 je me voits engag\u00e9 maintenant ne me permettent pas de vous faire grand compliment. D\u00e9livrez \u00e0 ces pourteurs trois cents livres de poudre et d\u2019avantage si vous pouvez; Vous sav\u00e9 qu\u2019en ces rencontres il ne faut rien \u00e9pargner. Je promets de nouveau d\u2019engager tous mes biens pour assurance du paiement. (J\u2019ay de la vaisselle d\u2019argent \u00e0 Ronchaud, dans la maison de Mme de l\u2019Aigle), plus que suffisante pour satisfaire \u00e0 cet effet. D\u2019ailleurs M. de Chisey qui est pr\u00e9sent ici, cautionne la quantit\u00e9 de pouldre qui me sera d\u00e9livr\u00e9, et pour ce, oblige avec moy ses biens.\u00a0\u00bb<br \/>\nLe Sieur De CHISEY signe seul la lettre et LACUZON y appose son cachet. Les \u00e9chevins de Moirans ne purent envoyer que 170 livres de poudre.<br \/>\nA peine les arm\u00e9es fran\u00e7aises ont-elles quitt\u00e9 la terre de la Franche-Comt\u00e9, Claude Humbert De MANDRE r\u00e9organise la d\u00e9fense. Au nom de sa majest\u00e9 d\u2019Espagne, il l\u00e8ve des impositions de guerre \u00e0 Etival.<br \/>\nClaude Humbert De MANDRE avait \u00e9pous\u00e9 Claire Humberte De POLIGNY, qui mourut \u00e0 Meynal le 17 f\u00e9vrier 1682. Sur la tombe plac\u00e9e en l\u2019\u00e9glise de Meynal elle est inscrite comme veuve de Claude Humbert De MANDRE seigneur de l\u2019Aigle.<\/p>\n<p>Retour \u00e0 la rubrique <a title=\"Les Seigneurs d\u2019Etival-Ronchaux\" href=\"https:\/\/etival-ronchaux.fr\/?page_id=123\">\u00ab\u00a0Seigneurs d&rsquo;Etival-Ronchaux\u00a0\u00bb<\/a>.<\/p>\n","protected":false},"excerpt":{"rendered":"<p>1912-07 FAMILLE DE LAUBESPIN En m\u00eame temps que les De RONCHAUX et les De GOUSSERRE, une autre famille noble poss\u00e9dait des terres \u00e0 Etival, celle des De L&rsquo;AUBESPIN. Cette famille de vieille noblesse, qui tire son nom d\u2019un petit village &hellip; <a href=\"https:\/\/etival-ronchaux.fr\/?page_id=129\">Continuer la lecture <span class=\"meta-nav\">&rarr;<\/span><\/a><\/p>\n","protected":false},"author":1,"featured_media":0,"parent":123,"menu_order":6,"comment_status":"closed","ping_status":"closed","template":"","meta":{"footnotes":""},"class_list":["post-129","page","type-page","status-publish","hentry"],"_links":{"self":[{"href":"https:\/\/etival-ronchaux.fr\/index.php?rest_route=\/wp\/v2\/pages\/129","targetHints":{"allow":["GET"]}}],"collection":[{"href":"https:\/\/etival-ronchaux.fr\/index.php?rest_route=\/wp\/v2\/pages"}],"about":[{"href":"https:\/\/etival-ronchaux.fr\/index.php?rest_route=\/wp\/v2\/types\/page"}],"author":[{"embeddable":true,"href":"https:\/\/etival-ronchaux.fr\/index.php?rest_route=\/wp\/v2\/users\/1"}],"replies":[{"embeddable":true,"href":"https:\/\/etival-ronchaux.fr\/index.php?rest_route=%2Fwp%2Fv2%2Fcomments&post=129"}],"version-history":[{"count":9,"href":"https:\/\/etival-ronchaux.fr\/index.php?rest_route=\/wp\/v2\/pages\/129\/revisions"}],"predecessor-version":[{"id":944,"href":"https:\/\/etival-ronchaux.fr\/index.php?rest_route=\/wp\/v2\/pages\/129\/revisions\/944"}],"up":[{"embeddable":true,"href":"https:\/\/etival-ronchaux.fr\/index.php?rest_route=\/wp\/v2\/pages\/123"}],"wp:attachment":[{"href":"https:\/\/etival-ronchaux.fr\/index.php?rest_route=%2Fwp%2Fv2%2Fmedia&parent=129"}],"curies":[{"name":"wp","href":"https:\/\/api.w.org\/{rel}","templated":true}]}}