{"id":136,"date":"2014-11-01T17:01:01","date_gmt":"2014-11-01T16:01:01","guid":{"rendered":"https:\/\/etival-ronchaux.fr\/?page_id=136"},"modified":"2020-08-02T17:50:32","modified_gmt":"2020-08-02T16:50:32","slug":"batiments","status":"publish","type":"page","link":"https:\/\/etival-ronchaux.fr\/?page_id=136","title":{"rendered":"B\u00e2timents (Monographie)"},"content":{"rendered":"<h5><a title=\"L\u2019ancienne chapelle\" href=\"https:\/\/etival-ronchaux.fr\/?page_id=146\">Ancienne chapelle<\/a> &#8211; <a title=\"l\u2019 ancienne \u00e9glise\" href=\"https:\/\/etival-ronchaux.fr\/?page_id=152\">Ancienne \u00e9glise<\/a> &#8211;<a title=\"Le cimeti\u00e8re.\" href=\"https:\/\/etival-ronchaux.fr\/?page_id=297\"> Cimeti\u00e8re<\/a> &#8211; <a title=\"l\u2019 Eglise.\" href=\"https:\/\/etival-ronchaux.fr\/?page_id=138\">Nouvelle \u00e9glise<\/a> &#8211; <a title=\"Le presbyt\u00e8re.\" href=\"https:\/\/etival-ronchaux.fr\/?page_id=172\">Presbyt\u00e8re<\/a> &#8211; <a title=\"Le ch\u00e2teau des Ronchaux.\" href=\"https:\/\/etival-ronchaux.fr\/?page_id=144\">Ch\u00e2teau Ronchaux<\/a> &#8211;<a title=\"Le ch\u00e2teau d\u2019 Etival et Famille Mar\u00e9chal.\" href=\"https:\/\/etival-ronchaux.fr\/?page_id=176\">Ch\u00e2teau d&rsquo;Etival&nbsp;<\/a> <a title=\"Le Foyer.\" href=\"https:\/\/etival-ronchaux.fr\/?page_id=115\">Foyer<\/a><\/h5>\n","protected":false},"excerpt":{"rendered":"<p>Ancienne chapelle &#8211; Ancienne \u00e9glise &#8211; Cimeti\u00e8re &#8211; Nouvelle \u00e9glise &#8211; Presbyt\u00e8re &#8211; Ch\u00e2teau Ronchaux &#8211;Ch\u00e2teau d&rsquo;Etival&nbsp; Foyer<\/p>\n","protected":false},"author":1,"featured_media":0,"parent":104,"menu_order":20,"comment_status":"closed","ping_status":"closed","template":"","meta":{"footnotes":""},"class_list":["post-136","page","type-page","status-publish","hentry"],"_links":{"self":[{"href":"https:\/\/etival-ronchaux.fr\/index.php?rest_route=\/wp\/v2\/pages\/136","targetHints":{"allow":["GET"]}}],"collection":[{"href":"https:\/\/etival-ronchaux.fr\/index.php?rest_route=\/wp\/v2\/pages"}],"about":[{"href":"https:\/\/etival-ronchaux.fr\/index.php?rest_route=\/wp\/v2\/types\/page"}],"author":[{"embeddable":true,"href":"https:\/\/etival-ronchaux.fr\/index.php?rest_route=\/wp\/v2\/users\/1"}],"replies":[{"embeddable":true,"href":"https:\/\/etival-ronchaux.fr\/index.php?rest_route=%2Fwp%2Fv2%2Fcomments&post=136"}],"version-history":[{"count":4,"href":"https:\/\/etival-ronchaux.fr\/index.php?rest_route=\/wp\/v2\/pages\/136\/revisions"}],"predecessor-version":[{"id":1070,"href":"https:\/\/etival-ronchaux.fr\/index.php?rest_route=\/wp\/v2\/pages\/136\/revisions\/1070"}],"up":[{"embeddable":true,"href":"https:\/\/etival-ronchaux.fr\/index.php?rest_route=\/wp\/v2\/pages\/104"}],"wp:attachment":[{"href":"https:\/\/etival-ronchaux.fr\/index.php?rest_route=%2Fwp%2Fv2%2Fmedia&parent=136"}],"curies":[{"name":"wp","href":"https:\/\/api.w.org\/{rel}","templated":true}]}}