{"id":138,"date":"2014-11-01T17:02:30","date_gmt":"2014-11-01T16:02:30","guid":{"rendered":"https:\/\/etival-ronchaux.fr\/?page_id=138"},"modified":"2015-03-23T22:42:16","modified_gmt":"2015-03-23T21:42:16","slug":"eglise","status":"publish","type":"page","link":"https:\/\/etival-ronchaux.fr\/?page_id=138","title":{"rendered":"l&rsquo; Eglise."},"content":{"rendered":"<p><a title=\"Cloches\" href=\"https:\/\/etival-ronchaux.fr\/?page_id=142\">Cloches<\/a>&#8211;<a title=\"Ma\u00eetre-Autel, chaire\u2026\" href=\"https:\/\/etival-ronchaux.fr\/?page_id=155\">Autel &amp; Chair<\/a>e-<a title=\"Chemin de Croix\" href=\"https:\/\/etival-ronchaux.fr\/?page_id=140\">Chemin de Croix<\/a>&#8211;<a title=\"Horloge du clocher.\" href=\"https:\/\/etival-ronchaux.fr\/?page_id=159\">Horloge<\/a>-R\u00e9capitulatif<\/p>\n<p><span style=\"color: #ff0000;\">1922-01<\/span><\/p>\n<p>Apr\u00e8s les diverses d\u00e9lib\u00e9rations des communes co-paroissiales, le conseil de fabrique invit\u00e9 \u00e0 donner son avis, se r\u00e9unit le 5 ao\u00fbt 1824 pour d\u00e9lib\u00e9rer \u00e0 cet effet.<br \/>\nApr\u00e8s avoir fait ressortir une fois de plus l&rsquo;\u00e9tat de d\u00e9labrement de l&rsquo;ancienne \u00e9glise, son insuffisance \u00e0 contenir les fid\u00e8les de la paroisse, l&rsquo;impossibilit\u00e9 de la r\u00e9parer, comme aussi de l&rsquo;agrandir pour \u00eatre adoss\u00e9e \u00e0 une maison particuli\u00e8re d&rsquo;un cot\u00e9 et de l&rsquo;autre bord\u00e9e par le chemin : Le conseil de Fabrique &#8211; J-B Girard, Claude Perrin, Boniface Chanut et Girard maire &#8211; Emet son v\u0153u pour la construction d&rsquo;une nouvelle \u00e9glise, laquelle sera plac\u00e9e dans un lieu appel\u00e9 \u00ab\u00a0Sur Roches\u00a0\u00bb ou \u00ab\u00a0Sur Les Rochers\u00a0\u00bb, emplacement tr\u00e8s convenable tant par commodit\u00e9 pour toute la paroisse, que par la salubrit\u00e9, la solidit\u00e9 du terrain pour un tel \u00e9difice et la distance qu&rsquo;elle s&rsquo;en trouvera des autres b\u00e2timents.<\/p>\n<p>Sur avis favorable, enfin en 1824 fut \u00e9tabli un devis estimatif des ouvrages \u00e0 faire pour la construction d&rsquo;une \u00e9glise dans le village d&rsquo;Etival, suivant les nouveaux plans recommand\u00e9s sur les observations du Conseil de B\u00e2timent. Avis du Ministre de l&rsquo;Int\u00e9rieur du 7 d\u00e9cembre 1824. R\u00e9dig\u00e9 \u00e0 St-Claude le 15 juin 1825, l&rsquo;architecte de l&rsquo;arrondissement &#8211; Dalloz. Adjudicataire M.Piard percepteur le 20 octobre 1826 &#8211; L&rsquo;adjudication des travaux fut donn\u00e9e par proc\u00e8s-verbal du 20 septembre 1825, approuv\u00e9 le 27 octobre \u00e0 : Claude-Antoine-Fr\u00e9d\u00e9ric Benoit de Saint-Claude et Louis-Simon Dronier de Moirans associ\u00e9s, moyennant la somme de 24.200Fr. Leur caution fut le sieur Fran\u00e7ois-Joseph Piard de Ch\u00e2tel de Joux (la Croch\u00e8re).<\/p>\n<p>Les entrepreneurs pr\u00e9par\u00e8rent aussit\u00f4t les divers mat\u00e9riaux et le 14 mai 1826 jour de la Pentec\u00f4te M.Clerc desservant b\u00e9nit la premi\u00e8re pierre de la nouvelle \u00e9glise.<br \/>\nJe donnerai dans le prochain bulletin le proc\u00e8s-verbal de cette b\u00e9n\u00e9diction<br \/>\nMais trois longues ann\u00e9es devaient s&rsquo;\u00e9couler avant l&rsquo;ach\u00e8vement du gros \u0153uvre et cela par la faute des entrepreneurs.<br \/>\nEn effet par arr\u00eat\u00e9 du 20 mai 1828 le conseil de pr\u00e9fecture a r\u00e9sili\u00e9 la premi\u00e8re adjudication avec dommages-int\u00e9r\u00eats faute par les entrepreneurs d&rsquo;en avoir ex\u00e9cuter les conditions.<br \/>\nLes travaux restant \u00e0 ex\u00e9cuter \u00e9valu\u00e9s \u00e0 9795Fr, furent mis en adjudication nouvelle par proc\u00e8s-verbal du 1er juillet 1828 approuv\u00e9 le 17 du m\u00eame mois. Fran\u00e7ois Daclin de Cognat en fut adjudicataire moyennant 8980Fr.<\/p>\n<p><span style=\"color: #ff0000;\">1922-02<\/span><br \/>\nL\u2019adjudication donn\u00e9e, les entrepreneurs pr\u00e9par\u00e8rent aussit\u00f4t les divers mat\u00e9riaux, et le 14 mai1826, jour de la Pentec\u00f4te, M. Clerc, desservant, b\u00e9nit la premi\u00e8re pierre de la nouvelle \u00e9glise d\u2019Etival. La coutume de b\u00e9nir la premi\u00e8re pierre d\u2019un \u00e9difice est tr\u00e8s ancienne dans l\u2019Eglise qui a en son rituel des pri\u00e8res et une b\u00e9n\u00e9diction sp\u00e9ciale. Quand un homme sage veut \u00e9lever une maison, il commence par \u00e9tablir de solides fondations, il veille \u00e0 la pose de la pierre angulaire qui fera la solidit\u00e9 de l\u2019\u00e9difice. D\u2019o\u00f9 vient que la pose purement la\u00efque de la premi\u00e8re pierre d\u2019un \u00e9difice rev\u00eat toujours un certain caract\u00e8re, une certaine solennit\u00e9, o\u00f9 l\u2019on voit un personnage marquant mettre avec une truelle d\u2019argent quelque peu de mortier pour sceller la premi\u00e8re pierre. Ainsi l\u2019Eglise connaissant les paroles du psalmiste <em>\u00ab Nisi Dominus\u2026 Si le Seigneur n\u2019\u00e9difie la maison, c\u2019est en vain que travailleront ceux qui veulent la b\u00e2tir.\u00bb<\/em> L\u2019Eglise, a \u00e9tabli une b\u00e9n\u00e9diction par laquelle elle consacre, d\u00e8s la base, l\u2019\u00e9difice qu\u2019on veut \u00e9lever \u00e0 Celui qui a pos\u00e9 les assises in\u00e9branlables des milliers de mondes qui remplissent l\u2019univers. G\u00e9n\u00e9ralement, \u00e0 l\u2019issue de la c\u00e9r\u00e9monie, on renferme en une bouteille une copie du proc\u00e8s-verbal de b\u00e9n\u00e9diction sign\u00e9 des t\u00e9moins, avec quelques m\u00e9dailles ou images pieuses et une pi\u00e8ce de monnaie au mill\u00e9sime et la bouteille est scell\u00e9e en une niche m\u00e9nag\u00e9e dans la premi\u00e8re pi\u00e8ce. C\u2019est ainsi qu\u2019il fut fait pour la maison paroissiale en 1913. Voici maintenant copie du proc\u00e8s-verbal de la b\u00e9n\u00e9diction de la premi\u00e8re pierre de l\u2019\u00e9glise d\u2019Etival\u00a0:<\/p>\n<p><em> \u00abL\u2018an 1826, le 14 de mai, d\u2019apr\u00e8s l\u2019invitation faite \u00e0 Monsieur le Grand Vicaire de Mgr l\u2019Ev\u00eaque de St-Claude, Monseigneur absent de son si\u00e8ge pour \u00eatre en visite dans son dioc\u00e8se, nous a d\u00e9put\u00e9 pour cette c\u00e9r\u00e9monie le 13 mai, comme ne pouvant s\u2019y rendre, et d\u2019apr\u00e8s l\u2019invitation de M. le maire et de l\u2019adjudicataire de l\u2019\u00e9difice, ce que nous avons fait solennellement le saint jour de la Pentec\u00f4te apr\u00e8s les V\u00eapres dits, par une procession g\u00e9n\u00e9rale o\u00f9 tous les habitants de la paroisse ont assist\u00e9s avec \u00e9dification et contentement. La b\u00e9n\u00e9diction faite, de retour \u00e0 l\u2019\u00e9glise on a donn\u00e9 la B\u00e9n\u00e9diction du T. S. Sacrement et chacun s\u00e8 retir\u00e9e fort content et satisfait du progr\u00e8s que leur \u00e9difice allait s\u2019avancer et que dans peu de temps c\u2019est \u00e0 dire l\u2019espace de dix huit mois on y c\u00e9l\u00e9brerait les saints myst\u00e8res. Toutes les authorit\u00e9s y ont assist\u00e9 en c\u00e9r\u00e9monie et ont promis leur protection aux entrepreneurs et gouverneurs de la ditte \u00e9glise pour les porter \u00e0 y apporter tous les soins et vigilance dont ils \u00e9taient capables pour que l\u2019\u00e9difice ne languit pas longtemps (comme par leur g\u00e9n\u00e9rosit\u00e9)?? transcrit sur le registre pour un m\u00e9morial durable tant pour les vivants actuels que pour ceux qui viendront \u00e0 la suite de la susdite b\u00e9n\u00e9diction\u00a0: et ont sign\u00e9 avec nous cur\u00e9 d\u00e9sservant la paroisse d\u2019Etival \u00bb Clerc, cur\u00e9 d\u2019Etival. <\/em><\/p>\n<p>Le susdit proc\u00e8s-verbal fait sans aucun doute apr\u00e8s la c\u00e9r\u00e9monie, ne compte pas les autres signatures indiqu\u00e9es. Et M. Clerc qui venait de proc\u00e9der \u00e0 la b\u00e9n\u00e9diction de la premi\u00e8re pierre ne devait pas se trouver \u00e0 la cons\u00e9cration de l\u2019\u00e9glise, il fut en effet nomm\u00e9 \u00e0 la cure de Cinqu\u00e9tral au mois de septembre de cette m\u00eame ann\u00e9e 1826.<\/p>\n<p><span style=\"color: #ff0000;\">1922-03<\/span><br \/>\nCommenc\u00e9e en 1826, l&rsquo;Eglise fut en 1829 achev\u00e9e en ses parties essentielles et rendue propice \u00e0 l&rsquo;exercice du culte. Le 12 du mois d&rsquo;ao\u00fbt 1829 elle fut consacr\u00e9e par Mgr Antoine Jacques de Chamon, \u00e9v\u00eaque de Saint-Claude dont suit l&rsquo;acte, trop court pour pareille c\u00e9r\u00e9monie.(Voir vie religieuse)<\/p>\n<p><span style=\"color: #ff0000;\">1922-04<\/span><\/p>\n<p>Le ma\u00eetre autel n\u00e9cessaire pour la cons\u00e9cration de l\u2019\u00e9glise et son ouverture aux exercices du culte fut ex\u00e9cut\u00e9 et plac\u00e9 par M. F\u00e9lix Boudon, n\u00e9gociant propri\u00e9taire des carri\u00e8res et scieries de marbre de C\u00fcelant, commune de Chassal. Il a co\u00fbt\u00e9 2 400 Fr. Pour ce m\u00eame prix, le constructeur devait placer \u00e0 chaque extr\u00e9mit\u00e9 de retable, un ange adorateur, et sur le d\u00f4me une croix en cuivre. Pourquoi cette partie du devis n\u2019a-t-elle pas \u00e9t\u00e9 ex\u00e9cut\u00e9, je ne saurais le dire. Le gros \u0153uvre et le ma\u00eetre autel \u00e9taient achev\u00e9s, l\u2019\u00e9glise ouverte au culte et consacr\u00e9e au Seigneur. Deux belles cloches \u00e9taient venues joindre leur voix et leurs accords au son argentin de l\u2019antique cloche de la chapelle de Notre Dame d\u2019Etival (1698), mais comme nous l\u2019apprend une d\u00e9cision du Conseil de Fabrique, il manquait encore deux autels lat\u00e9raux et une chaire \u00e0 pr\u00eacher. La chaire de l\u2019ancienne \u00e9glise se trouvait dans un tel \u00e9tat de v\u00e9tust\u00e9 qu\u2019elle n\u2019avait pu \u00eatre transport\u00e9e et plac\u00e9e dans la nouvelle \u00e9glise. Le 24 octobre 1835, le Conseil municipal d\u2019Etival prend une d\u00e9lib\u00e9ration favorable \u00e0 la demande du Conseil de Fabrique. Celui de Ch\u00e2tel de Joux (toujours pour le m\u00eame motif de ne vouloir pas embellir un pays qui n\u2019est point le leur, tout en voulant profiter des avantages sans bourse d\u00e9lier) refuse de d\u00e9lib\u00e9rer. N\u00e9anmoins les deux autels collat\u00e9raux et la chaire furent construits et plac\u00e9s. Ils furent ex\u00e9cut\u00e9s en bois par le sieur Rolland Forestier, sculpteur \u00e0 Lons le Saunier, pour la somme de 1 830 Fr. Les deux autels plac\u00e9s dans le courant d\u2019octobre 1835 furent b\u00e9nis le 25 mars 1836. Le m\u00eame sculpteur fournit aussi le grand Christ plac\u00e9 en face de la chaire au prix de 370 Fr.<\/p>\n<p>La nouvelle \u00e9glise d\u00e9di\u00e9e comme l\u2019antique chapelle \u00e0 Notre Dame d\u2019Etival (Assomption de la Bienheureuse Vierge Marie) \u00e9levait fi\u00e8rement vers le ciel son d\u00f4me et son beffroi o\u00f9 trois cloches font entendre encore, tant\u00f4t de joyeux carillons, tant\u00f4t le chant lugubre des morts. La chaire \u00e9tait sculpt\u00e9e avec aux panneaux, les quatre \u00e9vang\u00e9listes et leurs embl\u00e8mes. Le Christ attach\u00e9 \u00e0 une croix monumentale, pr\u00e9sidait \u00e0 la pri\u00e8re. D\u00e8s l\u2019ann\u00e9e 1840, les fid\u00e8les pouvaient s\u2019agenouiller et s\u2019asseoir dans des bancs neufs et \u00e9l\u00e9gamment travaill\u00e9s, plac\u00e9s dans la grand nef. Ce ne fut qu\u2019en 1860 et 1861 que furent ex\u00e9cut\u00e9s, sur le mod\u00e8le des premiers les bancs des nefs collat\u00e9rales. Ce fut M. Jeantel, de Moirans, qui ex\u00e9cuta ce travail pour la somme de 310 Fr. Bien qu\u2019\u00e0 cette \u00e9poque (1830) les mati\u00e8res premi\u00e8res et la main d\u2019\u0153uvre co\u00fbtassent moins cher que pr\u00e9sentement, on con\u00e7oit que le prix de la construction d\u2019une \u00e9glise de la grandeur de celle d\u2019Etival, de son am\u00e9nagement et de son ornementation int\u00e9rieure, d\u00fbt monter \u00e0 une somme assez forte. Voici seulement quelques chiffres relatifs aux d\u00e9penses.<\/p>\n<ul>\n<li>Gros \u0153uvre : 25 428 Fr.<\/li>\n<li>Ma\u00eetre Autel : 2 400 Fr.<\/li>\n<li>Autels collat\u00e9raux, Chaire et Christ : 2 200 Fr.<\/li>\n<li>Deux cloches : 7 260 Fr.<\/li>\n<li>Achat de chandeliers et autres ornements : 1 010 Fr.<\/li>\n<li>Divers sommes auxquelles il faut ajouter quelques r\u00e9parations au presbyt\u00e8re et achat de terrain pour agrandissement du cimeti\u00e8re, total g\u00e9n\u00e9ral : 41 935 Fr.<\/li>\n<\/ul>\n<p>Cette somme importante pour l\u2019\u00e9poque fut pay\u00e9e par la commune d\u2019Etival, moins, toutefois la somme de 4 500 Fr. que, apr\u00e8s une longue proc\u00e9dure administrative, la commune de Ch\u00e2tel de Joux fut contrainte de verser en 1862.<\/p>\n<p><span style=\"color: #ff0000;\">1922-06<\/span><\/p>\n<p>En 1900 furent ex\u00e9cut\u00e9s d&rsquo;importants travaux de r\u00e9parations \u00e0 l&rsquo;\u00e9glise et au presbyt\u00e8re pour la somme de 7 200 fr. sans compter les impr\u00e9vus. Martelage en zinc du c\u00f4t\u00e9 du couchant ex\u00e9cut\u00e9 par M. Besson ferblantier \u00e0 Clairvaux, jointoyage de la fa\u00e7ade du clocher.<\/p>\n<p>Au mois d&rsquo;avril 1912 furent plac\u00e9es les 4 fen\u00eatres \u00e0 meneaux qui \u00e9clairent les nefs basses. Ces fen\u00eatre en pierre blanche de Savoni\u00e8re furent ex\u00e9cut\u00e9es par M. Stephane Sage sculpteur \u00e0 Poligny au prix de 120 fr. l&rsquo;une. La vitrerie (verre blanc quadrill\u00e9) \u00e0 \u00e9t\u00e9 fourni par M. Bourdeau de Lons-le-Saunier et le grillage protecteur de l&rsquo;ext\u00e9rieur a \u00e9t\u00e9 plac\u00e9 par M. Crolet m\u00e9canicien serrurier \u00e0 Clairvaux. Total des prix d&rsquo;achats: 730 Fr. \u00e0 laquelle somme il faut ajouter les frais d&#8217;emballage, transport et pose.<\/p>\n<p>Le 8 d\u00e9cembre 1910,f\u00eate de l&rsquo;Immacul\u00e9e Conception et f\u00eate de la Congr\u00e9gation des hommes, inauguration de calorif\u00e8re de l&rsquo;\u00e9glise plac\u00e9 ainsi que la double porte ou tambour d&rsquo;entr\u00e9e, par les soins de M. Joseph Girard-Claudon maire de la commune. Cette double d\u00e9pense approuv\u00e9e par le Pr\u00e9fet fut pay\u00e9e sur la part de la somme du budget de Cultes revenant \u00e0 la commune d&rsquo;Etival.<br \/>\nOn ne pouvait faire de cette somme un meilleur emploi et la restituer de meilleure mani\u00e8re.<br \/>\nLe 29 mai 1910 fut b\u00e9nie solennellement la statue de Ste Jeanne d&rsquo;Arc.<br \/>\nLe 1er mars 1920, b\u00e9n\u00e9diction de la plaque comm\u00e9morative portant les noms des 14 enfants de la paroisse morts pour la France.<br \/>\nLe 23 mai 1920,b\u00e9n\u00e9diction de la statue de Bienheureux Jean-Marie Vianney, cur\u00e9 d&rsquo;Ars.<\/p>\n","protected":false},"excerpt":{"rendered":"<p>Cloches&#8211;Autel &amp; Chaire-Chemin de Croix&#8211;Horloge-R\u00e9capitulatif 1922-01 Apr\u00e8s les diverses d\u00e9lib\u00e9rations des communes co-paroissiales, le conseil de fabrique invit\u00e9 \u00e0 donner son avis, se r\u00e9unit le 5 ao\u00fbt 1824 pour d\u00e9lib\u00e9rer \u00e0 cet effet. Apr\u00e8s avoir fait ressortir une fois de &hellip; <a href=\"https:\/\/etival-ronchaux.fr\/?page_id=138\">Continuer la lecture <span class=\"meta-nav\">&rarr;<\/span><\/a><\/p>\n","protected":false},"author":1,"featured_media":0,"parent":136,"menu_order":6,"comment_status":"closed","ping_status":"closed","template":"","meta":{"footnotes":""},"class_list":["post-138","page","type-page","status-publish","hentry"],"_links":{"self":[{"href":"https:\/\/etival-ronchaux.fr\/index.php?rest_route=\/wp\/v2\/pages\/138","targetHints":{"allow":["GET"]}}],"collection":[{"href":"https:\/\/etival-ronchaux.fr\/index.php?rest_route=\/wp\/v2\/pages"}],"about":[{"href":"https:\/\/etival-ronchaux.fr\/index.php?rest_route=\/wp\/v2\/types\/page"}],"author":[{"embeddable":true,"href":"https:\/\/etival-ronchaux.fr\/index.php?rest_route=\/wp\/v2\/users\/1"}],"replies":[{"embeddable":true,"href":"https:\/\/etival-ronchaux.fr\/index.php?rest_route=%2Fwp%2Fv2%2Fcomments&post=138"}],"version-history":[{"count":11,"href":"https:\/\/etival-ronchaux.fr\/index.php?rest_route=\/wp\/v2\/pages\/138\/revisions"}],"predecessor-version":[{"id":637,"href":"https:\/\/etival-ronchaux.fr\/index.php?rest_route=\/wp\/v2\/pages\/138\/revisions\/637"}],"up":[{"embeddable":true,"href":"https:\/\/etival-ronchaux.fr\/index.php?rest_route=\/wp\/v2\/pages\/136"}],"wp:attachment":[{"href":"https:\/\/etival-ronchaux.fr\/index.php?rest_route=%2Fwp%2Fv2%2Fmedia&parent=138"}],"curies":[{"name":"wp","href":"https:\/\/api.w.org\/{rel}","templated":true}]}}