{"id":140,"date":"2014-11-01T17:05:19","date_gmt":"2014-11-01T16:05:19","guid":{"rendered":"https:\/\/etival-ronchaux.fr\/?page_id=140"},"modified":"2016-01-14T15:35:02","modified_gmt":"2016-01-14T14:35:02","slug":"chemin-de-croix","status":"publish","type":"page","link":"https:\/\/etival-ronchaux.fr\/?page_id=140","title":{"rendered":"Chemin de Croix"},"content":{"rendered":"<p>1922-05<\/p>\n<p>Le 14 ao\u00fbt 1859, il fut proc\u00e9d\u00e9 \u00e0 l&rsquo;\u00e9rection du chemin de croix actuel. Les tableaux ou stations, peint sur toile, furent ex\u00e9cut\u00e9s par le peintre VANDEL de Saint Claude pour la somme de 900 francs. Les cadres furent faits par MM GROS et THOMAS de Lons le Saunier, pour la somme de 500 francs. Le chemin de croix a donc co\u00fbt\u00e9 la somme 1.400 francs.<br \/>\nCette somme fut constitu\u00e9e d&rsquo;abord par une souscription paroissiale qui produisit 420 francs, puis par une vente d&rsquo;un champ (grev\u00e9 d&rsquo;une fondation de F.CHANUT) qui produisit 200 francs. La fabrique dut fournir le reste de la somme sur ses recettes ordinaires.<br \/>\nVoici l&rsquo;acte d&rsquo;\u00e9rection : <em>\u00ab\u00a0L&rsquo;an de N.S 1859 le 14 ao\u00fbt, nous soussign\u00e9s, Vuillemin Anatoile-Sylvain, cur\u00e9 de la paroisse d&rsquo;Etival, sp\u00e9cialement d\u00e9l\u00e9gu\u00e9 par Mgr Fillion, \u00e9v\u00eaque de Saint-Claude, pour \u00e9riger dans l&rsquo;\u00e9glise d&rsquo;Etival le nouveau chemin de croix \u00e0 la place de l&rsquo;ancien <\/em>(transf\u00e9r\u00e9 \u00e0 la chapelle de Ch\u00e2tel de Joux)<em>, vu la demande adress\u00e9e par nous \u00e0 monseigneur, vu le dipl\u00f4me accord\u00e9 par monseigneur en date du 20 juillet et dans lequel le Pr\u00e9lat d\u00e9clare \u00eatre autoris\u00e9 par un indulte en date du 23 avril 1858 pour \u00e9tablir et faire \u00e9tablir cette d\u00e9votion dans son dioc\u00e8se, avons fait solennellement la b\u00e9n\u00e9diction des croix et des tableaux en y appliquant les indulgences dont les Souverains Pontifes ont enrichi ces stations et les avons plac\u00e9es avec les c\u00e9r\u00e9monies accoutum\u00e9es, selon l&rsquo;ordre des stations en pr\u00e9sence de M.Martin, chanoine de St-Claude, qui a pr\u00e9sid\u00e9 la c\u00e9r\u00e9monie, Joseph-Alexis Bunod maire d&rsquo;Etival, Joseph-Alexis Girard-Claudon, Jean-Baptiste Cassabois, Jean-Baptiste Girard-Claudon, Fran\u00e7ois Perrin, lesquels ont sign\u00e9 avec nous-Martin chanoine, Vuillin cur\u00e9 d&rsquo;Etival.<\/p>\n<p><a href=\"https:\/\/etival-ronchaux.fr\/?page_id=780\"> (voir en images les r\u00e9alisations correspondants \u00e0 ce texte.)<\/a><br \/>\n<\/em><\/p>\n<p>Le 29 mai 1842, jour de la cl\u00f4ture de la premi\u00e8re mission solennelle donn\u00e9e dans la paroisse, deux croix ont \u00e9t\u00e9 b\u00e9nies l\u2019une plac\u00e9e devant l&rsquo;\u00e9glise et l&rsquo;autre sur le \u00ab\u00a0Molard Des Fourches\u00a0\u00bb, pr\u00e8s des Ronchaux.<br \/>\nLa premi\u00e8re en fer, en tout semblable ( proportions gard\u00e9es) \u00e0 la croix qui se dressait devant la cath\u00e9drale de Saint Claude, fut ex\u00e9cut\u00e9e par le sieur GRIFFON de Clairvaux, pour la somme de 380 francs. Le pi\u00e9destal fut ex\u00e9cut\u00e9 par J.B PIRON des Ronchaux au prix de 115 francs.<br \/>\nCelle Des Ronchaux, imitation de la pr\u00e9c\u00e9dente, est constitu\u00e9e d&rsquo;un cadre de fer avec lames int\u00e9rieures en bois. Le pi\u00e9destal fut fait par Andr\u00e9 DEVAUX des Ronchaux.<\/p>\n<p>&nbsp;<\/p>\n","protected":false},"excerpt":{"rendered":"<p>1922-05 Le 14 ao\u00fbt 1859, il fut proc\u00e9d\u00e9 \u00e0 l&rsquo;\u00e9rection du chemin de croix actuel. Les tableaux ou stations, peint sur toile, furent ex\u00e9cut\u00e9s par le peintre VANDEL de Saint Claude pour la somme de 900 francs. Les cadres furent &hellip; <a href=\"https:\/\/etival-ronchaux.fr\/?page_id=140\">Continuer la lecture <span class=\"meta-nav\">&rarr;<\/span><\/a><\/p>\n","protected":false},"author":1,"featured_media":0,"parent":138,"menu_order":5,"comment_status":"closed","ping_status":"closed","template":"","meta":{"footnotes":""},"class_list":["post-140","page","type-page","status-publish","hentry"],"_links":{"self":[{"href":"https:\/\/etival-ronchaux.fr\/index.php?rest_route=\/wp\/v2\/pages\/140","targetHints":{"allow":["GET"]}}],"collection":[{"href":"https:\/\/etival-ronchaux.fr\/index.php?rest_route=\/wp\/v2\/pages"}],"about":[{"href":"https:\/\/etival-ronchaux.fr\/index.php?rest_route=\/wp\/v2\/types\/page"}],"author":[{"embeddable":true,"href":"https:\/\/etival-ronchaux.fr\/index.php?rest_route=\/wp\/v2\/users\/1"}],"replies":[{"embeddable":true,"href":"https:\/\/etival-ronchaux.fr\/index.php?rest_route=%2Fwp%2Fv2%2Fcomments&post=140"}],"version-history":[{"count":4,"href":"https:\/\/etival-ronchaux.fr\/index.php?rest_route=\/wp\/v2\/pages\/140\/revisions"}],"predecessor-version":[{"id":782,"href":"https:\/\/etival-ronchaux.fr\/index.php?rest_route=\/wp\/v2\/pages\/140\/revisions\/782"}],"up":[{"embeddable":true,"href":"https:\/\/etival-ronchaux.fr\/index.php?rest_route=\/wp\/v2\/pages\/138"}],"wp:attachment":[{"href":"https:\/\/etival-ronchaux.fr\/index.php?rest_route=%2Fwp%2Fv2%2Fmedia&parent=140"}],"curies":[{"name":"wp","href":"https:\/\/api.w.org\/{rel}","templated":true}]}}