{"id":142,"date":"2014-11-01T17:07:43","date_gmt":"2014-11-01T16:07:43","guid":{"rendered":"https:\/\/etival-ronchaux.fr\/?page_id=142"},"modified":"2015-03-23T18:35:20","modified_gmt":"2015-03-23T17:35:20","slug":"horloge-du-clocher","status":"publish","type":"page","link":"https:\/\/etival-ronchaux.fr\/?page_id=142","title":{"rendered":"Cloches"},"content":{"rendered":"<p>La vieille cloche provenant de l&rsquo;ancienne \u00e9glise<br \/>\nsuite <span style=\"color: #ff0000;\">1919-09<\/span><\/p>\n<p>Elle mesure 0,65m de diam\u00e8tre \u00e0 la base sur 0,70m de hauteur, son ornementation comprend :<br \/>\n1\u00b0) Autour du cerveau un filet en creux, puis, plus bas, \u00e0 la couronne, un feston tr\u00e8s ouvrag\u00e9.<br \/>\n2\u00b0) Une inscription sur trois lignes encadr\u00e9es de filets.<br \/>\n3\u00b0) Aux quatre faces dans la couronne, les quatre \u00e9vang\u00e9listes avec leurs embl\u00e8mes distinctifs tr\u00e8s finement grav\u00e9s.<br \/>\n4\u00b0) D&rsquo;un c\u00f4t\u00e9 (au bas) une croix sans Christ, mais orn\u00e9e de mille arabesques, de l&rsquo;autre, la Vierge portant l&rsquo;enfant J\u00e9sus. Puis au m\u00eame niveau, entre la Croix et la Vierge, \u00e0 \u00e9gale distance, \u00e0 droite, un m\u00e9daillon repr\u00e9sentant un moine barbu au capuchon rabattu, le chapelet \u00e0 la ceinture et les yeux baiss\u00e9s sur un crucifix qu&rsquo;il tient \u00e0 la main, \u00e0 c\u00f4t\u00e9, une cellule surmont\u00e9e d&rsquo;une Croix. Ce doit \u00eatre Saint Antoine, patron de la chapelle des Crozets, que le parrain G\u00e9rard MARTIN, des Crozets, d\u00fb faire graver, \u00e0 gauche un deuxi\u00e8me m\u00e9daillon repr\u00e9sentant un Ev\u00eaque ou Abb\u00e9 mitr\u00e9, tenant de la main gauche une croix \u00e0 double croisillon et de la main droite avec trois doigts ouverts dans l&rsquo;attitude de la pr\u00e9dication. C&rsquo;est Saint-Claude, patron de la marraine, Claudine BARRAUX.<\/p>\n<p>Voici l&rsquo;inscription de cette vieille cloche :<br \/>\n\u201cSancta Maria, ora pro nobis<br \/>\nCette cloche appartient \u00e0 la communaut\u00e9 d&rsquo;Estival et Ronchaux<br \/>\nJ&rsquo;ai pris pour parrain G\u00e9rard Martin, des Crozets, conseiller au Pr\u00e9sidial de Lons-le-Saunier, et marraine Claudine Barraux, femme d&rsquo;Henry Mareschal, du Four-du-Plasne, r\u00e9sidant \u00e0 Estival<br \/>\nG\u00e9rard<br \/>\nHvard et Evremont m&rsquo;ont faict 1698\u00a0\u00bb<\/p>\n<p><span style=\"color: #ff0000;\">1922-03<\/span><\/p>\n<p>\u00abL&rsquo;an mil huit cent vingt-neuf et le 12 du mois d&rsquo;aout, l&rsquo;\u00e9glise neuve a \u00e9t\u00e9 consacr\u00e9e par Mgr l&rsquo;Ev\u00eaque de St-Claude en pr\u00e9sence d&rsquo;un nombreux clerg\u00e9 et des autorit\u00e9s locales.<\/p>\n<p>Le lendemain deux cloches ont \u00e9t\u00e9 b\u00e9nites par M. l&rsquo;abb\u00e9 de Ferroul-Montgaillard vicaire g\u00e9n\u00e9ral, la plus grosse a eu pour parrain M. Sylvain-Alexis Buffet, avocat et marraine : Mme Charlotte-Gabrielle de Saint-Vandelin \u00e9pouse de feu M. de Ronchaud. La moindre a eu pour parrain M.Louis-Fran\u00e7ois de Saint-Vandelin de Ronchaud et pour marraine Mlle Sophie-Xavi\u00e8re Buffet.<br \/>\nSign\u00e9 Beno\u00eet cur\u00e9 des Crozets Beno\u00eet cur\u00e9 d&rsquo;Etival J.Bunod maire\u00bbContrairement \u00e0 ce qui se fait d&rsquo;habitude ces cloches n&rsquo;ont pas re\u00e7u de nom de bapt\u00eame.<\/p>\n<p>Leur ornementation est identique<br \/>\n-Un filet entoure la calotte<br \/>\n-Au-dessous des noms des parrains et marraines une couronne avec pendentifs<br \/>\n-Au bas une guirlande ouvrag\u00e9e.<\/p>\n<p>La grosse a pour motif<br \/>\n-d&rsquo;un c\u00f4t\u00e9 un ostensoir avec deux anges adorateurs, \u00e0 l&rsquo;oppos\u00e9 un Christ avec deux vases de fleurs en relief<\/p>\n<p>La petite un crucifix, \u00e0 l&rsquo;oppos\u00e9 un m\u00e9daillon \u00ab\u00a0la Vierge m\u00e8re\u00a0\u00bb<\/p>\n<p>Ces deux cloches qui sont encore les cloches actuelles p\u00e8sent 1923kg, chaque battant 9 kg<br \/>\nd&rsquo;o\u00f9 un total 2018 kg \u00e0 3,30fr le kg = 6661 fr.<br \/>\nplus 2 cuirs chapes \u00e0 5fr,15<br \/>\nplus 500 lettres grav\u00e9es au burin total 6717 fr.<\/p>\n<p>La commune d&rsquo;Etival avait donn\u00e9 en 1830 et 1831 la somme de 7260 fr. d&rsquo;o\u00f9 en 1835 elle r\u00e9clama la diff\u00e9rence soit 543fr \u00e0 M.Joseph Fr\u00e8re-Jean, fondeur \u00e0 Lyon.<\/p>\n<p>Retour \u00e0 <a title=\"l\u2019 Eglise.\" href=\"https:\/\/etival-ronchaux.fr\/?page_id=138\">\u00ab\u00a0l&rsquo;\u00e9glise d&rsquo;Etival\u00a0\u00bb<\/a>.<\/p>\n","protected":false},"excerpt":{"rendered":"<p>La vieille cloche provenant de l&rsquo;ancienne \u00e9glise suite 1919-09 Elle mesure 0,65m de diam\u00e8tre \u00e0 la base sur 0,70m de hauteur, son ornementation comprend : 1\u00b0) Autour du cerveau un filet en creux, puis, plus bas, \u00e0 la couronne, un &hellip; <a href=\"https:\/\/etival-ronchaux.fr\/?page_id=142\">Continuer la lecture <span class=\"meta-nav\">&rarr;<\/span><\/a><\/p>\n","protected":false},"author":1,"featured_media":0,"parent":138,"menu_order":2,"comment_status":"closed","ping_status":"closed","template":"","meta":{"footnotes":""},"class_list":["post-142","page","type-page","status-publish","hentry"],"_links":{"self":[{"href":"https:\/\/etival-ronchaux.fr\/index.php?rest_route=\/wp\/v2\/pages\/142","targetHints":{"allow":["GET"]}}],"collection":[{"href":"https:\/\/etival-ronchaux.fr\/index.php?rest_route=\/wp\/v2\/pages"}],"about":[{"href":"https:\/\/etival-ronchaux.fr\/index.php?rest_route=\/wp\/v2\/types\/page"}],"author":[{"embeddable":true,"href":"https:\/\/etival-ronchaux.fr\/index.php?rest_route=\/wp\/v2\/users\/1"}],"replies":[{"embeddable":true,"href":"https:\/\/etival-ronchaux.fr\/index.php?rest_route=%2Fwp%2Fv2%2Fcomments&post=142"}],"version-history":[{"count":8,"href":"https:\/\/etival-ronchaux.fr\/index.php?rest_route=\/wp\/v2\/pages\/142\/revisions"}],"predecessor-version":[{"id":619,"href":"https:\/\/etival-ronchaux.fr\/index.php?rest_route=\/wp\/v2\/pages\/142\/revisions\/619"}],"up":[{"embeddable":true,"href":"https:\/\/etival-ronchaux.fr\/index.php?rest_route=\/wp\/v2\/pages\/138"}],"wp:attachment":[{"href":"https:\/\/etival-ronchaux.fr\/index.php?rest_route=%2Fwp%2Fv2%2Fmedia&parent=142"}],"curies":[{"name":"wp","href":"https:\/\/api.w.org\/{rel}","templated":true}]}}