{"id":155,"date":"2014-11-02T18:54:23","date_gmt":"2014-11-02T17:54:23","guid":{"rendered":"https:\/\/etival-ronchaux.fr\/?page_id=155"},"modified":"2015-02-19T22:38:40","modified_gmt":"2015-02-19T21:38:40","slug":"maitre-autel","status":"publish","type":"page","link":"https:\/\/etival-ronchaux.fr\/?page_id=155","title":{"rendered":"Ma\u00eetre-Autel, chaire&#8230;"},"content":{"rendered":"<p><span style=\"color: #ff0000;\">1922-04<\/span><\/p>\n<p>Le ma\u00eetre autel n\u00e9cessaire pour la cons\u00e9cration de l\u2019\u00e9glise et son ouverture aux exercices du culte fut ex\u00e9cut\u00e9 et plac\u00e9 par M. F\u00e9lix Boudon, n\u00e9gociant propri\u00e9taire des carri\u00e8res et scieries de marbre de C\u00fcelant, commune de Chassal. Il a co\u00fbt\u00e9 2 400 Fr. Pour ce m\u00eame prix, le constructeur devait placer \u00e0 chaque extr\u00e9mit\u00e9 de retable, un ange adorateur, et sur le d\u00f4me une croix en cuivre. Pourquoi cette partie du devis n\u2019a-t-elle pas \u00e9t\u00e9 ex\u00e9cut\u00e9, je ne saurais le dire. Le gros \u0153uvre et le ma\u00eetre autel \u00e9taient achev\u00e9s, l\u2019\u00e9glise ouverte au culte et consacr\u00e9e au Seigneur. Deux belles cloches \u00e9taient venues joindre leur voix et leurs accords au son argentin de l\u2019antique cloche de la chapelle de Notre Dame d\u2019Etival (1698), mais comme nous l\u2019apprend une d\u00e9cision du Conseil de Fabrique, il manquait encore deux autels lat\u00e9raux et une chaire \u00e0 pr\u00eacher. La chaire de l\u2019ancienne \u00e9glise se trouvait dans un tel \u00e9tat de v\u00e9tust\u00e9 qu\u2019elle n\u2019avait pu \u00eatre transport\u00e9e et plac\u00e9e dans la nouvelle \u00e9glise. Le 24 octobre 1835, le Conseil municipal d\u2019Etival prend une d\u00e9lib\u00e9ration favorable \u00e0 la demande du Conseil de Fabrique. Celui de Ch\u00e2tel de Joux (toujours pour le m\u00eame motif de ne vouloir pas embellir un pays qui n\u2019est point le leur, tout en voulant profiter des avantages sans bourse d\u00e9lier) refuse de d\u00e9lib\u00e9rer. N\u00e9anmoins les deux autels collat\u00e9raux et la chaire furent construits et plac\u00e9s. Ils furent ex\u00e9cut\u00e9s en bois par le sieur Rolland Forestier, sculpteur \u00e0 Lons le Saunier, pour la somme de 1 830 Fr. Les deux autels plac\u00e9s dans le courant d\u2019octobre 1835 furent b\u00e9nis le 25 mars 1836. Le m\u00eame sculpteur fournit aussi le grand Christ plac\u00e9 en face de la chaire au prix de 370 Fr.<\/p>\n<p>La nouvelle \u00e9glise d\u00e9di\u00e9e comme l\u2019antique chapelle \u00e0 Notre Dame d\u2019Etival (Assomption de la Bienheureuse Vierge Marie) \u00e9levait fi\u00e8rement vers le ciel son d\u00f4me et son beffroi o\u00f9 trois cloches font entendre encore, tant\u00f4t de joyeux carillons, tant\u00f4t le chant lugubre des morts. La chaire \u00e9tait sculpt\u00e9e avec aux panneaux, les quatre \u00e9vang\u00e9listes et leurs embl\u00e8mes. Le Christ attach\u00e9 \u00e0 une croix monumentale, pr\u00e9sidait \u00e0 la pri\u00e8re. D\u00e8s l\u2019ann\u00e9e 1840, les fid\u00e8les pouvaient s\u2019agenouiller et s\u2019asseoir dans des bancs neufs et \u00e9l\u00e9gamment travaill\u00e9s, plac\u00e9s dans la grand nef. Ce ne fut qu\u2019en 1860 et 1861 que furent ex\u00e9cut\u00e9s, sur le mod\u00e8le des premiers les bancs des nefs collat\u00e9rales. Ce fut M. Jeantel, de Moirans, qui ex\u00e9cuta ce travail pour la somme de 310 Fr. Bien qu\u2019\u00e0 cette \u00e9poque (1830) les mati\u00e8res premi\u00e8res et la main d\u2019\u0153uvre co\u00fbtassent moins cher que pr\u00e9sentement, on con\u00e7oit que le prix de la construction d\u2019une \u00e9glise de la grandeur de celle d\u2019Etival, de son am\u00e9nagement et de son ornementation int\u00e9rieure, d\u00fbt monter \u00e0 une somme assez forte. Voici seulement quelques chiffres relatifs aux d\u00e9penses.<\/p>\n<ul>\n<li>Gros \u0153uvre : 25 428 Fr.<\/li>\n<li>Ma\u00eetre Autel : 2 400 Fr.<\/li>\n<li>Autels collat\u00e9raux, Chaire et Christ : 2 200 Fr.<\/li>\n<li>Deux cloches : 7 260 Fr.<\/li>\n<li>Achat de chandeliers et autres ornements : 1 010 Fr.<\/li>\n<li>Divers sommes auxquelles il faut ajouter quelques r\u00e9parations au presbyt\u00e8re et achat de terrain pour agrandissement du cimeti\u00e8re, total g\u00e9n\u00e9ral : 41 935 Fr.<\/li>\n<\/ul>\n<p>Cette somme importante pour l\u2019\u00e9poque fut pay\u00e9e par la commune d\u2019Etival, moins, toutefois la somme de 4 500 Fr. que, apr\u00e8s une longue proc\u00e9dure administrative, la commune de Ch\u00e2tel de Joux fut contrainte de verser en 1862.<br \/>\nRetour \u00e0 <a title=\"l\u2019 Eglise.\" href=\"https:\/\/etival-ronchaux.fr\/?page_id=138\">\u00ab\u00a0l&rsquo;\u00e9glise d&rsquo;Etival\u00a0\u00bb<\/a>.<\/p>\n","protected":false},"excerpt":{"rendered":"<p>1922-04 Le ma\u00eetre autel n\u00e9cessaire pour la cons\u00e9cration de l\u2019\u00e9glise et son ouverture aux exercices du culte fut ex\u00e9cut\u00e9 et plac\u00e9 par M. F\u00e9lix Boudon, n\u00e9gociant propri\u00e9taire des carri\u00e8res et scieries de marbre de C\u00fcelant, commune de Chassal. Il a &hellip; <a href=\"https:\/\/etival-ronchaux.fr\/?page_id=155\">Continuer la lecture <span class=\"meta-nav\">&rarr;<\/span><\/a><\/p>\n","protected":false},"author":1,"featured_media":0,"parent":138,"menu_order":3,"comment_status":"closed","ping_status":"closed","template":"","meta":{"footnotes":""},"class_list":["post-155","page","type-page","status-publish","hentry"],"_links":{"self":[{"href":"https:\/\/etival-ronchaux.fr\/index.php?rest_route=\/wp\/v2\/pages\/155","targetHints":{"allow":["GET"]}}],"collection":[{"href":"https:\/\/etival-ronchaux.fr\/index.php?rest_route=\/wp\/v2\/pages"}],"about":[{"href":"https:\/\/etival-ronchaux.fr\/index.php?rest_route=\/wp\/v2\/types\/page"}],"author":[{"embeddable":true,"href":"https:\/\/etival-ronchaux.fr\/index.php?rest_route=\/wp\/v2\/users\/1"}],"replies":[{"embeddable":true,"href":"https:\/\/etival-ronchaux.fr\/index.php?rest_route=%2Fwp%2Fv2%2Fcomments&post=155"}],"version-history":[{"count":6,"href":"https:\/\/etival-ronchaux.fr\/index.php?rest_route=\/wp\/v2\/pages\/155\/revisions"}],"predecessor-version":[{"id":511,"href":"https:\/\/etival-ronchaux.fr\/index.php?rest_route=\/wp\/v2\/pages\/155\/revisions\/511"}],"up":[{"embeddable":true,"href":"https:\/\/etival-ronchaux.fr\/index.php?rest_route=\/wp\/v2\/pages\/138"}],"wp:attachment":[{"href":"https:\/\/etival-ronchaux.fr\/index.php?rest_route=%2Fwp%2Fv2%2Fmedia&parent=155"}],"curies":[{"name":"wp","href":"https:\/\/api.w.org\/{rel}","templated":true}]}}