{"id":212,"date":"2014-12-11T16:02:46","date_gmt":"2014-12-11T15:02:46","guid":{"rendered":"https:\/\/etival-ronchaux.fr\/?page_id=212"},"modified":"2015-05-17T21:51:07","modified_gmt":"2015-05-17T20:51:07","slug":"echevins-et-maires","status":"publish","type":"page","link":"https:\/\/etival-ronchaux.fr\/?page_id=212","title":{"rendered":"Echevins et Maires avec R\u00e9alisations"},"content":{"rendered":"<p><span style=\"color: #ff0000;\">1910-05<\/span><\/p>\n<p>Je crois int\u00e9ressant et instructif de donner la liste des \u00e9chevins et maires, administrateurs civils des communes<br \/>\nJe regrette de n&rsquo;avoir pu en d\u00e9couvrir les lettres de franchise.<br \/>\nMais une lettre conserv\u00e9e \u00e0 la mairie d&rsquo;Etival nous apprend tout au moins la date d&rsquo;affranchissement, par l&rsquo;abb\u00e9 de Saint-Claude Pierre MOREL 1er Seigneur et Haut-Justicier, des deux communaut\u00e9s d&rsquo;Etival et Ronchaux.<br \/>\nDans cette lettre \u00e9crite en 1854, un M. CHAVERIAT de Pratz (sans doute expert en quelques diff\u00e9rents survenus entre la commune d&rsquo;Etival et celle des Crozets ou celle de Meussia) <em>\u00ab\u00a0priait le Maire <\/em>d&rsquo;Etival (M. Joseph Alexis Bunod)<em> de lui envoyer sans faute le titre d&rsquo;affranchissement des deux communaut\u00e9s d&rsquo;Estival et Ronchaux. Ce titre de 1443 lui est indispensable devant le tribunal de Saint-Claude.\u00a0\u00bb<br \/>\n<\/em>Ce titre pr\u00e9cieux n&rsquo;a pas \u00e9t\u00e9 rendu sans doute, ou depuis s&rsquo;est \u00e9gar\u00e9 en quelque maison particuli\u00e8re, ainsi qu&rsquo;il en est fait mention dans l&rsquo;inventaire des archives de la mairie d&rsquo;Etival.<br \/>\nNous n&rsquo;avons plus le titre, il est vrai, mais je ne crains pas d&rsquo;affirmer que par lui, les deux villages d\u2019Etival et les Ronchaux furent constitu\u00e9s en deux communes avec, non pas seulement des droits affouagers sur les for\u00eats situ\u00e9es en leurs territoires, mais la possession r\u00e9elle et communale des bois et p\u00e2turages que poss\u00e8de la commune.<br \/>\nCette franchise r\u00e9elle et compl\u00e8te ressort non seulement du fait de 1854 o\u00f9 le titre devait \u00eatre pr\u00e9sent\u00e9 devant le tribunal pour conna\u00eetre les limites territoriales et d\u00e9fendre les droits communaux \u00e9tablis en 1443, mais encore des nombreux papiers et titres de transaction, ventes, achats, \u00e9changes et r\u00e9serves faits par les \u00e9chevins au nom de leurs communaut\u00e9s et cela d\u00e8s le XV<sup>\u00e8me<\/sup> si\u00e8cle.<\/p>\n<p>De 1443 \u00e0 1822 Etival et les Ronchaux constitu\u00e8rent donc deux communes distinctes avec leurs \u00e9chevins propres.<br \/>\nEn 1822 les deux communes furent r\u00e9unies pour ne former plus que la commune d&rsquo;Etival.<\/p>\n<p>Sans doute Chatel de Joux dut obtenir ses lettres de franchise, vers la m\u00eame \u00e9poque, du Seigneur de Clairvaux, mais avec droits affouagers seulement dans quelques cantons des for\u00eats du Seigneur. Cette communaut\u00e9 eut aussi ses \u00e9chevins.<\/p>\n<p>Les \u00e9chevins appel\u00e9s aussi prud&rsquo;hommes (scabini probi homines) sont charg\u00e9s d&rsquo;administrer la communaut\u00e9, d&rsquo;en garder et d\u00e9fendre les privil\u00e8ges et les droits. Ils sont \u00e9lus par le corps des habitants et choisis parmi <em>\u00ab\u00a0les personnes d&rsquo;une probit\u00e9 et loyaut\u00e9 \u00e9prouv\u00e9e et de bonnes m\u0153urs.\u00a0\u00bb<\/em> Au XV<sup>\u00e8me<\/sup> si\u00e8cle ils \u00e9taient \u00e9lus pour trois ans, mais plus tard ils l&rsquo;\u00e9taient pour un an seulement. Ordinairement l&rsquo;\u00e9lection avait lieu \u00e0 la fin d&rsquo;une ann\u00e9e de mani\u00e8re \u00e0 ce que les nouveaux \u00e9chevins pussent entrer en fonction au commencement de l&rsquo;autre.<br \/>\nAussit\u00f4t \u00e9lus, ils pr\u00eataient serment sur les \u00e9vangiles de remplir fid\u00e8lement leur charge pour le bien de la communaut\u00e9. Nous voyons au terrier de 1669 art Chatel-de-Joux\u00a0: <em>\u00ab\u00a0que les Eschevins dudit lieu sont tenus et oblig\u00e9s de et au premier jour non f\u00e9ri\u00e9 apr\u00e8s leur \u00e9lection et avant de faire aucune entremise en leur charge se pr\u00e9senter annuellement au lieu de Clairveaux par devant l&rsquo;un des juges de mond&rsquo; Seigneur son procureur appel\u00e9, ou pour l&rsquo;absence des sieurs juges par devant led&rsquo; procureur \u00e0 l&rsquo;effet de pr\u00eater serment sur les Saints Evangiles de garder et conserver les droits et autorit\u00e9s de mond&rsquo; Seigneur.\u00a0\u00bb<\/em><\/p>\n<p>Au terrier de 1667 concernant Etival et les Ronchaux on ne trouve pas semblable mention, mais sans aucun doute les \u00e9chevins de ces communaut\u00e9s devaient pr\u00eater le m\u00eame serment devant le ch\u00e2telain pr\u00e9v\u00f4t du Seigneur abb\u00e9 de Saint-Claude.<br \/>\nVoici maintenant la liste malheureusement non exhaustive des \u00e9chevins des trois communaut\u00e9s.<\/p>\n<p><strong>Echevins de Ch\u00e2tel de Joux<br \/>\n<\/strong>1669\u00a0: Pierre-Benoit JEANNIN<br \/>\n1690\u00a0: Jean LESNE-PUBLY<br \/>\n1763\u00a0: Antoine JEANNIN<br \/>\n1790\u00a0: Antoine JEANNIN<\/p>\n<p><span style=\"color: #ff0000;\">1910-06<\/span><br \/>\n<strong>Eschevins d&rsquo;Etival<br \/>\n<\/strong>1619\u00a0: Pierre BERREZ le vieil<br \/>\n1623\u00a0: Philibert JAMBEL<br \/>\n1636\u00a0: Claude FRAZIER<br \/>\n1638\u00a0: Philibert JAMBEL le jeune<br \/>\n1640\u00a0: Claude JANOD-GASPARD<br \/>\n1646\u00a0: Philibert BERREZ, Claude CHANUT<br \/>\n1667\u00a0: Pierre JAMBEL, Nicolas JANOD-BESSON<br \/>\n1685\u00a0: Pierre RIGOULET<br \/>\n1686\u00a0: Estienne CHANUT<br \/>\n1700\u00a0: Philibert CHANUT<br \/>\n1708\u00a0: Nicolas GIRARD<br \/>\n1721\u00a0: Jean Baptiste CHANUT, Jean Claude MATHIEU<br \/>\n1734\u00a0: Jean Claude MATHIEU<br \/>\n1741\u00a0: Jean Baptiste CHANUT<br \/>\n1743\u00a0: Jean Baptiste CHANUT<br \/>\n1747\u00a0: Claude-Joseph BOUVIER<br \/>\n1748\u00a0: G\u00e9rard BOUVIER<br \/>\n1749\u00a0: Jean Baptiste CHANUT<br \/>\n1753\u00a0: Georges BERREZ, Claude Joseph BOUVIER<br \/>\n1755\u00a0: Jean Claude BERREZ<br \/>\n1756\u00a0: Nicolas BERREZ<br \/>\n1758\u00a0: Jean-Baptiste PERRIN<br \/>\n1778\u00a0: Claude Estienne MARECHAL<br \/>\n1785\u00a0: Andr\u00e9 CHANUT, J.E CASSABOIS, Augustin PIARD<br \/>\n1786\u00a0: Jean Estienne MARECHAL, G\u00e9rard BOUVIER<br \/>\n1790\u00a0: Andr\u00e9 BERREZ,<strong> maire<\/strong><\/p>\n<p><strong>Eschevins de Ronchaux<br \/>\n<\/strong>1619\u00a0: Georges PERRUCHET<br \/>\n1623\u00a0: H<sup>ble<\/sup> Georges BERREZ<br \/>\n1632\u00a0: No\u00ebl BUNOD-Quoniam, Claude-Jean BUNOD<br \/>\n1635\u00a0: Claude ALARDET<br \/>\n1638\u00a0: Jean PERRUCHET le jeune, Petit Claude PERRUCHET<br \/>\n1644\u00a0: ALARDET dit CORBET, Pierre Beno\u00eet GIRARD<br \/>\n1646\u00a0: H<sup>ble<\/sup> Denys GIRARD, Pierre Fran\u00e7ois DEVAUX-FANEZ<br \/>\n1656\u00a0: Claude BERREZ dit PION, Estienne GUILLON<br \/>\n1667 : Pierre GIRARD dit \u00e0 BENOIT, Anathole ALLARDET dit GIROD<br \/>\n1675\u00a0: Jacques BUNOD-quoniam, Jean DEVAUX<br \/>\n1676\u00a0: Claude GIRARD, Claude CASSABOIS<br \/>\n1677\u00a0: Pierre GIRAD, Anathole ALLARDET<br \/>\n1680\u00a0: Pierre GIRARD, Claude CASSABOIS<br \/>\n1704\u00a0: Claude GIRARD, Claude DEVAUX-FANEZ<br \/>\n1708\u00a0: Rolain DEVAUX-FANEZ, Claude GIRARD-CLAUDON<br \/>\n1721\u00a0: Estienne GIRARD, Claude GIRARD<br \/>\n1724\u00a0: Jacques ALLARDET<br \/>\n1731\u00a0: Claude ALLARDET<br \/>\n1734\u00a0: Estienne GIRARD, Claude Antoine GIRARD<br \/>\n1741\u00a0: Pierre Fran\u00e7ois COURVOISIER<br \/>\n1735\u00a0: Estienne CASSABOIS<br \/>\n1742\u00a0: Estienne CASSABOIS<br \/>\n1744\u00a0: Claude Joseph BUNOD-quoniam<br \/>\n1745\u00a0: Jacques GIRARD-CLAUDON<br \/>\n1747\u00a0: Jacques Antoine BUNOD-quoniam<br \/>\n1748\u00a0: Jacques COURVOISIER<br \/>\n1749\u00a0: Jacques Antoine BUNOD-quoniam<br \/>\n1750\u00a0: Jean Baptiste DEVAUX<br \/>\n1751\u00a0: Jean Baptiste DEVAUX<br \/>\n1753\u00a0: Claude Joseph BUNOD, Claude-Estienne CASSABOIS<br \/>\n1755\u00a0: Isidore BONNEVILLE<br \/>\n1758\u00a0: Claude-Joseph BUNOD<br \/>\n1770\u00a0: Pierre Joseph DEVAUX<br \/>\n1771\u00a0: Jacques Fran\u00e7ois GIRARD-CLAUDON<br \/>\n1778\u00a0: Claude Estienne CASSABOIS<br \/>\n1785\u00a0: J.C.H CASSABOIS, Jean Estienne DEVAUX<br \/>\n1786\u00a0: Andr\u00e9 DEVAUX le vieux<br \/>\n1788\u00a0: Andr\u00e9 GIRARD<br \/>\n1789\u00a0: Andr\u00e9 DEVAUX cadet<br \/>\n1790\u00a0: Andr\u00e9 DEVAUX cadet, Maire<\/p>\n<p>&nbsp;<\/p>\n<p><strong>Maires de Ch\u00e2tel de Joux<br \/>\n<\/strong>1790-1791\u00a0: Jean Claude PERRETIER<br \/>\n1791-1799\u00a0: Antoine JEANNIN<br \/>\n1799-1802\u00a0: Jean Baptiste PERRETIER<br \/>\n1802-1809\u00a0: Jean Claude LESNE<br \/>\n1809-1811\u00a0: Jean-Pierre PERRRETIER<br \/>\n1812-1819\u00a0: Fran\u00e7ois-Joseph PIARD<br \/>\n1820-1824\u00a0: Claude Fran\u00e7ois PIARD<br \/>\n1825-1830\u00a0: Claude-Joseph LESNE<br \/>\n1830 2 ou 3 mois\u00a0: Emmanuel LESNE<br \/>\n1830-1848\u00a0: Claude-Joseph LESNE. Sous son administration furent construits en 1834:<br \/>\nla fontaine pr\u00e8s de la maison d&rsquo;\u00e9cole et l&rsquo;ancien bassin lavoir, en 1840 la maison d&rsquo;\u00e9cole<br \/>\n1848-1852\u00a0: Fran\u00e7ois-Marie GRAND<br \/>\n1852-1853\u00a0: Jean Baptiste LESNE<br \/>\n1853-1854\u00a0: Jean-Joseph ROMAND<br \/>\nC&rsquo;est vers cette \u00e9poque que fut construit le clocher actuel de la chapelle et en 1854 la fontaine proche la maison Paul Lesne<br \/>\n1854-1859\u00a0: Jean Baptiste PIARD<br \/>\n1859-1870\u00a0: Pierre- S\u00e9raphin JEANNIN<br \/>\n1870-1871\u00a0: Jules GRAND<br \/>\n1871-1884\u00a0: Pierre-S\u00e9raphin JEANNIN<br \/>\nLe Chalet fut construit en 1877.Le chemin de la Croch\u00e8re fut ouvert en 1880<br \/>\n1884-1889\u00a0: Joseph PERRETIER<br \/>\n1886 construction du lavoir actuel (1910), de la fontaine vers la maison GRAND et de la borne fontaine du chalet<br \/>\n08-09 1889\u00a0: On\u00e9zime JANOD<br \/>\n09 1889-1892\u00a0: Pierre S\u00e9raphin JEANNIN<br \/>\n1892-1904\u00a0: Joseph PERRETIER<br \/>\nConstruction du r\u00e9servoir de la Croch\u00e8re, r\u00e9paration du plancher et des bancs de la chapelle.<br \/>\n1904\u00a0: Jules JEANNIN<br \/>\nEn 1908 importante am\u00e9lioration du r\u00e9gime des eaux, captage de la source <strong>\u00ab\u00a0des Saugevettes.\u00a0\u00bb<\/strong> R\u00e9servoir ou ch\u00e2teau d&rsquo;eau <strong>\u00ab\u00a0Sur Le Rocher\u00a0\u00bb<\/strong>, Fontaines avec bassins <strong>\u00ab\u00a0Vers Chez Baron\u00a0\u00bb<\/strong> et <strong>\u00ab\u00a0A La Doye\u00a0\u00bb<\/strong> sous la chapelle, borne fontaine <strong>\u00ab\u00a0Vers La Terrasse\u00a0\u00bb<\/strong> 3 bouches \u00e0 incendie, Fontaine avec bassin <strong>\u00ab\u00a0A La Croch\u00e8re\u00a0\u00bb<\/strong><\/p>\n<p><span style=\"color: #ff0000;\">1910-07<\/span><\/p>\n<p>Nous avons vu, qu\u2019en 1443 (\u00e9poque de leur affranchissement) \u00e0 l&rsquo;ann\u00e9e 1821 (\u00e9poque de leur r\u00e9union en un seule commune) les deux sections Etival, et les Ronchaux qui composent la commune actuelle d&rsquo;Etival, constituaient deux communaut\u00e9s avec chacune leurs \u00e9chevins et leurs maires. C&rsquo;est pourquoi je donnerai d&rsquo;abord la liste des maires des Ronchaux et celle des maires d&rsquo;Etival de 1790 \u00e0 1821, puis j&rsquo;\u00e9tablirai la liste des maires de la commune actuelle avec quelques-uns des principaux actes de leur administration.<\/p>\n<p><strong>\u00a0MAIRES DES RONCHAUX<br \/>\n<\/strong>1790 Andr\u00e9 DEVAUX cadet<br \/>\n1791-94 Jean-Etienne DEVAUX<br \/>\n1794 Andr\u00e9 DEVAUX cadet<br \/>\n1795-1798 Jean-Etienne DEVAUX<br \/>\n1799-1803 JEAN-MARIE DEVAUX<br \/>\n1803-1812 Emmanuel DEVAUX<br \/>\n1813-1821Pierre-Hubert GIRARD<\/p>\n<p><strong>MAIRES D&rsquo;ETIVAL<br \/>\n<\/strong>1790 Andr\u00e9 BERREZ<br \/>\n1791-1800 Jean-Etienne MARECHAL (et adjoint faisant fonction de maire de 1800 \u00e0 1802)<br \/>\n1802-1812 Antoine BOUVIER<br \/>\n1812-1813 Jean-Etienne BERREZ<br \/>\n1814-1815 J-B GIRARD<br \/>\n1815-1821 Daniel BERREZ<br \/>\nApr\u00e8s l&rsquo;union des deux communes sous la d\u00e9nomination de commune d&rsquo;Etival<\/p>\n<p><strong>\u00a0MAIRES d&rsquo; ETIVAL et RONCHAUX<br \/>\n<\/strong>1821-1824 Pierre-Hubert GIRARD<br \/>\n1824-1830 Joseph-Alexis BUNOD (Quoniam) Durant son administration fut construite l&rsquo;\u00e9glise actuelle :<br \/>\n-20-9-1825\u00a0: adjudication des travaux<br \/>\n-16-5-1826\u00a0: 1\u00e8re pierre<br \/>\n-12-8-1829\u00a0: Cons\u00e9cration<br \/>\n-13-8-1829\u00a0: B\u00e9n\u00e9diction des 2 grosses cloches<br \/>\n1830-1832 Claude-Marie BOISSON<br \/>\n1832-1844 Georges PERRIN<br \/>\n1833\u00a0: ouverture du <strong>\u00ab\u00a0Chemin De La Fin\u00a0\u00bb<\/strong> qui conduit \u00e0 la Croch\u00e8re<br \/>\n1835\u00a0: Construction des chalets d&rsquo;Etival et Ronchaux<br \/>\n1839\u00a0: Captage de la source des <strong>\u00ab\u00a0Amarettes\u00a0\u00bb<\/strong> et \u00e9tablissement de 2 fontaines \u00e0 Ronchaux1840 . Achat pour la somme de 350Frs des sources des <strong>\u00ab\u00a0Fontanettes\u00a0\u00bb<\/strong>en 1844 Georges PERRIN d\u00e9missionna<br \/>\n1844-70 J-Alexis BUNOD<br \/>\n1846 Appropriation dans les b\u00e2timents des chalets, de maisons d&rsquo;\u00e9coles \u00e0 Etival et Ronchaux<br \/>\n1861 Construction \u00e0 Etival d&rsquo;une fontaine avec bassin sur la place dite de\u00a0<strong> La Citerne<br \/>\n<\/strong>( vers la maison des pompes)<br \/>\n1869 r\u00e9fection de la conduite des fontaines.Ouverture du chemin sur les lacs<br \/>\nDu 4-09-1870 au 18-5-1871 sous le gouvernement provisoire fut maire nomm\u00e9 par le gouvernement : Jean-S\u00e9raphin BEROD<br \/>\n1871-1893 Pierre-Honor\u00e9 BERREZ<br \/>\n1876 \u00e0 Etival construction de la maison d&rsquo;\u00e9cole<br \/>\nRectification de la route de Clairvaux \u00e0 Saint-Claude, traversant d\u00e8s lors les deux villages d&rsquo;Etival et Ronchaux<br \/>\n1879 \u00e9tablissement de deux lavoirs couverts et des remises des pompes \u00e0 incendie<br \/>\n1880 fontaine sur la vieille route au <strong>\u00ab\u00a0Hameau Des Bouvier\u00a0\u00bb<br \/>\n<\/strong>R\u00e9fection des bassins des fontaines des Ronchaux en haut et en bas du village<br \/>\nAchat de l&rsquo;horloge plac\u00e9e au clocher<br \/>\n1888 Construction de la cure actuelle sur l&#8217;emplacement de l&rsquo;ancienne<br \/>\n1889 \u00e0 Ronchaux fontaine <strong>\u00ab\u00a0Vers Chez Barondel\u00a0\u00bb<br \/>\n<\/strong>1892-96 Xavier RENAUD<br \/>\n1894 r\u00e9fection de la conduite d&rsquo;amen\u00e9e d&rsquo;eau potable et reconstruction \u00e0 Ronchaux \u00e0 un niveau plus \u00e9lev\u00e9 du cabinet de partage contenant les prises d&rsquo;eau des deux sections d&rsquo;Etival et Ronchaux.<br \/>\n1896-1900 Jules-Sylvain BERREZ<br \/>\n1899 Mantelage en t\u00f4le galvanis\u00e9e de l&rsquo;\u00e9glise et de la cure, r\u00e9fection de la cl\u00f4ture de la cour et du jardin de la cure.<br \/>\n1900-1905 Joseph GIRARD-CLAUDON<br \/>\n1900 Fontaine vers l&rsquo;\u00e9glise et borne fontaine vers le chalet<br \/>\n1903-1904 am\u00e9lioration compl\u00e8te du r\u00e9gime des eaux<br \/>\n1905-1908 Xavier BERREZ<br \/>\nChemin de <strong>\u00ab\u00a0Beauregard.\u00a0\u00bb<br \/>\n<\/strong>1908 Joseph GIRARD-CLAUDON<br \/>\nLe 29 janvier 1910 fut pendant un mois ill\u00e9galement suspendu de ses fonctions pour avoir, relativement aux meubles et fournitures scolaires pay\u00e9es par la commune, d\u00e9fendu les droits des communes contre les pr\u00e9tentions p\u00e9dantesques d&rsquo;un inspecteur primaire voulant faire attribution de ces biens communaux \u00e0 l&rsquo;\u00e9cole !!! qui ne saurait avoir de personnalit\u00e9 ni civile, ni morale, ni l\u00e9gale.<br \/>\nEtablissement de la ligne t\u00e9l\u00e9phonique de Clairvaux aux Crozets avec cabines \u00e0 Etival et aux Ronchaux.<br \/>\n<a title=\"La vie des villages\" href=\"https:\/\/etival-ronchaux.fr\/?page_id=205\">Retour \u00e0 la vie des villages.<\/a><\/p>\n<p>&nbsp;<\/p>\n","protected":false},"excerpt":{"rendered":"<p>1910-05 Je crois int\u00e9ressant et instructif de donner la liste des \u00e9chevins et maires, administrateurs civils des communes Je regrette de n&rsquo;avoir pu en d\u00e9couvrir les lettres de franchise. Mais une lettre conserv\u00e9e \u00e0 la mairie d&rsquo;Etival nous apprend tout &hellip; <a href=\"https:\/\/etival-ronchaux.fr\/?page_id=212\">Continuer la lecture <span class=\"meta-nav\">&rarr;<\/span><\/a><\/p>\n","protected":false},"author":1,"featured_media":0,"parent":205,"menu_order":10,"comment_status":"closed","ping_status":"closed","template":"","meta":{"footnotes":""},"class_list":["post-212","page","type-page","status-publish","hentry"],"_links":{"self":[{"href":"https:\/\/etival-ronchaux.fr\/index.php?rest_route=\/wp\/v2\/pages\/212","targetHints":{"allow":["GET"]}}],"collection":[{"href":"https:\/\/etival-ronchaux.fr\/index.php?rest_route=\/wp\/v2\/pages"}],"about":[{"href":"https:\/\/etival-ronchaux.fr\/index.php?rest_route=\/wp\/v2\/types\/page"}],"author":[{"embeddable":true,"href":"https:\/\/etival-ronchaux.fr\/index.php?rest_route=\/wp\/v2\/users\/1"}],"replies":[{"embeddable":true,"href":"https:\/\/etival-ronchaux.fr\/index.php?rest_route=%2Fwp%2Fv2%2Fcomments&post=212"}],"version-history":[{"count":7,"href":"https:\/\/etival-ronchaux.fr\/index.php?rest_route=\/wp\/v2\/pages\/212\/revisions"}],"predecessor-version":[{"id":710,"href":"https:\/\/etival-ronchaux.fr\/index.php?rest_route=\/wp\/v2\/pages\/212\/revisions\/710"}],"up":[{"embeddable":true,"href":"https:\/\/etival-ronchaux.fr\/index.php?rest_route=\/wp\/v2\/pages\/205"}],"wp:attachment":[{"href":"https:\/\/etival-ronchaux.fr\/index.php?rest_route=%2Fwp%2Fv2%2Fmedia&parent=212"}],"curies":[{"name":"wp","href":"https:\/\/api.w.org\/{rel}","templated":true}]}}