{"id":233,"date":"2014-12-14T19:01:56","date_gmt":"2014-12-14T18:01:56","guid":{"rendered":"https:\/\/etival-ronchaux.fr\/?page_id=233"},"modified":"2015-05-20T20:57:04","modified_gmt":"2015-05-20T19:57:04","slug":"seigneurs-de-chatel-de-joux","status":"publish","type":"page","link":"https:\/\/etival-ronchaux.fr\/?page_id=233","title":{"rendered":"Seigneurs de Ch\u00e2tel-de-Joux"},"content":{"rendered":"<p><span style=\"color: #ff0000;\">1911-07\/08<\/span><\/p>\n<p>Note des r\u00e9dacteurs :<br \/>\nA la lecture des bulletins narrant la succession des seigneurs de Ch\u00e2tel-de-Joux, nous avons eu du mal a comprendre le texte de l&rsquo;abb\u00e9, pour fixer cette chronologie, nous avons choisi de dessiner sch\u00e9matiquement un arbre g\u00e9n\u00e9alogique avec en marge les faits les plus marquants cit\u00e9s dans le texte. A la construction de ce site nous avons pens\u00e9 que le lecteur se retrouverait face \u00e0 nos difficult\u00e9s, Nous avons donc dessin\u00e9 notre sch\u00e9ma et rang\u00e9 le texte d\u00e9taill\u00e9 correspondant dans le coin des curieux, rubrique <a title=\"Seigneurs de Ch\u00e2tel.\" href=\"https:\/\/etival-ronchaux.fr\/?page_id=241\">\u00ab\u00a0Seigneurs de Ch\u00e2tel\u00a0\u00bb\u00a0 <\/a>Nous avons \u00e9galement fait quelques recoupements avec des sites internet traitant des \u00ab\u00a0de Bauffremont\u00a0\u00bb, nous avons constat\u00e9 des diff\u00e9rences de date, de parent\u00e9, de faits. Nous invitons le lecteur a se rendre sur ces sites . <a href=\"https:\/\/etival-ronchaux.fr\/?page_id=716\">Origine et quelques d\u00e9tails sur<\/a><br \/>\n<a href=\"https:\/\/etival-ronchaux.fr\/?page_id=716\">cette famille.<\/a><\/p>\n<p>Par respect pour l&rsquo;ouvrage et son auteur et dans le doute, nous retranscrivons dates, noms, faits, en conformit\u00e9 avec les bulletins.<\/p>\n<p><a href=\"https:\/\/etival-ronchaux.fr\/wp-content\/uploads\/2014\/12\/seig-joux-1.jpg\"><img fetchpriority=\"high\" decoding=\"async\" class=\"alignnone size-full wp-image-235\" src=\"https:\/\/etival-ronchaux.fr\/wp-content\/uploads\/2014\/12\/seig-joux-1.jpg\" alt=\"seig joux 1\" width=\"944\" height=\"1220\" srcset=\"https:\/\/etival-ronchaux.fr\/wp-content\/uploads\/2014\/12\/seig-joux-1.jpg 944w, https:\/\/etival-ronchaux.fr\/wp-content\/uploads\/2014\/12\/seig-joux-1-232x300.jpg 232w, https:\/\/etival-ronchaux.fr\/wp-content\/uploads\/2014\/12\/seig-joux-1-792x1024.jpg 792w\" sizes=\"(max-width: 944px) 100vw, 944px\" \/><\/a><a href=\"https:\/\/etival-ronchaux.fr\/wp-content\/uploads\/2014\/12\/seig-joux-2.jpg\"><img decoding=\"async\" class=\"alignnone size-full wp-image-236\" src=\"https:\/\/etival-ronchaux.fr\/wp-content\/uploads\/2014\/12\/seig-joux-2.jpg\" alt=\"seig joux 2\" width=\"940\" height=\"1330\" srcset=\"https:\/\/etival-ronchaux.fr\/wp-content\/uploads\/2014\/12\/seig-joux-2.jpg 940w, https:\/\/etival-ronchaux.fr\/wp-content\/uploads\/2014\/12\/seig-joux-2-212x300.jpg 212w, https:\/\/etival-ronchaux.fr\/wp-content\/uploads\/2014\/12\/seig-joux-2-723x1024.jpg 723w\" sizes=\"(max-width: 940px) 100vw, 940px\" \/><\/a><a href=\"https:\/\/etival-ronchaux.fr\/wp-content\/uploads\/2014\/12\/seig-joux-3.jpg\"><img decoding=\"async\" class=\"alignnone size-full wp-image-237\" src=\"https:\/\/etival-ronchaux.fr\/wp-content\/uploads\/2014\/12\/seig-joux-3.jpg\" alt=\"seig joux 3\" width=\"940\" height=\"1076\" srcset=\"https:\/\/etival-ronchaux.fr\/wp-content\/uploads\/2014\/12\/seig-joux-3.jpg 940w, https:\/\/etival-ronchaux.fr\/wp-content\/uploads\/2014\/12\/seig-joux-3-262x300.jpg 262w, https:\/\/etival-ronchaux.fr\/wp-content\/uploads\/2014\/12\/seig-joux-3-894x1024.jpg 894w\" sizes=\"(max-width: 940px) 100vw, 940px\" \/><\/a><\/p>\n<p><span style=\"color: #ff0000;\">1911-09<\/span><br \/>\nEn 1785, il demeurait \u00e0 Paris. <strong>Charles-Roger <\/strong>,\u00e9tait <strong>coseigneur <\/strong>de Chatel-de-Joux avec <strong>Charles-Emmanuel-Louis de Beauffremont<\/strong>, (son fr\u00e8re ,croyons-nous),en 1793 : ainsi qu&rsquo;il appert de trois exploits s\u00e9par\u00e9s des 9 avril, 15 et 17 mai 1793, par lesquels les habitants de Ch\u00e2tel-de-Joux se sont pourvu par devant le tribunal du district contre Charles-Roger et Charles-Emmanuel-Louis de Beauffremont au sujet d&rsquo;une action intent\u00e9e afin d&rsquo;obtenir d&rsquo;\u00eatre mis en possession de la for\u00eat des seigneurs en vertu de la loi de 1792.<br \/>\nMais en l&rsquo;an VI (1798), <strong>Alexandre de Beauffremont<\/strong>, neveu de Charles-Emmanuel et de Charles-Roger, \u00e9tait d\u00e9j\u00e0 en vertu d&rsquo;une donation en vif, possesseur des for\u00eats en litige.<br \/>\nHabitant Madrid \u00e0 l&rsquo;\u00e9poque de la R\u00e9volution, les princes de Beauffremont se d\u00e9clarant Espagnols, virent leurs terres \u00e9chapper au s\u00e9questre. En effet \u00e0 part quelques parcelles de terre situ\u00e9es au Ronchaux, vendues je ne sais \u00e0 quel titre, les vastes terres et for\u00eats desd&rsquo;seigneurs furent \u00e9pargn\u00e9es. Alexandre de Beauffremont mari\u00e9 avec <strong>Melle de la Vauguyon<\/strong>, en eut deux fils : Le prince-duc Eug\u00e8ne de Beauffremont que nous avons vu offrir en 1909, une riche couronne \u00e0 Notre-Dame de Gray, est un des derniers descendants de cette illustre famille de Beauffremont. Ce fut Alexandre de Beauffremont qui en 1808 vendit sa terre de Clairvaux \u00e0 <strong>Mr No\u00ebl-Nicolas M\u00e9nil-Lemire<\/strong>, capitaine de vaisseau, qui depuis longtemps d\u00e9j\u00e0 faisait valoir les forges de Clairvaux.<br \/>\nLes habitants de Ch\u00e2tel-de-Joux ne furent pas admis \u00e0 faire valoir leurs r\u00e9clamations, ni dans le proc\u00e8s avec les Beauffremont, ni en celui avec M.Lemire, apr\u00e8s l&rsquo;acquisition du marquisat. Ils n&rsquo;ont obtenu de conserver cette immense et riche for\u00eat que la faible portion qui leur avait \u00e9t\u00e9 attribu\u00e9e par le jugement de cantonnement de 1734.<br \/>\nNous avons vu Guillaume de Villers-Sexel, seigneur de Clairvaux, affectionner le s\u00e9jour de son ch\u00e2teau de Joux et y r\u00e9sider tr\u00e8s souvent. Sans aucun doute, il eut des imitateurs parmi son illustre descendance. Mais si les seigneurs de Clairvaux n&rsquo;habitaient pas continuellement le Ch\u00e2teau de Joux, ils y avaient du moins un capitaine d&rsquo;armes ou ch\u00e2telain. En 1449 dans sa transaction qui eut lieu entre Etienne Fauquier, abb\u00e9 de Saint-Oyand, Guillaume de Villers, seigneur de Ch\u00e2tel-de-Joux et Antoine de Vaudrey, seigneur de l&rsquo;Aigle, au sujet de la Seigneurerie de Pr\u00e9novel et des Piards, nous voyons comme t\u00e9moin, pour Guillaume de Villers, Guillaume de Ronchaux son ch\u00e2telain,<br \/>\n\u00ab\u00a0En 1588, on trouve un Claude de l&rsquo; Aubespin, seigneur de l&rsquo;Aigle, et un Antoine de l&rsquo; Aubespin, baron de l&rsquo;Aigle gouverneurs du Ch\u00e2teau de Joux \u00e0 l&rsquo;\u00e9poque de la guerre contre les Turcs.\u00a0\u00bb<br \/>\nEn 1788, le ch\u00e2teau \u00e9tait d\u00e9moli, il est vrai depuis tr\u00e8s longtemps, mais n\u00e9anmoins les de Beauffremont avaient encore, non plus un capitaine-ch\u00e2telain, mais un juge-ch\u00e2telain, en la justice dud&rsquo;Ch\u00e2tel-de-Joux. \u00ab\u00a0L&rsquo;an mil-sept cent quatre vingt huit, le onze mars, environ les neuf heures du matin ,sur la place publique de Ch\u00e2tel-de-Joux, par devant nous, Pierre-Antoine Coque-Jocard, demeurant \u00e0 Lons-le-Saunier, avocat au Parlement, juge ch\u00e2telain en la justice dud&rsquo;Ch\u00e2tel-de-Joux, ayant avec nous Gaspard-Fran\u00e7ois Riche-ratteau greffier en lad&rsquo;justice, en la pr\u00e9sence du sieur Claude-Joseph Recy, procureur d&rsquo;office en icelle est comparu&#8230;\u00a0\u00bb<\/p>\n<p>Apr\u00e8s la conqu\u00eate \u00e9galement et la d\u00e9molition du ch\u00e2teau \u00ab\u00a0Une famille des Piards portant le nom de ce village qui le tenait lui-m\u00eame de ses fondateurs sortis de la Hongrie, vers la fin du XV\u00e8me, occupa l&#8217;emploi de r\u00e9gisseur des seigneuries de Ch\u00e2tel-de-Joux et de l&rsquo;Aigle.\u00a0\u00bb<br \/>\nUn descendant de cette famille \u00ab\u00a0Nicolas-Joseph Piard, n\u00e9 \u00e0 Lons-le-Saunier, au moulin de la chevalerie le 26 juillet 1780 , fut conservateur du mus\u00e9e d\u00e9partemental du Jura.(mort le 27-10-1857) (Annuaire du Jura 1859)<\/p>\n<p><a title=\"Ch\u00e2tel-de-Joux\" href=\"https:\/\/etival-ronchaux.fr\/?page_id=62\">Retour \u00e0 la page Ch\u00e2tel-de-Joux.<\/a><\/p>\n<p>&nbsp;<\/p>\n","protected":false},"excerpt":{"rendered":"<p>1911-07\/08 Note des r\u00e9dacteurs : A la lecture des bulletins narrant la succession des seigneurs de Ch\u00e2tel-de-Joux, nous avons eu du mal a comprendre le texte de l&rsquo;abb\u00e9, pour fixer cette chronologie, nous avons choisi de dessiner sch\u00e9matiquement un arbre &hellip; <a href=\"https:\/\/etival-ronchaux.fr\/?page_id=233\">Continuer la lecture <span class=\"meta-nav\">&rarr;<\/span><\/a><\/p>\n","protected":false},"author":1,"featured_media":0,"parent":62,"menu_order":5,"comment_status":"closed","ping_status":"closed","template":"","meta":{"footnotes":""},"class_list":["post-233","page","type-page","status-publish","hentry"],"_links":{"self":[{"href":"https:\/\/etival-ronchaux.fr\/index.php?rest_route=\/wp\/v2\/pages\/233","targetHints":{"allow":["GET"]}}],"collection":[{"href":"https:\/\/etival-ronchaux.fr\/index.php?rest_route=\/wp\/v2\/pages"}],"about":[{"href":"https:\/\/etival-ronchaux.fr\/index.php?rest_route=\/wp\/v2\/types\/page"}],"author":[{"embeddable":true,"href":"https:\/\/etival-ronchaux.fr\/index.php?rest_route=\/wp\/v2\/users\/1"}],"replies":[{"embeddable":true,"href":"https:\/\/etival-ronchaux.fr\/index.php?rest_route=%2Fwp%2Fv2%2Fcomments&post=233"}],"version-history":[{"count":8,"href":"https:\/\/etival-ronchaux.fr\/index.php?rest_route=\/wp\/v2\/pages\/233\/revisions"}],"predecessor-version":[{"id":722,"href":"https:\/\/etival-ronchaux.fr\/index.php?rest_route=\/wp\/v2\/pages\/233\/revisions\/722"}],"up":[{"embeddable":true,"href":"https:\/\/etival-ronchaux.fr\/index.php?rest_route=\/wp\/v2\/pages\/62"}],"wp:attachment":[{"href":"https:\/\/etival-ronchaux.fr\/index.php?rest_route=%2Fwp%2Fv2%2Fmedia&parent=233"}],"curies":[{"name":"wp","href":"https:\/\/api.w.org\/{rel}","templated":true}]}}