{"id":241,"date":"2014-12-14T21:49:21","date_gmt":"2014-12-14T20:49:21","guid":{"rendered":"https:\/\/etival-ronchaux.fr\/?page_id=241"},"modified":"2015-03-23T18:50:09","modified_gmt":"2015-03-23T17:50:09","slug":"241-2","status":"publish","type":"page","link":"https:\/\/etival-ronchaux.fr\/?page_id=241","title":{"rendered":"Seigneurs de Ch\u00e2tel."},"content":{"rendered":"<p><span style=\"color: #ff0000;\">1911-07<\/span><br \/>\nSeigneurs de Ch\u00e2tel de Joux<\/p>\n<p>La terre de ch\u00e2tel de Joux d\u00e9pendant de la seigneurie de Clairvaux , les seigneurs de l&rsquo;autre lieu furent les m\u00eames.<br \/>\nLes premiers seigneurs sortaient de l&rsquo;illustre famille des sires de Cuissel de l&rsquo;antique race des Comtes de Bourgogne ,Les premiers qui paraissent comme seigneurs de Ch\u00e2tel de Joux furent Hugues et Ponce III de Cuisel , qui nous l&rsquo;avons vu avaient b\u00e2ti le ch\u00e2teau de Joux proche d&rsquo;Estival<br \/>\nPonce III de Cuisel eut dans son lot, Clairvaux et Ch\u00e2tel de Joux. De N .de Commercy son \u00e9pouse, il eut Humbert 1er du nom qui lui succ\u00e9da (Humbert 1er fut du nombre des seigneurs qui se conf\u00e9d\u00e9r\u00e8rent en 1294 , pour emp\u00eacher le comte Otton de c\u00e9der le Comt\u00e9 de Bourgogne au roi Philippe le Bel et fut compris dans l&rsquo;amnistie que le roi accorda aux rebelles en 1301). A la fin de cette m\u00eame ann\u00e9e Humbert 1er mourut laissant Isabelle d&rsquo;Avily son \u00e9pouse deux filles Marguerite et Nicole pour ses h\u00e9riti\u00e8res.<br \/>\nSuivant un partage fait en 1312 , Marguerite eut Clairvaux, Elle \u00e9pousa Jean de Faucogney, sire de Villers-Sexel, d&rsquo;une deus plus illustre maisons de la province; dont elle eut deux fils, Humbert et\u00a0\u00a0 Aymon de Villers , grand archidiacre de Besan\u00e7on.<br \/>\nHumbert II, dota richement la chapelle Ste-Catherine de Clairvaux et en 1345 y choisit sa s\u00e9pulture ainsi que sa m\u00e8re.<br \/>\nIl transmit la baronnie de Clairvaux \u00e0 son fils Henri , Comte de la Roche et sire de Villers-Sexel (Ce fut Henri, sire de Villers-Sexel et de Clerveaux en Montagne, avec Jean sire d&rsquo;Andelot et de Crilley <em>\u00ab\u00a0Crillat\u00a0\u00bb<\/em>, qui accorda \u00e0 la communaut\u00e9 de Saint-Maurice sa chartre d&rsquo;affranchissement dat\u00e9e du 24 avril 1383.<br \/>\nGuillaume de Villers-Sexel, fils d&rsquo;Henri, succ\u00e9da \u00e0 son p\u00e8re (Ce seigneur affectionnait le s\u00e9jour dans son ch\u00e2teau de Joux ; il y r\u00e9sidait tr\u00e8s souvent. Le 4 novembre 1427, il y fonda une chapelle en l&rsquo;honneur de Saint-Jean Baptiste et de Saint-Claude, et y attacha un pr\u00eatre pour la desservir) Il fonda le couvent des Carmes de Clairvaux, le 28 novembre 1434.- Guillaume eut de Charlotte de Noyers son \u00e9pouse deux filles, Claudine et Jeanne. Claudine \u00e9pousa Olivier de Longvy et Jeanne, Guillaume de Bauffremont baron et seigneur de Scey, Chambellan du duc de Bourgogne. Tous deux se qualifiaient en m\u00eame temps de Seigneurs de Clairvaux. L&rsquo;adage h\u00e9raldique des Bauffremont \u00e9tait \u00ab\u00a0Clergie de Bauffremont\u00a0\u00bb et leur cris de guerre \u00ab\u00a0Dieu aide aux premiers chr\u00e9tiens\u00a0\u00bb<br \/>\nCette maison pr\u00e9tendait remonter jusqu&rsquo;a la naissance du christianisme.<br \/>\nElle est mise en seconde place en un vieux manuscrit sur la noblesse du comt\u00e9 de Bourgogne<br \/>\n\u00ab\u00a0Premier ,Montagu , Beffroymont,sont du pays les grands barons\u00a0\u00bb<br \/>\nCharles de Bauffremont, baron de Scey, Sombernon&#8230;.Fils a\u00een\u00e9 de Guillaume et de Jeanne de Villers-Sexel, devint seigneur de Clairvaux et Ch\u00e2tel-de-Joux comme h\u00e9ritier institu\u00e9 soit par son p\u00e8re, soit par son fr\u00e8re Pierre que Claudine sa tante avait adopt\u00e9 et fait h\u00e9ritier. Il fut nomm\u00e9 en 1468, chevalier de la toison d&rsquo;or. Il \u00e9pousa en premi\u00e8res noces Antoinette Pot, dont il n&rsquo;eut pas d&rsquo;enfant et en secondes noces Charlotte de Longvy, dont il n&rsquo;eut qu&rsquo;un fils nomm\u00e9 Claude. Il mourut le 7 avril 1513.<br \/>\nClaude de Bauffremont, baron et seigneur de Scey, Sombernon, Clairvaux&#8230;..n\u00e9 en 1506, \u00e9pousa en 1526 Anne fille ain\u00e9e de Fran\u00e7ois de Vienne, seigneur de Listenois&#8230;etc et de B\u00e9nigne de Granson. Il fut chevalier en 1532<br \/>\nEn 1519 Charles V (Charles Quint) roi d&rsquo;Espagne fut \u00e9lu empereur d&rsquo;Allemagne cette \u00e9lection fut pour toute la Comt\u00e9 un sujet de grandes r\u00e9jouissances, les pics et les sommets de nos montagnes \u00e9taient embras\u00e9s le soir d&rsquo;immenses b\u00fbchers.<br \/>\nClaude de Bauffremont mourut ainsi que son \u00e9pouse vers l&rsquo;ann\u00e9e 1543, laissant 8 enfants sous tutelle.<\/p>\n<p><span style=\"color: #ff0000;\">1911-08<\/span><br \/>\n<strong>Jean de Bauffremont<\/strong> ,quatri\u00e8me fils de Claude de Bauffremont, succ\u00e9da \u00e0 son p\u00e8re dans la terre de Clairvaux et de Ch\u00e2tel de Joux.<br \/>\n<em>\u00ab\u00a0Ag\u00e9 seulement de 14 ans ,\u00e0 l&rsquo;exemple de l&rsquo;abeille et dans le printemps de son \u00e2ge, il fit recueillir les fleurons de sy belles authorit\u00e9s et redevances desquelles les illustres pr\u00e9d\u00e9cesseurs avaient jouis d&rsquo;un temps imm\u00e9moriale dans la baronnie de Clairvaux et membres en d\u00e9pendants par ce sage et vertueux. notaire: Rolin Fromond ,en l&rsquo;ann\u00e9e 1548\u00a0\u00bb<br \/>\n<\/em>Il fit renouveler<br \/>\n<em>\u00a0\u00bb ce mandatement \u00e0 terrier en l&rsquo;ann\u00e9e 1584 par Me Philibert Bondien de Claivaux,homme de bonne fame <\/em>(Bien fam\u00e9)&#8230;..(Terrier 1667 pr\u00e9liminaires)<br \/>\n\u00ab\u00a0Il fut nomm\u00e9 chevalier de l&rsquo;Ordre d&rsquo;Alcantara en Espagne, Commandeur de Losdi\u00e8s-Mos, au royaume de Castille, Gentilhomme de la bouche du roi d&rsquo; Espagne, grand bailli et colonel d&rsquo;Aval en Bourgogne. Il \u00e9pousa en premi\u00e8res noces en 1559, <strong>Anne de Poupet<\/strong>, qui mourut en 1562, n&rsquo;ayant eu qu&rsquo;une fille morte avant sa m\u00e8re, Jean de Bauffremont se remaria en 1566 avec <strong>B\u00e9atrix de Pontaillier<\/strong>. \u00ab\u00a0Dans son testament fait au ch\u00e2teau de Clairvaux le 29 d\u00e9cembre 1579, il fait mention de son \u00e9pouse et de ses sept filles auxquelles il assure des dots et nomme pour h\u00e9ritiers Claude et Guillaume de Bauffremont ses fils.<br \/>\n(Joachim n&rsquo;\u00e9tait pas encore n\u00e9.) Il mourut en 1606, Claude se fit pr\u00eatre et l\u00e9gua sa fortune \u00e0 Joachim,son fr\u00e8re. Une des filles de Jean de Bauffremont \u00e9pousa en 1590 J\u00e9r\u00f4me d&rsquo;Achey, chevalier, baron de Thoraise, qui devint gouverneur de Gray en 1613.<br \/>\nDe grande distinction personnelle, et d&rsquo;une haute pi\u00e9t\u00e9, noble Dame d&rsquo;Achey acheta pour une aum\u00f4ne de 40 sols, d&rsquo;une d\u00e9vote fille de Salins, Jeanne Bonnet, une petite statue de la Vierge que celle-ci avait fait sculpter dans un morceau du ch\u00eane miraculeux de Montaigu,(Belgique) par Jean Brange ,sculpteur \u00e0 Saint-Claude. Cette madone fut d&rsquo;abord dextrement et en saint respect expos\u00e9e dans l&rsquo;oratoire priv\u00e9 du ch\u00e2teau. Puis apr\u00e8s la mort de son mari, (6 janvier 1166),dont les derniers moments avaient \u00e9t\u00e9 merveilleusement adoucis par la v\u00e9n\u00e9ration de la Madone, Dame de Bauffremont en fit don au couvent des Capucins de Gray.<br \/>\nC&rsquo;est \u00e0 partir de cette \u00e9poque que commen\u00e7a la s\u00e9rie des miracles qui, pendant trois si\u00e8cles, ont rendu c\u00e9l\u00e8bre Notre-Dame de Gray. Signalons seulement celui qu&rsquo;elle fit en 1628 et 1629 en faveur des villes de D\u00f4le et de Salins, qu&rsquo;elle d\u00e9livra toutes deux de la peste. Echapp\u00e9e aux profanations de l&rsquo;\u00e9poque r\u00e9volutionnaire, la Madone v\u00e9n\u00e9r\u00e9e, le calme revenu, fut plac\u00e9e dans l&rsquo;Eglise paroissiale de la ville de Gray.<br \/>\nC&rsquo;est l\u00e0 qu&rsquo;en mai 1909,au milieu d&rsquo;un grand concours de peuple et de f\u00eates splendides, Notre-Dame de Gray fut magnifiquement couronn\u00e9e par Mgr l&rsquo;Archev\u00eaque de Besan\u00e7on. A cette occasion, le prince de Bauffremont l&rsquo;un des descendants de la famille de Rose de Bauffremont, qui acheta la statuette miraculeuse, a offert \u00e0 Mgr l&rsquo; Archev\u00eaque, une couronne tr\u00e8s artistique.<br \/>\nPar une attention d\u00e9licate, il a voulu que cette couronne soit d\u00e9pos\u00e9e dans le reliquaire renfermant l&rsquo;image. Voici la description de ce remarquable bijou : Le bandeau contient trois grenats et trois saphirs, entre deux bandes de diamants; les six palmettes sont orn\u00e9es de bandes de diamants et sont surmont\u00e9es d&rsquo;un gros diamant qui lui-m\u00eame, porte une petite croix en diamant, le tout est mont\u00e9 en or massif et porte \u00e0 l&rsquo;int\u00e9rieur, l&rsquo;inscription suivante: \u00ab\u00a0Offerte \u00e0 N.D de Gray par le Prince-Duc Eug\u00e8ne de Bauffremont, mai 1909\u00a0\u00bb Les bons barons de Bauffremont n&rsquo;ont pas d\u00e9g\u00e9n\u00e9r\u00e9. Que Notre-Dame de Gray prot\u00e8ge notre ch\u00e8re paroisse d&rsquo; Etival.<br \/>\n\u00ab\u00a0<strong>Joachim de Vienne dit de Bauffremont<\/strong>, succ\u00e9da \u00e0 son p\u00e8re Jean de Bauffremont, dans la terre de Clairvaux. Il mourut en 1635, laissant sept enfants de son mariage avec <strong>Margueritte de Rye de la Palu<\/strong>.<br \/>\nIl eut pour successeur son fils Claude Charles, qui fut tu\u00e9 en 1651, dans une \u00e9meute \u00e0 Ornans. Avant de mourir il avait par testament, institu\u00e9 pour h\u00e9ritier <strong>Claude, fils de Guillaume de Bauffremont, son cousin germain<\/strong>. Ce seigneur mourut le 22 septembre 1670, universellement aim\u00e9, estim\u00e9 et regrett\u00e9. <strong>Charles-Louis de Bauffremont<\/strong>, son fils lui succ\u00e9da. Ce seigneur mena en Flandre en 1656,quatre r\u00e9giments d&rsquo;infanterie et deux de cavalerie, qu&rsquo;il avait lev\u00e9s pour le service du roi d&rsquo;Espagne et se trouva \u00e0 la bataille de Saint-Venant.\u00a0\u00bb<br \/>\nCe fut Charles-Louis qui en vertu d&rsquo;un mandement octroy\u00e9 par le parlement de D\u00f4le, fit \u00e9tablir l&rsquo;\u00e9tat des reconnaissances, droits et redevances du Seigneur de Ch\u00e2tel-de-Joux sur le territoire d&rsquo;icelle et d&rsquo;Estival et Ronchaux. Ce travail commenc\u00e9 en 1663 fut termin\u00e9 pour Etival en 1667 et Ch\u00e2tel-de-Joux en 1669. Ce sont les deux mandatements \u00e0 terrier o\u00f9 nous avons puis\u00e9 la majeure partie des documents transcrits dans le bulletin paroissial.<br \/>\n<em>Voici une partie de la teneur du mandatement du Parlement:<br \/>\n\u00ab\u00a0Philippe, par la gr\u00e2ce de Dieu, Roy de Castille, de Naples, de Sicile, duc et comte de Bourgogne,etc&#8230; Au premier notaire, huissier ou sergent requis ,re\u00e7u avons l&rsquo;humble supplication et requeste de notre tr\u00e8s cher et f\u00e9al Messire Charles-Louis de Bauffemont, marquis de Meximieux et de Listenois, Vicomte de Marigny, baron de Scey-sur-Sa\u00f4ne, Clervaux, Durne, Monsaulgeon, seigneur de Rans, Pleurey, Charciey, Pusey et notre baillif d&rsquo;Aval en nostre Comt\u00e9 de Bourgogne et G\u00e9n\u00e9ral de bataille en nos arm\u00e9es,connaissant qu&rsquo;\u00e0 luy comp\u00e9tent et appartiennent la baronnie et seigneurerie de Clairvaux, la seigneurerie de Ch\u00e2tel-de-Joux, Ronchaux, Estival et Prel-nouel et leurs d\u00e9pendances \u00e0 raisons desquelles baronnie et seigneurerie lui sont d\u00e9heues plusieurs censes tailles ,prestations et redevances, assign\u00e9 sur les h\u00e9ritages assis ri\u00e8re icelle; deplus luy appartenant plusieurs droits et authorit\u00e9s tant aud&rsquo;Clervaux qu\u00e8s lieux d\u00e9pendants de lad&rsquo;terre ,desquelles il luy est n\u00e9cessaire de faire renouveller reconnaissances tant en g\u00e9n\u00e9ral qu\u00e8s particulier pour la conservation de ses droicts, attendu le changement survenu esd&rsquo;baronniers et seigneureries et aux possesseurs des fonds assis ri\u00e8re icelle despuis les derni\u00e8res guerres, pour ce sujet il nous suppliait tr\u00e8s humblement luy octroyer mandatement et terrier&#8230;<\/em>\u00ab\u00a0(Terrier Estival et Ronchaux 1667 : Pr\u00e9liminaires)<br \/>\nCet extrait non seulement nous donne les titres du seigneur de Ch\u00e2tel-de-Joux, mais nous apprend que le pays avait eu \u00e0 souffrir de la guerre de dix ans.<br \/>\nCar nous savons que dans les ann\u00e9es de 1636 \u00e0 1642 la terre de Saint-Claude, malgr\u00e9 la bravoure de ses d\u00e9fenseurs et particuli\u00e8rement de Lacuzon, fut sillonn\u00e9e et ravag\u00e9e par les bandes de Bernardt de Sauveimard. Une partie des habitants avait d\u00fb p\u00e9rir ; nous aurons\u00a0\u00a0 d&rsquo;ailleurs \u00e0 reparler de cette \u00e9poque.<br \/>\nCharles-Louis de Bauffremont fit son testament le 5 avril 1682 et mourut au mois de septembre de la m\u00eame ann\u00e9e. Il avait achev\u00e9 de r\u00e9unir les biens de sa famille par son mariage avec Louise-Fran\u00e7oise de Bauffremont sa cousine, fille de Joachin.- <strong>Pierre de Bauffremont <\/strong>quatri\u00e8me fils du pr\u00e9c\u00e9dent, succ\u00e9da \u00e0 son p\u00e8re .Il s&rsquo;acquit une grande r\u00e9putation militaire dans les campagnes qu&rsquo;il fit en Flandres et en Allemagne et mourut \u00e0 Paris au mois d&rsquo;Ao\u00fbt 1685, laissant deux fils Jacques-Antoine et Louis-Benigne.<br \/>\n<strong>Jacques-Antoine de Bauffremond<\/strong>, marquis de Listenois et de Clairvaux grand bailly d&rsquo;Aval, colonel de dragons, brigadier des arm\u00e9es du roi de France, puis mar\u00e9chal de camp, \u00e9pousa en 1706 Louise-Fran\u00e7oise, fille de Louis, comte de Mailly. Leur contrat de mariage fut pass\u00e9 \u00e0 Versailles, dans le cabinet de la duchesse de Bourgogne, en pr\u00e9sence du roi et des princes. Il mourut en 1710 d&rsquo;une blessure qu&rsquo;il avait re\u00e7ue au si\u00e8ge d&rsquo;Aire en Flandres, ne laissant qu&rsquo;une fille nomm\u00e9e Louise-Fran\u00e7oise, d\u00e9c\u00e9d\u00e9e au mois de mai 1716.<br \/>\nPour comprendre un tel honneur de la part de Louis XIV \u00e0 Jacques de Bauffremont, comme aussi les faveurs et les charges honorables octroy\u00e9es \u00e0 lui et \u00e0 sa famille, il faut savoir que les de Bauffremont, pour un motif inconnu des historiens, s&rsquo;\u00e9taient montr\u00e9s d\u00e8s le principe favorables \u00e0 la conqu\u00eate de la Franche-Comt\u00e9 par le roi de France.<br \/>\nUn des oncles de Jacques-Antoine, Claude-Paul de Bauffemont fut en effet du nombre des grands seigneurs qui avaient r\u00e9solu de livrer la Province \u00e0 Louis XIV.A un jour convenu, il voulut, \u00e0 la t\u00eate de 60 gentilshommes et de 300 miliciens, recrut\u00e9s dans la terre de Clairvaux, pr\u00e9parer par une insurrection l&rsquo;arriv\u00e9e des Fran\u00e7ais, qui d\u00e9j\u00e0 passaient la Sa\u00f4ne.<br \/>\nN&rsquo;ayant pu r\u00e9ussir dans ses projets sur la ville et la garnison de Poligny, il prit la campagne avec ses hommes, se fit battre par le commandant Massiette qui le poursuivit et le for\u00e7a de chercher un abri sur les bords de la Sa\u00f4ne, occup\u00e9s par les troupes du roi de France.<\/p>\n<p><span style=\"color: #ff0000;\">1911-09<\/span><br \/>\nLouis B\u00e9nigne, marquis de Bauffremond, Mirebeau, Clairvaux, Saint-Sorlin etc&#8230;.grand bailli d&rsquo;Aval, chevalier de la Toison d&rsquo;Or, colonel de dragons et mar\u00e9chal des camps et arm\u00e9es du roi, joignit aux biens de sa famille ceux de la riche succession de Gorrevod, comme descendant de Jeanne de Gorrevod.Il \u00e9pousa en 1712,H\u00e9l\u00e8ne de Courtenay, fille de Louis-Charles ,prince de Courtenay.\u00a0\u00a0 On sait que la maison de Courtenay descendait de Louis le Gros, roi de France, et qu&rsquo;elle a donn\u00e9 des empereurs \u00e0 Constantinople.<\/p>\n<p>De cette illustre alliance sont n\u00e9s :<\/p>\n<p>-Louis, marquis de Beauffremont, mestre de camp du r\u00e9giment de son nom;<\/p>\n<p>-Charles Roger, marquis de Listenois, capitaine de dragons au r\u00e9giment de son fr\u00e8re;<\/p>\n<p>-Joseph, marquis de Mirebeau, lieutenant de marine;<\/p>\n<p><strong>&#8211;<\/strong>Pierre, marquis de Clairvaux, guidon des gendarmes Bourguignons.<\/p>\n<p>Ces trois derniers \u00e9taient chevaliers de Malte.<\/p>\n<p>-Apr\u00e8s la mort de Pierre, Louis lui succ\u00e9da dans la terre de Clairvaux. Ce puissant Seigneur qui se qualifiait de Prince de Bauffrenont et du Saint-Empire romain ,Lieutenant g\u00e9n\u00e9ral des arm\u00e9es du roi, Gouverneur de Seyssel, Grand bailli d&rsquo;Aval, Chevalier d&rsquo;honneur au parlement de Besan\u00e7on&#8230;.. refusa de pr\u00eater serment, en pr\u00e9sence de quatre chevaliers, de maintenir les franchises des habitants de Claivaux. Ces derniers ne craignirent pas d&#8217;employer la voie judiciaire, pour le contraindre \u00e0 remplir cette formalit\u00e9 et obtinrent justice. C&rsquo;est lui aussi que nous avons vu r\u00e9clamer en qualit\u00e9 de Haut-Justicier, des baronnies et seigneuries de Claivaux, Saint-Sorlin, Ch\u00e2tel-de-Joux, le paiement de la part desd&rsquo;habitants des&rsquo;baronnies du droit d&rsquo;aide aux quatre cas au sujet du mariage de sa fille Louise-B\u00e9nigne de Baufemond avec Joseph de Beauffremont marquis de Listenois, c\u00e9l\u00e9br\u00e9 en 1762.<\/p>\n<p>\u00ab\u00a0Le dipl\u00f4me imp\u00e9rial, qui accorde le titre de Princes d&rsquo;Empire \u00e0 Louis de \u00e0 ses fr\u00e8res, en date de 1757, a \u00e9t\u00e9 produit au parlement le 15 novembre 1769, lors de la v\u00e9rification des titres et qualit\u00e9s de Charles-Roger d&rsquo;honneur en cette Cour.\u00a0\u00bb qui succ\u00e9da \u00e0 son p\u00e8re en1770.<br \/>\n<a href=\"#null\">retour<\/a><\/p>\n","protected":false},"excerpt":{"rendered":"<p>1911-07 Seigneurs de Ch\u00e2tel de Joux La terre de ch\u00e2tel de Joux d\u00e9pendant de la seigneurie de Clairvaux , les seigneurs de l&rsquo;autre lieu furent les m\u00eames. Les premiers seigneurs sortaient de l&rsquo;illustre famille des sires de Cuissel de l&rsquo;antique &hellip; <a href=\"https:\/\/etival-ronchaux.fr\/?page_id=241\">Continuer la lecture <span class=\"meta-nav\">&rarr;<\/span><\/a><\/p>\n","protected":false},"author":1,"featured_media":0,"parent":64,"menu_order":3,"comment_status":"closed","ping_status":"closed","template":"","meta":{"footnotes":""},"class_list":["post-241","page","type-page","status-publish","hentry"],"_links":{"self":[{"href":"https:\/\/etival-ronchaux.fr\/index.php?rest_route=\/wp\/v2\/pages\/241","targetHints":{"allow":["GET"]}}],"collection":[{"href":"https:\/\/etival-ronchaux.fr\/index.php?rest_route=\/wp\/v2\/pages"}],"about":[{"href":"https:\/\/etival-ronchaux.fr\/index.php?rest_route=\/wp\/v2\/types\/page"}],"author":[{"embeddable":true,"href":"https:\/\/etival-ronchaux.fr\/index.php?rest_route=\/wp\/v2\/users\/1"}],"replies":[{"embeddable":true,"href":"https:\/\/etival-ronchaux.fr\/index.php?rest_route=%2Fwp%2Fv2%2Fcomments&post=241"}],"version-history":[{"count":6,"href":"https:\/\/etival-ronchaux.fr\/index.php?rest_route=\/wp\/v2\/pages\/241\/revisions"}],"predecessor-version":[{"id":623,"href":"https:\/\/etival-ronchaux.fr\/index.php?rest_route=\/wp\/v2\/pages\/241\/revisions\/623"}],"up":[{"embeddable":true,"href":"https:\/\/etival-ronchaux.fr\/index.php?rest_route=\/wp\/v2\/pages\/64"}],"wp:attachment":[{"href":"https:\/\/etival-ronchaux.fr\/index.php?rest_route=%2Fwp%2Fv2%2Fmedia&parent=241"}],"curies":[{"name":"wp","href":"https:\/\/api.w.org\/{rel}","templated":true}]}}