{"id":254,"date":"2014-12-15T22:08:01","date_gmt":"2014-12-15T21:08:01","guid":{"rendered":"https:\/\/etival-ronchaux.fr\/?page_id=254"},"modified":"2015-02-19T22:54:48","modified_gmt":"2015-02-19T21:54:48","slug":"pestes-diverses","status":"publish","type":"page","link":"https:\/\/etival-ronchaux.fr\/?page_id=254","title":{"rendered":"Pestes diverses"},"content":{"rendered":"<p><span style=\"color: #ff0000;\">1913-03<\/span><\/p>\n<p>Aux malheurs des guerres et invasions dont il a \u00e9t\u00e9 parl\u00e9 pr\u00e9c\u00e9demment, vint s&rsquo;ajouter un autre fl\u00e9au non moins terrible et d\u00e9vastateur : Je veux dire la peste qui en plusieurs fois ravagea notre pays.<br \/>\n\u00ab\u00a0Apr\u00e8s avoir d\u00e9vast\u00e9 l&rsquo;Asie et l&rsquo;Afrique, la peste noire s&rsquo;abattit tout \u00e0 coup sur l&rsquo;Europe. C&rsquo;\u00e9tait en 1348. La Sicile d&rsquo;abord, ensuite Pise et G\u00eanes furent rudement \u00e9prouv\u00e9es par le fl\u00e9au; il \u00e9tendit bient\u00f4t ses ravages \u00e0 la Corse, \u00e0 la Sardaigne, \u00e0 toute l&rsquo;Italie, \u00e0 la France. A peu pr\u00e8s partout, suivant un t\u00e9moin oculaire, il emporta les neuf dixi\u00e8mes de la population, en beaucoup de lieux m\u00eame 95%.<br \/>\nCelui qu&rsquo;atteignait ce mal sans rem\u00e8de, lui r\u00e9sistait \u00e0 peine deux jours, bien rarement trois jours. A Paris, on compta jusqu&rsquo;\u00e0 500 morts par jour. Arrivant par l&rsquo;Italie et franchissant les Alpes, la peste aborda le Comt\u00e9 de Bourgogne par le midi, p\u00e9n\u00e9tra \u00e0 Poligny, Arbois, et de l\u00e0 gagna Salins et Besan\u00e7on.<br \/>\nDans les villes, sur les chemins, on n&rsquo;apercevait que malades au teint livide, aux regards mourants dont la peau \u00e9tait couverte d&rsquo;exanth\u00e8mes noirs, rouges ou bleu\u00e2tres.<\/p>\n<p>La terre de Saint-Claude, malgr\u00e9 son climat extr\u00eamement salubre, fut horriblement \u00e9prouv\u00e9e par le fl\u00e9au. Le plus grand nombre des habitants moururent \u00e0 Saint-Claude, \u00e0 Moirans, et dans tous les villages (Etival sans doute). Ces ravages de la peste eurent lieu en 1349. Aussi cette ann\u00e9e demeura tristement fameuse sous le nom \u00ab\u00a0d&rsquo;ann\u00e9e de la grande mort.\u00a0\u00bb Le Haut-Jura redevenu d\u00e9sert comme avant l&rsquo;arriv\u00e9e des moines, les for\u00eats envahirent de nouveau les terrains d\u00e9frich\u00e9s, les ours reparurent et se multipli\u00e8rent.<\/p>\n<p>Un fl\u00e9au du m\u00eame genre d\u00e9sola la terre de Saint-Claude au XVI et XVII si\u00e8cles. En 1564, 1606, 1630, 1636, la peste fit de nombreuses victimes, malgr\u00e9 les pr\u00e9cautions que prenaient partout les \u00e9schevins et magistrats.<\/p>\n<p>En quelques mots, nous allons voir que ces pr\u00e9cautions \u00e9taient les m\u00eames que de nos jours et qu&rsquo;on ne saurait attribuer \u00e0 la n\u00e9gligence de nos anc\u00eatres les terribles ravages du fl\u00e9au.<br \/>\n<em>\u00ab\u00a0D&rsquo;abord on ne laisse p\u00e9n\u00e9trer, tout au moins dans les villes, aucune personne sans un examen de sant\u00e9. En outre plusieurs familles sont mises en quarantaine dans leurs maisons, soit \u00e0 cause de leurs relations ant\u00e9rieures avec la famille du d\u00e9funt, soit pour des communications r\u00e9centes avec les lieux \u00e9prouv\u00e9s par le fl\u00e9au. Ceux qui meurent de la peste, sont enterr\u00e9s dans un endroit sp\u00e9cial qui prend le nom de \u00ab\u00a0cimeti\u00e8re des pestif\u00e9r\u00e9s\u00a0\u00bb, dont on ne devra pas s&rsquo;approcher et laisser m\u00eame sans culture pendant un certain temps les champs et jardins environnants.<br \/>\nPuis les autres membres de la famille du pestif\u00e9r\u00e9 et les domestiques sont transport\u00e9s dans des cabanes ou loges \u00e9loign\u00e9es de la ville ou du village o\u00f9 l&rsquo;on pourvoyait \u00e0 leur n\u00e9cessaire aux frais de la famille ou de la communaut\u00e9. Pendant ce temps, les malgoguets nettoyaient la maison.<br \/>\nLes malgoguets \u00e9taient des nettoyeurs qui faisaient profession de purifier les maisons des pestif\u00e9r\u00e9s au moyen de parfums sp\u00e9ciaux et par un ensemble de fumigations et de pratiques diverses qui composaient leur art.\u00a0\u00bb<\/em> Qu&rsquo;on me permette de donner ici un sp\u00e9cimen de d\u00e9sinfection. C&rsquo;est celui de la d\u00e9sinfection de la ville de Montpellier, apr\u00e8s la peste de 1630, indiqu\u00e9 dans le<em> COSMOS, <\/em>num\u00e9ros 15, 22 et 29 mars 1890.<br \/>\n\u00a0\u00bb L&rsquo;entreprise fut confi\u00e9e \u00e0 un Dominicain, le P.Tamisier, (toujours des Cur\u00e9s,quoi! ou il a quelque p\u00e9ril !) Apr\u00e8s des pri\u00e8res solennelles destin\u00e9es \u00e0 attirer les b\u00e9n\u00e9dictions de Dieu sur l&rsquo;entreprise, le P.Tamisier se mit \u00e0 l&rsquo;\u0153uvre. On d\u00e9sinfecta une \u00e0 une toutes les maisons de la ville. Le P.Tamisier entrait le premier, on ouvrait fen\u00eatres et l&rsquo;on allumait un feu de gen\u00e9vrier et de romarin \u00ab\u00a0pour chasser l&rsquo;air le plus grossier\u00a0\u00bb, deux clercs faisaient l&rsquo;inventaire de tous les objets, puis deux quatre ou six d\u00e9sinfecteurs, selon le cas, p\u00e9n\u00e9traient dans la maison, en enlevaient les objets destin\u00e9s \u00e0 \u00eatre d\u00e9sinfect\u00e9s \u00e0 la buanderie, tels que linge, draps, couvertures, qu&rsquo;ils chargeaient sur des charrettes et conduisaient \u00ab\u00a0au moulin\u00a0\u00bb Ensuite, apr\u00e8s avoir enlev\u00e9 les grosses ordures, ils balayaient soigneusement les planchers, les murs, les plafonds, les meubles, les coins obscurs, puis lavaient les murs ,portes, fen\u00eatres, vitres et si\u00e8ges, avec de la lessive ou de l&rsquo;eau vinaigr\u00e9e, laissaient s\u00e9cher et essuyaient.\u00a0\u00bb<br \/>\nCela fait, ils se retiraient pour faire place aux fumigateurs. Ceux-ci se livraient \u00e0 des op\u00e9rations qui duraient 4 jours.<br \/>\n\u00ab\u00a0Le premier jour apr\u00e8s avoir bien ferm\u00e9 toutes les issues, ils faisaient une fumigation avec du foin arros\u00e9 de vinaigre ou de mauvais vin, Ce \u00ab\u00a0parfum\u00a0\u00bb, r\u00e9pendait une fum\u00e9e \u00e2cre et \u00e9paisse qui durait toute la journ\u00e9e ; le soir seulement on ouvrait les portes et les fen\u00eatres pour la dissiper. Le deuxi\u00e8me jour apr\u00e8s avoir referm\u00e9 les ouvertures, ils faisaient dans chaque chambre un feu de sabine, de romarin, de genevrier, de lavande, et proc\u00e9daient comme la veille \u00e0 l&rsquo;ouverture des fen\u00eatres. Le troisi\u00e8me jour \u00e9tait celui du parfum violent, qui se faisait en projetant sur une plaque de fer rougie ou sur un po\u00eale des substances volatiles fortement antiseptiques, telles que le soufre et les compos\u00e9s mercuriels ou arsenicaux. Enfin le quatri\u00e8me jour, \u00e9tait celui du parfum doux, destin\u00e9 \u00e0 chasser les mauvaises odeurs des op\u00e9rations pr\u00e9c\u00e9dentes, il se faisait en br\u00fblant dans la maison des baies de geni\u00e8vre ou de r\u00e9sines aromatiques. Ces op\u00e9rations dur\u00e8rent deux mois.\u00a0\u00bb<br \/>\nMalgr\u00e9 toutes les pr\u00e9cautions prises, nous le r\u00e9p\u00e9tons, la peste fit de nombreuses victimes partout o\u00f9 elle passa et par cons\u00e9quent dans la terre de Saint-Claude. Nous verrons plus bas la preuve qu&rsquo; Etival fut atteint par le fl\u00e9au.<\/p>\n<p>Cependant le peuple chr\u00e9tien comprend que ces fl\u00e9aux sont des ch\u00e2timents de la col\u00e8re divine et que le pr\u00e9servatif le plus efficace est la pri\u00e8re. C&rsquo;est pourquoi on voit les religieux eschevins de Saint-Claude, par exemple, d\u00e9cider <em>\u00ab\u00a0qu&rsquo;on fera une procession solennelle aux Ronchaux&#8230;qu&rsquo;il sera offert un cierge de 6 livres \u00e0 l&rsquo;\u00e9glise dud&rsquo;lieu&#8230;un ornement \u00e0 l&rsquo;\u00e9glise de Notre-Dame de Gray\u00a0\u00bb.<br \/>\n<\/em>Puis en plusieurs endroits \u00e0 Saint-Claude, \u00e0 Avignon, \u00e0 Clairvaux, on \u00e9l\u00e8ve des chapelles et oratoires en l&rsquo;honneur de Saint Roch qu&rsquo;on invoque contre la peste. Ailleurs on lui \u00e9l\u00e8ve un autel dans l&rsquo;\u00e9glise paroissiale ou tout au moins on y place sa statue, au pied de laquelle viennent se prosterner les fid\u00e8les suppliants. C&rsquo;est ainsi qu&rsquo;il en fut \u00e0 la chapelle de N-D d&rsquo;Estival. On peut voir encore sur la tribune de la sacristie actuelle la statue en bois de saint Roch, invoqu\u00e9 par nos anc\u00eatres pour la cessation du fl\u00e9au.<\/p>\n<p>Apr\u00e8s la cessation du fl\u00e9au, nous voyons aussi les \u00e9chevins au nom de la ville ou du village, les particuliers m\u00eames faire offrir le saint Sacrifice de la messe, en action de gr\u00e2ce. C&rsquo;est encore ce que nous retrouvons \u00e0 Estival. Voici le document.<br \/>\n<em>\u00ab\u00a0Comme il soit que bon loys Janod-Perrin d&rsquo;Estival aurait \u00e9t\u00e9 m\u00e9hu de d\u00e9votion cy-devant en l&rsquo;ann\u00e9e mil six-cent trente-sept ,lors aud&rsquo;temps atteint de maladie contagieuse de peste et r\u00e9gnant aud&rsquo;Estival, il aurait donn\u00e9 \u00e0 l&rsquo;Eglise et chapelle \u00e9rig\u00e9e aud&rsquo;lieu une pi\u00e8ce de terre ditte et appel\u00e9e au Carr\u00e9 pour la dotation et fondation de deux messes \u00e0 basse voix des tr\u00e9pass\u00e9s, qui se c\u00e9l\u00e9breraient annuellement en l&rsquo;Eglise et chapelle dud&rsquo;Estival par le Sr Chapelain et d\u00e9sservant tant \u00e0 un chacun jour de saint Louys, vingt-cinqui\u00e8me d&rsquo;ao\u00fbt et l&rsquo;autre jour de feste sainte Barbe, quatri\u00e8me de d\u00e9cembre ; et comme lad&rsquo;pi\u00e8ce du Carr\u00e9 se trouve charg\u00e9e de Cense de froment et d&rsquo;avoyne, tant envers Mgr l&rsquo;Abb\u00e9 de Saint-Claude, que seigneur de Ch\u00e2tel-de-Joux, et craignant qu&rsquo;avec le temps lad&rsquo;Cense, demeurant \u00e0 payer lad&rsquo; fondation, ne soit esteinte ; or, est-il que le jourdhuy date de ceste par devant Anatoyle Berrez dud&rsquo;Estival, notaire, s&rsquo;est constitu\u00e9e en personne, led&rsquo; Louys Janod, lequel pour ces raisons, et d&rsquo;autres justes consid\u00e9rations \u00e0 ce le mouvant et d\u00e9sirant continuer le bon z\u00e8le de d\u00e9votion, l&rsquo;en a transf\u00e9r\u00e9 lad&rsquo;fondation sur une aultre pi\u00e8ce de terre assise et situ\u00e9e ri\u00e8re le territoire dud&rsquo; Estival contenant environ deux tiers de pose lieu dit \u00ab\u00a0<\/em><strong><em>en la pourterie<\/em><\/strong><em>\u00ab\u00a0, laquelle pi\u00e8ce il a d\u00e9nonc\u00e9 estre franche de toutes censes envers qui que ce soit, la raison qu&rsquo;il a transf\u00e9r\u00e9 lad&rsquo;fondation sur lad&rsquo;pi\u00e8ce et entendant le Sr Chapelain en jouyre \u00e0 jamais moyennant qu&rsquo;il sera tenu et oblig\u00e9 dire et c\u00e9l\u00e9brer lesd&rsquo; deux messes basses en lad&rsquo;chapelle auxd&rsquo;jours de feste saint Louys et feste sainte Barbe, pour le saint et rem\u00e8de de son \u00e2me et de ses pr\u00e9d\u00e9cesseurs.<\/em><\/p>\n<p><em>V\u00e9n\u00e9rable Sr Messire Andr\u00e9 Grand, pr\u00eatre chapelain de lad&rsquo;chapelle pr\u00e9sent, stipulant et acceptant pour luy et ses succ\u00e9sseurs chapelains, en icelle avec promesse faicte par led&rsquo; Loys Janod d&rsquo;avoir tout le cy-dessus contenu pour ferme et agr\u00e9able sans jamais y contrevenir, ni souffrir y \u00eatre contrevenu directement de fa\u00e7on que se soit.<br \/>\nFaict et pass\u00e9 aud&rsquo;lieu d&rsquo;Estival, le vingt-quatri\u00e8me jour du mois d&rsquo;avril de l&rsquo;an mil-sept-cent soixante-et-un, en pr\u00e9sence de Jean Berrez, de Claude Frazier dud&rsquo;Estival, ,tesmoings : J.Berrez, C.Frazier, et dud&rsquo;Sr Berrez, notaire .Exp\u00e9di\u00e9 au profit de lad&rsquo;chapelle et Sr Chapelain.\u00a0 <\/em>A.Berrez, notaire\u00a0\u00bb<\/p>\n<p>Cet acte authentique nous apprend que la peste fit des ravages au village d&rsquo; Etival, et certainement aussi dans les deux communaut\u00e9s; mais il nous montre la pi\u00e9t\u00e9 des pestif\u00e9r\u00e9s qui, sachant que les maux nous arrivent par la permission de Dieu, ont recours \u00e0 Lui, pour obtenir leur gu\u00e9rison. Il t\u00e9moigne aussi de la reconnaissance de celui qui atteint d&rsquo;un si terrible mal, a obtenu d&rsquo;en \u00eatre d\u00e9livr\u00e9. C&rsquo;est l\u00e0 un exemple que je suis heureux d&rsquo;offrir, apr\u00e8s des si\u00e8cles, \u00e0 la m\u00e9ditation des fid\u00e8les habitants de la paroisse.<br \/>\nRetour \u00e0 la <a title=\"Avant 1678\" href=\"https:\/\/etival-ronchaux.fr\/?page_id=250\">\u00ab\u00a0Vie des villages avant 1678\u00a0\u00bb<\/a>.<\/p>\n<p>&nbsp;<\/p>\n","protected":false},"excerpt":{"rendered":"<p>1913-03 Aux malheurs des guerres et invasions dont il a \u00e9t\u00e9 parl\u00e9 pr\u00e9c\u00e9demment, vint s&rsquo;ajouter un autre fl\u00e9au non moins terrible et d\u00e9vastateur : Je veux dire la peste qui en plusieurs fois ravagea notre pays. \u00ab\u00a0Apr\u00e8s avoir d\u00e9vast\u00e9 l&rsquo;Asie &hellip; <a href=\"https:\/\/etival-ronchaux.fr\/?page_id=254\">Continuer la lecture <span class=\"meta-nav\">&rarr;<\/span><\/a><\/p>\n","protected":false},"author":1,"featured_media":0,"parent":250,"menu_order":5,"comment_status":"closed","ping_status":"closed","template":"","meta":{"footnotes":""},"class_list":["post-254","page","type-page","status-publish","hentry"],"_links":{"self":[{"href":"https:\/\/etival-ronchaux.fr\/index.php?rest_route=\/wp\/v2\/pages\/254","targetHints":{"allow":["GET"]}}],"collection":[{"href":"https:\/\/etival-ronchaux.fr\/index.php?rest_route=\/wp\/v2\/pages"}],"about":[{"href":"https:\/\/etival-ronchaux.fr\/index.php?rest_route=\/wp\/v2\/types\/page"}],"author":[{"embeddable":true,"href":"https:\/\/etival-ronchaux.fr\/index.php?rest_route=\/wp\/v2\/users\/1"}],"replies":[{"embeddable":true,"href":"https:\/\/etival-ronchaux.fr\/index.php?rest_route=%2Fwp%2Fv2%2Fcomments&post=254"}],"version-history":[{"count":4,"href":"https:\/\/etival-ronchaux.fr\/index.php?rest_route=\/wp\/v2\/pages\/254\/revisions"}],"predecessor-version":[{"id":516,"href":"https:\/\/etival-ronchaux.fr\/index.php?rest_route=\/wp\/v2\/pages\/254\/revisions\/516"}],"up":[{"embeddable":true,"href":"https:\/\/etival-ronchaux.fr\/index.php?rest_route=\/wp\/v2\/pages\/250"}],"wp:attachment":[{"href":"https:\/\/etival-ronchaux.fr\/index.php?rest_route=%2Fwp%2Fv2%2Fmedia&parent=254"}],"curies":[{"name":"wp","href":"https:\/\/api.w.org\/{rel}","templated":true}]}}