{"id":260,"date":"2014-12-16T17:46:24","date_gmt":"2014-12-16T16:46:24","guid":{"rendered":"https:\/\/etival-ronchaux.fr\/?page_id=260"},"modified":"2015-01-14T18:20:45","modified_gmt":"2015-01-14T17:20:45","slug":"1678-on-est-francais","status":"publish","type":"page","link":"https:\/\/etival-ronchaux.fr\/?page_id=260","title":{"rendered":"Apr\u00e8s 1678"},"content":{"rendered":"<p><a title=\"Epoque r\u00e9volutionnaire\" href=\"https:\/\/etival-ronchaux.fr\/?page_id=262\">\u00c9poque R\u00e9volutionnaire<\/a><\/p>\n<p>1913-05<\/p>\n<p>Malgr\u00e9 la vaillance et l&rsquo;h\u00e9ro\u00efsme des d\u00e9fenseurs de la Province, les de Lesay, de Maisod, de Mandre, et Lacuzon, pour ne citer que ceux de la r\u00e9gion, La Franche-Comt\u00e9 \u00e9tait conquise. La paix de Nim\u00e8gue l&rsquo;annexa \u00e0 la France.<br \/>\n\u00ab\u00a0Le dit seigneur tr\u00e8s-chr\u00e9tien (Louis XIV), retiendra et demeurera saisi et jouira <em>effectivement de tout le Comt\u00e9 de Bourgogne, appel\u00e9 la Franche-Comt\u00e9 et des villages, places et pays en d\u00e9pendant, y compris la ville de Besan\u00e7on et son district.\u00a0\u00bb Art XII du trait\u00e9. Cette r\u00e9union ,dont nous sommes si fiers, puisqu&rsquo;elle nous a uni \u00e0 la noble et toujours chr\u00e9tienne nation Fran\u00e7aise, a \u00e9t\u00e9 l&rsquo;une des plus douloureuse \u00e9preuves qu&rsquo;aient eues \u00e0 subir dans le cours des si\u00e8cles, les c\u0153urs Comtois.\u00a0\u00bb<\/em><\/p>\n<p>La Franche-Comt\u00e9, durant les longs si\u00e8cles o\u00f9 elle avait fait partie du Saint-Empire ou de la monarchie espagnole, avait joui d&rsquo;une ind\u00e9pendance compl\u00e8te ou presque compl\u00e8te.<br \/>\nL&rsquo;Espagne la poss\u00e9dait moins qu&rsquo;elle n&#8217;emp\u00eachait la France de la poss\u00e9der Nos p\u00e8res \u00e9taient gouvern\u00e9s en r\u00e9alit\u00e9 par le parlement de D\u00f4le et par les seigneurs locaux. Les \u00e9tats g\u00e9n\u00e9raux se r\u00e9unissaient tous les deux ou trois ans, ils votaient les imp\u00f4ts, faisaient les repr\u00e9sentations au souverain, d\u00e9lib\u00e9raient sur toutes les affaires importantes de la Province.<br \/>\nDurant le Moyen-Age, la Franche-Comt\u00e9 n&rsquo;avait pas pay\u00e9 d&rsquo;imp\u00f4ts au Saint-Empire. Dans les derniers temps, elle accordait au roi d&rsquo;Espagne un<em> don gratuit<\/em>, mais ce don rappelait par son nom m\u00eame, qu&rsquo;il \u00e9tait une concession, librement vot\u00e9e par les Etats, il devait au reste \u00eatre employ\u00e9 dans la Province, pour l&rsquo;entretien des places de guerre et autres n\u00e9cessit\u00e9s du pays.<br \/>\nCette noble ind\u00e9pendance, ces franchises si amples, \u00e9taient ch\u00e8res au c\u0153ur de tout Comtois. Aussi apr\u00e8s la conqu\u00eate, malgr\u00e9 les r\u00e9jouissances command\u00e9es par les officiers de Louis XIV, nos p\u00e8res pendant plus de cent ans, pleur\u00e8rent leurs libert\u00e9s perdues et demeur\u00e8rent antipathiques \u00e0 la France. Ils chant\u00e8rent le<em> Te Deum<\/em>, forc\u00e9, mais un grand nombre prirent le chemin de l&rsquo;exil<\/p>\n<p>Le c\u00e9l\u00e8bre partisan Lacuzon s&rsquo;exila \u00e0 Milan, o\u00f9 il mourut le 21 d\u00e9cembre 1681, \u00e2g\u00e9 de 74 ans. Citons encore deux autres Comtois, nous touchant de plus pr\u00e8s, qui pr\u00e9f\u00e9r\u00e8rent la terre d&rsquo;exile, plut\u00f4t que de se soumettre \u00e0 Louis XIV.Ce furent deux fr\u00e8res des abb\u00e9 Jacques et Philibert Dunod, successivement Cur\u00e9s de Soucia et par le fait d&rsquo;Estival, de 1654 \u00e0 1687.<br \/>\n-le premier messire Antide Dunod, cur\u00e9 de Saint-Maurice de Besan\u00e7on, puis cur\u00e9 de Saint-Maur (Jura), de 1658 \u00e0 1675, pris la route de la Boh\u00eame, devint \u00e9v\u00eaque de Vidin, sur le Danube, et mourut \u00e0 Prague, dans la charge de premier conseiller \u00e0 la cour de l&rsquo;Empereur.<br \/>\n-le deuxi\u00e8me, dont on ignore le nom, partit pour Vienne, ou il se distingua au point de gagner lui aussi l&rsquo;affection de l&rsquo;Empereur. A l&rsquo;investissement de la ville par le Sultan, il refusa d&rsquo;en sortir son courage et son intr\u00e9pidit\u00e9 sur les champs de bataille, lui m\u00e9rit\u00e8rent le surnom de Fl\u00e9au des Turcs. Tu\u00e9 d&rsquo;un coup de mousquet, il offrit son sang pour le triomphe de l&rsquo;arm\u00e9e chr\u00e9tienne.<br \/>\nTrois autres fr\u00e8res, de la m\u00eame famille Dunod, pour n&rsquo;avoir pas acclam\u00e9 le vainqueur de la Franche-Comt\u00e9, furent saisis et jet\u00e9s en prison savoir :<br \/>\n-Le R.P Etienne Dunod de l&rsquo;oratoire, confesseur des Clarisses de Poligny, fut le 5 janvier 1691, enlev\u00e9 de force par les archers royaux et tra\u00een\u00e9 \u00e0 Lyon.<br \/>\n-Le P.Augustin Dunod, capucin, fut de m\u00eame conduit \u00e0 Pont-saint-Esprit.<br \/>\n-Le P. Pierre joseph Dunod, j\u00e9suite, fut intern\u00e9 \u00e0 Poitiers.<br \/>\nLes Clarisses de Poligny, qui eurent pour Abbesse, la R.M. Huberte-Fran\u00e7oise Dunod, s\u0153ur des pr\u00e9c\u00e9dents, travaill\u00e8rent de toutes leurs forces \u00e0 l&rsquo;\u00e9largissement des trois prisonniers, et elles y parvinrent par l&rsquo;entremise du P. de la Chaise, confesseur du Roi et de l&rsquo;intendant de Franche-Comt\u00e9, le 23 janvier 1693 ils furent en effet remis en libert\u00e9.<\/p>\n<p>On comprend facilement que le plus grand nombre, que la multitude des vaincus, ne purent prendre le chemin de l&rsquo;exil, et demeur\u00e8rent dans la Province, mais pour manifester \u00e0 leur mani\u00e8re leur attachement \u00e0 la Comt\u00e9, \u00a0\u00bb Ils se faisaient enterrer la face contre terre, pour ne pas voir le soleil de Louis XIV.\u00a0\u00bb<strong><br \/>\n<\/strong>Quelle le\u00e7on de patriotisme pour les antimilitaristes et internationalistes de notre \u00e9poque.<br \/>\nMa\u00eetre de la Franche-Comt\u00e9, Louis XIV s&rsquo;appliqua \u00e0 y \u00e9tablir le r\u00e9gime centralis\u00e9 de la France, et \u00e0 ruiner les institutions qui pouvaient entretenir dans les Comtois le souvenir de leur vieille ind\u00e9pendance, Il pla\u00e7a \u00e0 la t\u00eate de la Franche Comt\u00e9 un intendant, qui avait dans la province les m\u00eames pouvoirs que le roi de France. Le parlement de D\u00f4le, transf\u00e9r\u00e9 \u00e0 Besan\u00e7on, ne compta plus. Les Etats G\u00e9n\u00e9raux de la province, furent supprim\u00e9s. La domination Fran\u00e7aise se fit remarquer par l&rsquo;augmentation des imp\u00f4ts. Les Fran\u00e7ais, r\u00e9partis en vingt-deux classes, payaient tous l&rsquo;imp\u00f4t personnel, appel\u00e9 <strong><em>capitation<\/em><\/strong><em>. <\/em>Les Francs-Comtois y furent assujettis.<\/p>\n<p>\u00ab\u00a0La capitation a mont\u00e9 par an, \u00e0 la somme de 610.000 livres et jusqu&rsquo;\u00e0 615.000 livres, toute non-valeur d\u00e9duite.\u00a0\u00bb<br \/>\nD&rsquo;autres imp\u00f4ts vinrent peser plus lourdement encore sur la Franche-Comt\u00e9 : ce fut celui de la milice et celui des logements militaires. Il est ais\u00e9 de comprendre que les Comtois, en comparant leurs charges nouvelles avec leurs charges anciennes, aient eu tant de peine \u00e0 se r\u00e9signer \u00e0 la domination fran\u00e7aise. Mais depuis longtemps, heureux d&rsquo;appartenir \u00e0 la France, les fils des anciens preux sont fiers d&rsquo;\u00eatre Fran\u00e7ais. Tout en gardant au c\u0153ur l&rsquo;antique souvenir.<\/p>\n","protected":false},"excerpt":{"rendered":"<p>\u00c9poque R\u00e9volutionnaire 1913-05 Malgr\u00e9 la vaillance et l&rsquo;h\u00e9ro\u00efsme des d\u00e9fenseurs de la Province, les de Lesay, de Maisod, de Mandre, et Lacuzon, pour ne citer que ceux de la r\u00e9gion, La Franche-Comt\u00e9 \u00e9tait conquise. La paix de Nim\u00e8gue l&rsquo;annexa \u00e0 &hellip; <a href=\"https:\/\/etival-ronchaux.fr\/?page_id=260\">Continuer la lecture <span class=\"meta-nav\">&rarr;<\/span><\/a><\/p>\n","protected":false},"author":1,"featured_media":0,"parent":205,"menu_order":8,"comment_status":"closed","ping_status":"closed","template":"","meta":{"footnotes":""},"class_list":["post-260","page","type-page","status-publish","hentry"],"_links":{"self":[{"href":"https:\/\/etival-ronchaux.fr\/index.php?rest_route=\/wp\/v2\/pages\/260","targetHints":{"allow":["GET"]}}],"collection":[{"href":"https:\/\/etival-ronchaux.fr\/index.php?rest_route=\/wp\/v2\/pages"}],"about":[{"href":"https:\/\/etival-ronchaux.fr\/index.php?rest_route=\/wp\/v2\/types\/page"}],"author":[{"embeddable":true,"href":"https:\/\/etival-ronchaux.fr\/index.php?rest_route=\/wp\/v2\/users\/1"}],"replies":[{"embeddable":true,"href":"https:\/\/etival-ronchaux.fr\/index.php?rest_route=%2Fwp%2Fv2%2Fcomments&post=260"}],"version-history":[{"count":5,"href":"https:\/\/etival-ronchaux.fr\/index.php?rest_route=\/wp\/v2\/pages\/260\/revisions"}],"predecessor-version":[{"id":444,"href":"https:\/\/etival-ronchaux.fr\/index.php?rest_route=\/wp\/v2\/pages\/260\/revisions\/444"}],"up":[{"embeddable":true,"href":"https:\/\/etival-ronchaux.fr\/index.php?rest_route=\/wp\/v2\/pages\/205"}],"wp:attachment":[{"href":"https:\/\/etival-ronchaux.fr\/index.php?rest_route=%2Fwp%2Fv2%2Fmedia&parent=260"}],"curies":[{"name":"wp","href":"https:\/\/api.w.org\/{rel}","templated":true}]}}