{"id":262,"date":"2014-12-16T17:55:28","date_gmt":"2014-12-16T16:55:28","guid":{"rendered":"https:\/\/etival-ronchaux.fr\/?page_id=262"},"modified":"2015-02-19T21:51:16","modified_gmt":"2015-02-19T20:51:16","slug":"epoque-revolutionnaire","status":"publish","type":"page","link":"https:\/\/etival-ronchaux.fr\/?page_id=262","title":{"rendered":"Epoque r\u00e9volutionnaire"},"content":{"rendered":"<h4><a title=\"Entreprises administratives\" href=\"https:\/\/etival-ronchaux.fr\/?page_id=264\">Ent administratives<\/a> &#8211; <a title=\"Entreprises belliqueuses\" href=\"https:\/\/etival-ronchaux.fr\/?page_id=269\">Ent belliqueuses<\/a> &#8211; <a title=\"Entreprises d\u2019ordre interieur\" href=\"https:\/\/etival-ronchaux.fr\/?page_id=276\">Ordre int\u00e9rieur<\/a> &#8211; <a title=\"Exp\u00e9dients financiers\" href=\"https:\/\/etival-ronchaux.fr\/?page_id=281\">Exp\u00e9dients financiers<\/a> &#8211; <a title=\"La religion de l\u2019Etre supr\u00eame\" href=\"https:\/\/etival-ronchaux.fr\/?page_id=299\">Nouvelle religion<\/a><\/h4>\n<p><span style=\"color: #ff0000;\">1913-06<\/span><\/p>\n<p>Malgr\u00e9 le changement de nationalit\u00e9 et le mode de gouvernement g\u00e9n\u00e9ral, apport\u00e9 par le trait\u00e9 d&rsquo;annexion de la Franche-Comt\u00e9 \u00e0 la France, la vie communale de nos anc\u00eatres ne fut pas trop modifi\u00e9e.<br \/>\nComme avant l&rsquo;annexion, ils v\u00e9curent sous l&rsquo;administration bienveillante de leurs Echevins et Prud&rsquo;hommes, payant des imp\u00f4ts nouveaux, mais aussi jouissant des biens de communaut\u00e9s. Mais voici venir un \u00e9v\u00e8nement qui va bouleverser non seulement la France, mais l&rsquo;Europe enti\u00e8re : c&rsquo;est la r\u00e9volution fran\u00e7aise.<br \/>\nEv\u00e9nement ou plut\u00f4t \u00e9poque bien triste, il est vrai, mais dont l&rsquo;\u00e9tude tr\u00e8s int\u00e9ressante d&rsquo;ailleurs, offre aux esprits s\u00e9rieux plus d&rsquo;une le\u00e7on sur la conduite de la Providence vis-\u00e0-vis des peuples et de l&rsquo;Eglise de J.C. Oui, il sera int\u00e9ressant et instructif de retracer dans le Bulletin, les entreprises de la R\u00e9volution dans la paroisse d&rsquo;Estival, entreprises qui, comme partout, peuvent se rapporter \u00e0 cinq groupes:<\/p>\n<p>1\u00b0) Les entreprises administratives, \u00e9lection des municipalit\u00e9s, \u00e9lection des cinq \u00e9lecteurs cantonaux pour la nomination d&rsquo;un membre \u00e0 l&rsquo;assembl\u00e9e l\u00e9gislative o\u00f9 \u00e0 celle de la Constituante.<br \/>\n2\u00b0) Entreprises belliqueuses, lev\u00e9es d&rsquo;hommes ou de chevaux, r\u00e9quisitions ou faits de guerre.<br \/>\n3\u00b0) Entreprises d&rsquo;ordre int\u00e9rieur, garde nationale, s\u00e9ances permanentes, comit\u00e9s de surveillance.<br \/>\n4\u00b0) Exp\u00e9dients financiers, contributions patriotiques, assignats, vente des biens nationaux.<br \/>\n5\u00b0) Entreprises religieuses, inventaire des biens de l&rsquo;\u00e9glise, fermeture des \u00e9glises, etc&#8230;.<\/p>\n<p>Il va sans dire que je n&rsquo;ai pas la pr\u00e9tention de traiter chacune de ces questions, de gros volumes n&rsquo;y suffiraient pas et surtout pour cela, il me manque une chose que je n&rsquo;ai pas besoin de nommer.<br \/>\nBref je noterai sur chacune d&rsquo;elles ce que j&rsquo;ai pu trouver d&rsquo;int\u00e9ressant sur la paroisse. J&rsquo;ordonnerai donc mon r\u00e9cit suivant l&rsquo;indication donn\u00e9e plus haut.<\/p>\n","protected":false},"excerpt":{"rendered":"<p>Ent administratives &#8211; Ent belliqueuses &#8211; Ordre int\u00e9rieur &#8211; Exp\u00e9dients financiers &#8211; Nouvelle religion 1913-06 Malgr\u00e9 le changement de nationalit\u00e9 et le mode de gouvernement g\u00e9n\u00e9ral, apport\u00e9 par le trait\u00e9 d&rsquo;annexion de la Franche-Comt\u00e9 \u00e0 la France, la vie communale &hellip; <a href=\"https:\/\/etival-ronchaux.fr\/?page_id=262\">Continuer la lecture <span class=\"meta-nav\">&rarr;<\/span><\/a><\/p>\n","protected":false},"author":1,"featured_media":0,"parent":260,"menu_order":2,"comment_status":"closed","ping_status":"closed","template":"","meta":{"footnotes":""},"class_list":["post-262","page","type-page","status-publish","hentry"],"_links":{"self":[{"href":"https:\/\/etival-ronchaux.fr\/index.php?rest_route=\/wp\/v2\/pages\/262","targetHints":{"allow":["GET"]}}],"collection":[{"href":"https:\/\/etival-ronchaux.fr\/index.php?rest_route=\/wp\/v2\/pages"}],"about":[{"href":"https:\/\/etival-ronchaux.fr\/index.php?rest_route=\/wp\/v2\/types\/page"}],"author":[{"embeddable":true,"href":"https:\/\/etival-ronchaux.fr\/index.php?rest_route=\/wp\/v2\/users\/1"}],"replies":[{"embeddable":true,"href":"https:\/\/etival-ronchaux.fr\/index.php?rest_route=%2Fwp%2Fv2%2Fcomments&post=262"}],"version-history":[{"count":4,"href":"https:\/\/etival-ronchaux.fr\/index.php?rest_route=\/wp\/v2\/pages\/262\/revisions"}],"predecessor-version":[{"id":499,"href":"https:\/\/etival-ronchaux.fr\/index.php?rest_route=\/wp\/v2\/pages\/262\/revisions\/499"}],"up":[{"embeddable":true,"href":"https:\/\/etival-ronchaux.fr\/index.php?rest_route=\/wp\/v2\/pages\/260"}],"wp:attachment":[{"href":"https:\/\/etival-ronchaux.fr\/index.php?rest_route=%2Fwp%2Fv2%2Fmedia&parent=262"}],"curies":[{"name":"wp","href":"https:\/\/api.w.org\/{rel}","templated":true}]}}