{"id":297,"date":"2014-12-20T21:27:50","date_gmt":"2014-12-20T20:27:50","guid":{"rendered":"https:\/\/etival-ronchaux.fr\/?page_id=297"},"modified":"2015-11-26T19:01:56","modified_gmt":"2015-11-26T18:01:56","slug":"le-cimetiere","status":"publish","type":"page","link":"https:\/\/etival-ronchaux.fr\/?page_id=297","title":{"rendered":"Le cimeti\u00e8re."},"content":{"rendered":"<p><span style=\"color: #ff0000;\">1920-01<\/span><\/p>\n<p>Selon le louable et universel usage d\u2019autrefois, le premier cimeti\u00e8re d\u2019Etival entourait la chapelle : des r\u00e9parations \u00e0 la maison Mareschal ont amen\u00e9 la d\u00e9couverte d\u2019un grand nombre d\u2019ossements humains. Nos anc\u00eatres chr\u00e9tiens ne rel\u00e9guaient pas comme actuellement au nom de l\u2019hygi\u00e8ne dans un enclos \u00e9loign\u00e9 et souvent d\u00e9laiss\u00e9, les tombes de leurs chers d\u00e9funts, mais les pla\u00e7aient autour du saint lieu. Alors chaque dimanche, au sortir des offices agenouill\u00e9s sur le tertre de gazon au pied de la croix de bois, ils leurs donnaient un souvenir et se relevaient avec la salutaire pens\u00e9e du revoir.<br \/>\nCe ne fut que plus tard, lors de l\u2019agrandissement de la chapelle, que le cimeti\u00e8re fut transf\u00e9r\u00e9 \u00e0 l\u2019endroit actuel<\/p>\n<p><em>\u00abCe nouveau cimeti\u00e8re fut b\u00e9ni le 11 Juillet 1778 par M Junet, cur\u00e9 de Soucia et doyen des montagnes.\u00bb<\/em><\/p>\n<p>Si tout en \u00e9tant inhum\u00e9s au cimeti\u00e8re d\u2019Etival, les d\u00e9funts avaient leurs actes de d\u00e9c\u00e8s inscrits sur le registre mortuaire de Soucia, c\u2019\u00e9tait \u00e0 cause des droits du cur\u00e9 sur chaque inhumation. Un mot mis en marge des actes l\u2019indique clairement : c\u2019est un mot latin <em>solvit, solvit,<\/em> a \u00e9t\u00e9 pay\u00e9. Quelques extrait mortuaires du registre Soucia<\/p>\n<p><em>\u00abLa baronne de l\u2019aigle Fran\u00e7oise de Laubespin mourut le 8 Avril 1667, enterr\u00e9e au ch\u0153ur de la chapelle d\u2019Estival notre paroisse\u00bb<br \/>\n\u00abJeanne Girard de Ronchaux, tu\u00e9e par la foudre le 30 Juillet 1668\u00bb<br \/>\n\u00abPierre Fran\u00e7ois Girard de Ronchaux mourut tu\u00e9 par une b\u00eate f\u00e9roce le 5 Avril 1671\u00bb<br \/>\n\u00abAnatoile Berrer d\u2019Estival, notaire mourut le 11 Juillet 1678 \u00e2g\u00e9 de 72 ans, trouv\u00e9 le corps ligot\u00e9, couvert de blessures et noy\u00e9.\u00bb<br \/>\n\u00abJacques Mathieu Moure de Ronchaux, tu\u00e9 d\u2019un coup de pierre le 12 Juin 1681\u00bb<br \/>\nVoir le fascicule de Joseph Romand sur <a href=\"https:\/\/etival-ronchaux.fr\/?page_id=765\">la cr\u00e9ation des cimeti\u00e8res<\/a> .<br \/>\n<\/em><\/p>\n<p>Retour \u00e0 la rubrique <a title=\"B\u00e2timents\" href=\"https:\/\/etival-ronchaux.fr\/?page_id=136\">\u00ab\u00a0B\u00e2timents\u00a0\u00bb<\/a>.<\/p>\n","protected":false},"excerpt":{"rendered":"<p>1920-01 Selon le louable et universel usage d\u2019autrefois, le premier cimeti\u00e8re d\u2019Etival entourait la chapelle : des r\u00e9parations \u00e0 la maison Mareschal ont amen\u00e9 la d\u00e9couverte d\u2019un grand nombre d\u2019ossements humains. Nos anc\u00eatres chr\u00e9tiens ne rel\u00e9guaient pas comme actuellement au &hellip; <a href=\"https:\/\/etival-ronchaux.fr\/?page_id=297\">Continuer la lecture <span class=\"meta-nav\">&rarr;<\/span><\/a><\/p>\n","protected":false},"author":1,"featured_media":0,"parent":136,"menu_order":5,"comment_status":"closed","ping_status":"closed","template":"","meta":{"footnotes":""},"class_list":["post-297","page","type-page","status-publish","hentry"],"_links":{"self":[{"href":"https:\/\/etival-ronchaux.fr\/index.php?rest_route=\/wp\/v2\/pages\/297","targetHints":{"allow":["GET"]}}],"collection":[{"href":"https:\/\/etival-ronchaux.fr\/index.php?rest_route=\/wp\/v2\/pages"}],"about":[{"href":"https:\/\/etival-ronchaux.fr\/index.php?rest_route=\/wp\/v2\/types\/page"}],"author":[{"embeddable":true,"href":"https:\/\/etival-ronchaux.fr\/index.php?rest_route=\/wp\/v2\/users\/1"}],"replies":[{"embeddable":true,"href":"https:\/\/etival-ronchaux.fr\/index.php?rest_route=%2Fwp%2Fv2%2Fcomments&post=297"}],"version-history":[{"count":5,"href":"https:\/\/etival-ronchaux.fr\/index.php?rest_route=\/wp\/v2\/pages\/297\/revisions"}],"predecessor-version":[{"id":767,"href":"https:\/\/etival-ronchaux.fr\/index.php?rest_route=\/wp\/v2\/pages\/297\/revisions\/767"}],"up":[{"embeddable":true,"href":"https:\/\/etival-ronchaux.fr\/index.php?rest_route=\/wp\/v2\/pages\/136"}],"wp:attachment":[{"href":"https:\/\/etival-ronchaux.fr\/index.php?rest_route=%2Fwp%2Fv2%2Fmedia&parent=297"}],"curies":[{"name":"wp","href":"https:\/\/api.w.org\/{rel}","templated":true}]}}