{"id":470,"date":"2015-02-19T19:01:09","date_gmt":"2015-02-19T18:01:09","guid":{"rendered":"https:\/\/etival-ronchaux.fr\/?page_id=470"},"modified":"2015-03-23T21:57:19","modified_gmt":"2015-03-23T20:57:19","slug":"les-fondations","status":"publish","type":"page","link":"https:\/\/etival-ronchaux.fr\/?page_id=470","title":{"rendered":"Les Fondations"},"content":{"rendered":"<p><span style=\"color: #ff0000;\">1919 \u201311<\/span><\/p>\n<p>Pour entretenir la ferveur et fortifier la foi des fid\u00e8les, outres les cat\u00e9chismes faits r\u00e9guli\u00e8rement aux enfants et les instructions que chaque dimanche le chapelain faisait au pr\u00f4ne de la messe, des pr\u00e9dications extraordinaires se donnaient \u00e0 intervalles r\u00e9guliers. En vertu d\u2019une fondation faite par les abb\u00e9s Dunod (dont deux furent successivement cur\u00e9s de Soucia (Jacques et Philibert) et un autre cur\u00e9 de Saint Maur (Antide Dunod).)<br \/>\n\u00ab\u00a0Les missionnaires dioc\u00e8sains de Besan\u00e7on devaient donner des exercices de missions \u00e0 diff\u00e9rentes dates, 15 jours \u00e0 Saint Maur, 15 jours \u00e0 Soucia et 15 jours \u00e0 la chapelle d\u2019Etival.\u00a0\u00bb<br \/>\nLes nombreuses fondation de \u00ab\u00a0Messes, B\u00e9n\u00e9dictions, Salve Regina\u00a0\u00bb \u00e0 dire par le chapelain \u00e0 la chapelle d\u2019Etival t\u00e9moignent aussi de la d\u00e9votion des fid\u00e8les. Notons en quelques unes en passant.<\/p>\n<p>Le 22 f\u00e9vrier 1638, fondation d\u2019une messe \u00e0 dire tous les mardis \u00e0 la chapelle d\u2019Etival moyennant une rente de huit francs et quatre gros sur les communaut\u00e9s d\u2019Etival et Ronchaux par Nicolas Estievant dit Jannodet, <em>\u00ablequel de sa certaine science et bonne volont\u00e9 d\u00e9sireux de participer aux d\u00e9votions et suffrages que se font et se feront journali\u00e8rement en la chapelle dud\u2019Esstival par le Sr Chapelain \u2026 fonde annuellement et perp\u00e9tuellement une messe des tr\u00e9pass\u00e9s \u00e0 basse voix pour le salut et rem\u00e8de de son \u00e2me, ses furent pr\u00e9d\u00e9cesseurs et successeurs\u2026\u00bb<\/em><\/p>\n<p>Le 247 avril 1661, fondation de deux messes par Loys Perrin d\u2019Etival \u00aben remerciement de gu\u00e9rison de peste qui ravagea le pays.\u00bb<\/p>\n<p>En 1730, fondation de Trelan dont la rente de 24 francs vol\u00e9e \u00e0 la Fabrique par la loi de s\u00e9paration, a \u00e9t\u00e9 vers\u00e9e partie \u00e0 la caisse de la commune d\u2019Etival et partie \u00e0 celle de Ch\u00e2tel De Joux.<br \/>\nEn 1748, fondation de messes par Mlle Ang\u00e8le Bayard, femme d\u2019Andr\u00e9 Mar\u00e9schal d\u2019Etival, \u00e9tablie sur le revenu du clos ou verger de la cure.<br \/>\nMlle Ang\u00e8le Bayard fut \u00e9galement la fondatrice du bureau de bienfaisance. Cette fondation comme la pr\u00e9c\u00e9dente \u00e9tait \u00e9tablie sur le rapport de propri\u00e9t\u00e9s donn\u00e9es \u00e0 la fabrique et dont les revenus devaient servir aux pauvres de la communaut\u00e9 d\u2019Etival.<\/p>\n<p>Lors de la r\u00e9volution, ces propri\u00e9t\u00e9s \u00e9chapp\u00e8rent \u00e0 la vente des biens de l\u2019Eglise par l\u2019habilet\u00e9 de M. Etienne Mar\u00e9schal petit-fils de la fondatrice. Les clauses de la fondation n\u2019\u00e9tant plus observ\u00e9es, il r\u00e9clama et retint les propri\u00e9t\u00e9s. Puis au r\u00e9tablissement de l\u2019ordre et apr\u00e8s le Concordat il restitua les revenus en r\u00e9clamant l\u2019observation des charges, ce qui fut fait. Mais \u00e0 partir de ce jour ce ne fut plus le cur\u00e9 qui fut charg\u00e9 de l\u2019administration du bureau de Bienfaisance mais une commission administrative la\u00efque.<\/p>\n<p><a title=\"Vie paroissiale, religieuse.\" href=\"https:\/\/etival-ronchaux.fr\/?page_id=246\">(Retour vie paroissiale et religieuse.)<\/a><\/p>\n","protected":false},"excerpt":{"rendered":"<p>1919 \u201311 Pour entretenir la ferveur et fortifier la foi des fid\u00e8les, outres les cat\u00e9chismes faits r\u00e9guli\u00e8rement aux enfants et les instructions que chaque dimanche le chapelain faisait au pr\u00f4ne de la messe, des pr\u00e9dications extraordinaires se donnaient \u00e0 intervalles &hellip; <a href=\"https:\/\/etival-ronchaux.fr\/?page_id=470\">Continuer la lecture <span class=\"meta-nav\">&rarr;<\/span><\/a><\/p>\n","protected":false},"author":1,"featured_media":0,"parent":246,"menu_order":10,"comment_status":"closed","ping_status":"closed","template":"","meta":{"footnotes":""},"class_list":["post-470","page","type-page","status-publish","hentry"],"_links":{"self":[{"href":"https:\/\/etival-ronchaux.fr\/index.php?rest_route=\/wp\/v2\/pages\/470","targetHints":{"allow":["GET"]}}],"collection":[{"href":"https:\/\/etival-ronchaux.fr\/index.php?rest_route=\/wp\/v2\/pages"}],"about":[{"href":"https:\/\/etival-ronchaux.fr\/index.php?rest_route=\/wp\/v2\/types\/page"}],"author":[{"embeddable":true,"href":"https:\/\/etival-ronchaux.fr\/index.php?rest_route=\/wp\/v2\/users\/1"}],"replies":[{"embeddable":true,"href":"https:\/\/etival-ronchaux.fr\/index.php?rest_route=%2Fwp%2Fv2%2Fcomments&post=470"}],"version-history":[{"count":3,"href":"https:\/\/etival-ronchaux.fr\/index.php?rest_route=\/wp\/v2\/pages\/470\/revisions"}],"predecessor-version":[{"id":636,"href":"https:\/\/etival-ronchaux.fr\/index.php?rest_route=\/wp\/v2\/pages\/470\/revisions\/636"}],"up":[{"embeddable":true,"href":"https:\/\/etival-ronchaux.fr\/index.php?rest_route=\/wp\/v2\/pages\/246"}],"wp:attachment":[{"href":"https:\/\/etival-ronchaux.fr\/index.php?rest_route=%2Fwp%2Fv2%2Fmedia&parent=470"}],"curies":[{"name":"wp","href":"https:\/\/api.w.org\/{rel}","templated":true}]}}