{"id":480,"date":"2015-02-19T20:55:46","date_gmt":"2015-02-19T19:55:46","guid":{"rendered":"https:\/\/etival-ronchaux.fr\/?page_id=480"},"modified":"2015-03-23T18:51:52","modified_gmt":"2015-03-23T17:51:52","slug":"chapelains-puis-cures-detail","status":"publish","type":"page","link":"https:\/\/etival-ronchaux.fr\/?page_id=480","title":{"rendered":"Chapelains puis Cur\u00e9s 1630-1803.D\u00e9tail"},"content":{"rendered":"<p>Philibert LESNE\u00a0: pr\u00eatre chapelain perp\u00e9tuel de la chapelle Notre Dame d\u2019Etival 1630-1635.<\/p>\n<p>Henry PIARD\u00a0: pr\u00eatre chapelain \u00e0 Etival 1635-1640.<\/p>\n<p>Denys REGAUD\u00a0: probablement neveu de M. Jean REGAUD, cur\u00e9 de Soucia, pr\u00eatre chapelain perp\u00e9tuel 1640-1649. On le trouve vicaire \u00e0 Courbouson en 1667 et cur\u00e9 de Nogna en 1690. Les REGAUD poss\u00e9daient une chevance \u00e0 Etival.<\/p>\n<p>Andr\u00e9 GRAND dit FERNEZ\u00a0: pr\u00eatre chapelain 1655-1666. Peut \u00eatre fut-il chapelain des 1650, ou bien messire REGAUD le fut jusqu\u2019en 1655.<\/p>\n<p>Jean Claude BERREZ\u00a0: pr\u00eatre chapelain vicaire perp\u00e9tuel 1666-1675. D\u2019une ancienne famille d\u2019Etival, il est \u00e9tabli chapelai par lettres d\u2019institutions de l\u2019Archev\u00eaque de Besan\u00e7on Antoine Pierre 1<sup>er<\/sup> De GRAMMONT. Il est autoris\u00e9 \u00e0 prendre possession par d\u00e9cret de la cour souveraine et du parlement de D\u00f4le dont voici un extrait\u00a0:<em>\u00ab\u00a0Les vices pr\u00e9sidents agens, tenant la cour souveraine et parlement \u00e0 D\u00f4le ayant vu la requette port\u00e9e \u00e0 lad\u2019 cour \u00e0 la part de Jean Claude Beret d\u2019Estival, diacre avec les lettres d\u2019instructions par lui obtenues de Mgr le R\u00e9v\u00e9rendisime Archev\u00eaque de Besan\u00e7on cy jointes sous le scel et lad\u2019 cour et sur ce ou\u00efs les fiscaux en icelle auxquels le tout \u00e0 \u00e9t\u00e9 communiqu\u00e9 permettent aud\u2019 suppliant coeoriginel de ce pays et Comt\u00e9 et Bourgogne s\u2019aider et servir desd\u2019 lettres et en vertu d\u2019icelles prendre et apr\u00e9hender la r\u00e9elle possession de la chapelle d\u2019Estival fond\u00e9e en l\u2019honneur de N-D dont il est pourvu par lesd\u2019 lettres moyennant toutefois qu\u2019elle soit du patronage de sa Majest\u00e9 et de charge de part led\u2019 suppliant y faire le service divin selon la fondation et pieuse intention des fondateurs et de prester le serment es-main ded\u2019 seigneur vice-pr\u00e9sident, que pour obtenir lad\u2019 chapelle il n\u2019a donn\u00e9 ny \u00e7u \u00eatre donn\u00e9 de sa part aucune chose directement ou indirectement et qu\u2019il accomplira les charges d\u00e9pendant de lad\u2019 chapelle, mandant au premier huissier ou sergent requis faire tous exploits n\u00e9cessaires. Fait \u00e0 D\u00f4le ce neuvi\u00e8me novembre mil six cent soixante cinq, en l\u2019absence des SSrs greffier Pavegarith.\u00a0\u00bb<br \/>\n\u00ab\u00a0Et depuis aud\u2019 lieu de D\u00f4le les jours, mois, ans que dessus par devant nous M. Jean Jacques Bonvalot, docteur es-droit, seigneur de Peyrecey, premier conseiller et vice-pr\u00e9sident au souverain parlement de Bourgogne est pr\u00e9sent\u00e9 Marc de Kogna Clerc aud\u2019 parlement, lequel en vertu de procuration sp\u00e9ciale \u00e0 lui adress\u00e9e par led\u2019 Berret dat\u00e9 du vingt-septi\u00e8me octobre an que devant re\u00e7ue et sign\u00e9e de Fromond notaire a pr\u00eat\u00e9 le serment \u00e0 lui ci-dessus ordonn\u00e9 dont lui avons octroy\u00e9 acte sous nos noms et seing manuel ci mis. Bonvalot\u00a0\u00bb<br \/>\n<\/em>L\u2019abb\u00e9 Jean Claude BERREZ administra donc la chapelle vicariale d\u2019Etival pendant 9 ans. Ensuite, il fut sans doutes transf\u00e9r\u00e9 \u00e0 une autre chapelle ou nomm\u00e9 \u00e0 une cure. A son d\u00e9part, la chapellenie d\u2019Etival fut vacante durant deux ans, durant la conqu\u00eate de la Comt\u00e9 par Louis XIV.<\/p>\n<p>Henry MARESCHAL\u00a0: natif de Fort du Plasne, il fut chapelain une premi\u00e8re fois de 1678 \u00e0 1684, puis une seconde fois de 1695 \u00e0 1715. Dans l\u2019intervalle, de 1684 \u00e0 1695, il dut y avoir d\u2019abord une vacance de deux ann\u00e9es, sur les registres en effet on ne trouve pour l\u2019ann\u00e9e 1685 qu\u2019u acte de bapt\u00eame sign\u00e9 VICHOT, pr\u00eatre de Moirans, de m\u00eame pour l\u2019ann\u00e9e 1686, un acte de bapt\u00eame \u00e9galement sign\u00e9 PATEL, pr\u00e8tre.<\/p>\n<p>Andr\u00e9 GRAND\u00a0: natif des Crozets d\u00e9sert la chapelle de 1687 \u00e0 1691. Il est t\u00e9moin d\u2019un acte de fondation de messe \u00e0 la chapelle de Ch\u00e2tel de Joux par Pierre Beno\u00eet JEANNIN et Georgette PERRETIER en 1690.<\/p>\n<p>Joseph VERNIER\u00a0: Pr\u00eatre vicaire de 1691 \u00e0 1694.<\/p>\n<p>Messire GRAS\u00a0: natif de Moirans, chapelain et vicaire perp\u00e9tuel de 1715 \u00e0 1722. D\u2019apr\u00e8s un certificat de bapt\u00eame qu\u2019il \u00e0 d\u00e9livr\u00e9, on constante qu\u2019il fut cur\u00e9 de Cernon.<\/p>\n<p>D GUYENET\u00a0: pr\u00eatre vicaire du 21 juin 1722 \u00e0 1726. C\u2019est sous son vicariat que commenc\u00e8rent les premiers registres de mariages et registres mortuaires pour la chapelle d\u2019Etival. Auparavant, ils \u00e9taient tous inscrits sur les registres paroissiaux de Soucia.<\/p>\n<p>Humbert COURBET\u00a0: natif de Clairvaux, pr\u00eatre vicaire du 11 novembre 1726 au 6 mai 1737. Il mourut \u00e0 Etival. Voici son acte de d\u00e9c\u00e8s.<br \/>\n<em>\u00ab\u00a0Messire Humbert Courbet, prestre vicaire chapelain \u00e0 Estival, ag\u00e9 d\u2019environ 40 ans est mort le six mai de l\u2019an mil sept cent trente-sept, \u00e9tant en vie il a choisi sa s\u00e9pulture dans le tombeau de l\u2019\u00e9glise de Clairvaux les Vaudains o\u00f9 il repose maintenant d\u00e8s le 7 du m\u00eame mois.\u00a0\u00bb<\/em><\/p>\n<p>Jean Alexis DEVAUX\u00a0: chapelain et vicaire de mai 1737 \u00e0 1743.<\/p>\n<p>Claude Denis HUGONNET\u00a0: natif d\u2019Auge pr\u00e8s de Bar\u00e9zia, vicaire de 1743 \u00e0 1763 ann\u00e9e de sa mort. Il contracta d\u2019abord un engagement de 9 ans comme chapelain. En voici la transcription\u00a0: <em>\u00ab\u00a0L\u2019an mil sept cent quarante trois le neuf d\u00e9cembre avant midy, sur la place publique du village d\u2019Estival, par devant moy Estienne Vaucher notaire royal \u00e0 la r\u00e9sidance de Clairvaux sont comparus Chanut Jean Baptiste eschevin actuel \u00e0 Estival assist\u00e9 de Jean Claude Grandperrin, Philibert Marie Perrin commis\u2026 Claude Beno\u00eet Nicolas Mathieu, Pierre Fran\u00e7ois Courvoisier eschevins, Jacques Girard et jean Baptiste Devaux commis en exercice \u00e0 Ronchaux, accompagn\u00e9s de\u2026 tous habitants et composant la majeure pars et plus saine partie des principaux desd\u2019 habitants desd\u2019 communaut\u00e9s, tous tant en leur nom que des habitans assembl\u00e9s en corps et en la mani\u00e8re ordinaire sur la place publique, d\u00e9lib\u00e9rants des affaires d\u2019icelle pour eux, les leurs et successeurs ont fait les march\u00e9s et conventions suivantes avec led\u2019 sieur Claude Denis Hugonnet d\u2019Auge pr\u00eatre cur\u00e9, savoir\u00a0: que celui-cy s\u2019oblige de les servir et faire toutes les fonctions de vicaire aud\u2019 Estival pendant le temps de neuf ans entiers et cons\u00e9cutifs \u00e0 commencer au premier de janvier prochain, au r\u00e9ciproque de quoy lesd\u2019 habitans s\u2019obligent de luy payer chaque ann\u00e9e la somme de cent quarante livres en quatre termes \u00e9gaux une voiture de bois de chauffage, chacun de tous lesd\u2019 habitans de Ronchaux et Estival qui auront jument, cheval et arnais, une livre de beurre par chacun desd\u2019 habitans qui ont vaches, le bas casuel, celuy \u00e0 M. le cur\u00e9 de Soucia r\u00e9serv\u00e9, savoir dix sols pour enterrement, cinq sols par vigile, six sols, huit deniers par bapt\u00eames, trois gros pour enregistrer, quinze sols par mariage, moyennant quoy le dit sieur Hugonnet sera oblig\u00e9 de payer la r\u00e9tribution qui sera due \u00e0 M. le doyen, cur\u00e9 de Clairvaux, lorsqu\u2019il apportera les onctions de faire deux processions \u00e0 Soucia, deux au Ch\u00e2tel de Joux, autre deux processions o\u00f9 l\u2019on conviendra de dire sans r\u00e9tribution, vingt huit messes \u00e0 la d\u00e9charge desd\u2019 communaut\u00e9s, d\u2019aller chercher les morts pour les enterrer au cimeti\u00e8re d\u2019Estival dans les maions dud\u2019 lieu, et ceux des Ronchaux \u00e0 l\u2019entr\u00e9e du village le tout annuellement suivant que le tout a \u00e9t\u00e9 convenu, stipul\u00e9 et r\u00e8gl\u00e9 entre lesd\u2019 parties qui promettent de l\u2019accomplir en tout point, chacune en droit doy de bonne foy \u00e0 peine de tous d\u00e9pens, domage, et int\u00e9r\u00eats, pour l\u2019accomplissement de quoy led\u2019 sieur Hugonnet \u00e0 oblig\u00e9 ses biens et lesd\u2019 habitans ceux de leur communaut\u00e9 et au besoin les leurs propres sous le privil\u00e8ge du scel du Roy, renon\u00e7ans \u00e0 toute chose oppos\u00e9s aux pr\u00e9sentes. Fait, lue et pass\u00e9 sur lad\u2019 place publique en pr\u00e9sence des sieurs Alexandre et Claude Grand, oncle et neveu pr\u00eatre vicaire \u00e0 Menssia rencontr\u00e9s aud\u2019 Estival t\u00e9moins requis et soussign\u00e9s avec celle des parties qui le savent, les autres illetr\u00e9s enquis, sign\u00e9 \u00e0 la minute, C. D. Hugonnet, A Grand pr\u00eatre, C Grand pr\u00eatre et autres Eschevins. Et E. Vaucher notaire contr\u00f4l\u00e9 \u00e0 Clairvaux le 23 d\u00e9cembre 1743 sign\u00e9 Piard.\u00a0\u00bb<\/em><\/p>\n<p>HUGONNET mourut le 12 mars 1763 \u00e0 l\u2019age de 60 ans, son corps fut inhum\u00e9 le 13 mars dans la chapelle d\u2019Etival.<\/p>\n<p>Daniel RAYNAUD dit ROYDOR\u00a0: n\u00e9 en 1736 \u00e0 Salave (actuellement paroisse de Saint Laurent.) Il \u00e9tait le fils de Charles RAYNAUD dit ROYDOR et de Luce BRIDE, tous deux demeurant \u00e0 Salave. Ceux ci eurent deux autres enfants dont une fille du nom de Rose qui en 1778 \u00e9pousa Joseph PERRIN d\u2019Etival et un fils, Joseph Marie qui ag\u00e9 de 72 ans demeurait \u00e0 Salave en janvier 1818. Daniel ROYDOR fut nomm\u00e9 vicaire chapelain d\u2019Etival en 1763, il avait 27 ans. Il demeura vicaire chapelain jusqu&rsquo;\u00e0 l\u2019\u00e9rection de la chapelle en paroisse en 1780 puis fut ensuite cur\u00e9 d\u2019Etival jusqu\u2019en mai 1792.<br \/>\nLe 12 avril 1766, il obtint du cardinal De CHOISEUL, archev\u00eaque de Besan\u00e7on, la faveur d\u2019\u00e9riger la confr\u00e9rie du tr\u00e8s saint sacrement dans la chapelle d\u2019Etival.<br \/>\nC\u2019est sous son administration comme chapelain que furent b\u00e2tis le ch\u0153ur et la sacristie de la vielle \u00e9glise et qu\u2019ainsi fut agrandie l\u2019antique chapelle de Notre Dame d\u2019Etival. Cet agrandissement \u00e9tait sans doute n\u00e9cessit\u00e9 par l\u2019augmentation de la population, mais on peut croire qu\u2019il fut fait dans le but d\u2019obtenir plus facilement l\u2019\u00e9rection de la paroisse, peut \u00eatre m\u00eame fut il impos\u00e9 pour ce motif. Car d\u00e8s l\u2019ann\u00e9e 1753, les habitants des deux communaut\u00e9s d\u2019Etival et de Ronchaux avaient charg\u00e9 leurs Eschevins de commencer les d\u00e9marches, suppliques et proc\u00e9dures canoniques, Mgr Raymond De DURFORT, archev\u00eaque de Besan\u00e7on, prince du Saint Empire porta le 29 avril 1780 le d\u00e9cret d\u2019\u00e9rection de la chapelle en paroisse.<\/p>\n<p>Ce d\u00e9cret fut confirm\u00e9 par lettres patentes du Roi Louis XVI, dat\u00e9es de septembre 1780 et arr\u00eat de parlement en date du 18 novembre 1780. Le d\u00e9cret d\u2019\u00e9rection conf\u00e9rait la nouvelle cure au chapelain M. ROYDOR <em>\u00ab\u00a0avons donn\u00e9 et conf\u00e9r\u00e9, donnons et conf\u00e9rons de plein droit par ces pr\u00e9sentes la cure d\u2019Etival au sieur Daniel Roydor pr\u00eatre du dioc\u00e8se de Saint Claude, d\u00e9j\u00e0 pourvu de la chapelle dud\u2019 lieu que nous avons \u00e9rig\u00e9e en cure comme personne capable et digne auquel \u00e0 cette finseront nos provisions exp\u00e9di\u00e9es en forme et d\u00e9livr\u00e9es.\u00a0\u00bb<br \/>\n<\/em>Le 2 janvier 1781, sur pr\u00e9sentation du d\u00e9cret d\u2019\u00e9rection, lettres patentes et arr\u00eats d\u2019envoi en possession, apr\u00e8s le serment de fid\u00e9lit\u00e9 en tel cas requis, M. Daniel ROYDOR fut solennellement install\u00e9 \u00e0 la cure de la nouvelle paroisse par M. Joseph Hyacinthe BOISON, pr\u00eatre, docteur de Sorbonne, chanoine honoraire de l\u2019\u00e9glise d\u2019Orl\u00e9ans, r\u00e9sidant \u00e0 Lons le Saunier.<br \/>\n<em>\u00ab\u00a0Apr\u00e8s lecture desd\u2019 d\u00e9crets-lettres patentes arr\u00eats mond\u2019 sieur l\u2019abb\u00e9 Boisson a mis led\u2019 sieur Roydor ainsy pourvu et le requ\u00e9rant en la vraie, r\u00e9elle, actuelle et corporelle possession de lad\u2019 cure ou \u00e9glise paroissiale d\u2019Estival pour par luy jouir des droits, honneurs, fruits, revenus y attach\u00e9s par la libre entr\u00e9e dans lad\u2019 \u00e9glise, pri\u00e8re Dieu faite au bas du ma\u00eetre autel o\u00f9 il s\u2019est mis \u00e0 genoux-baiser dud\u2019 autel-ouverture et cloture du tabernacle-toucher des vases sacr\u00e9s, de la chaire o\u00f9 il s\u2019est assis, visite des fonts baptismaux, son de la cloche et g\u00e9n\u00e9ralement en observant toutes les autres formalit\u00e9s et c\u00e9r\u00e9monies \u00e0 ce n\u00e9cessaires et accoutum\u00e9es.\u00a0\u00bb<br \/>\n<\/em>Le proc\u00e8s verbal de cette prise de possession solennelle fut signifi\u00e9 \u00e0 qui de droit. Le 24 janvier 1781 \u00e0 Mgr Joseph De MEALLET De FARGUES, \u00e9v\u00eaque de Saint Claude d\u00e9cimateur, le 27 janvier \u00e0 Mgr Louis Roger Prince De BEAUFFREMONT cod\u00e9cimateur, et \u00e0 M. Hugues JUNET cur\u00e9 de Soucia. Dans cette signification, M. ROYDOR <em>\u00ab\u00a0a reconnu que les revenus de lad\u2019 chapelle \u00e9rig\u00e9e en cure ne sont pas \u00e0 beaucoup pr\u00e8s suffisant pour remplir la portion congrue, c\u2019est pourquoi il a pr\u00e9f\u00e9r\u00e9 et pr\u00e9f\u00e8re d\u2019abandonner et rel\u00e2cher \u00e0 qui de droit tous les biens et revenus de lad\u2019 chapelle qui consistent\u00a0:<\/em><\/p>\n<p><em>1\u00a0: En un pr\u00e9 dit et appell\u00e9 \u00ab\u00a0La Chanalette.\u00a0\u00bb<br \/>\n2\u00a0: Une maresche confinant de bise le petit lac, de vent le grand lac, levant et du couchant le sieur Mareschal.<br \/>\n3\u00a0: Un pr\u00e9 appell\u00e9 le \u00ab\u00a0Pr\u00e9 Gerbier\u00a0\u00bb par indivis avec M. de Ronchaux<br \/>\n4\u00a0: Un pr\u00e9 dit \u00ab\u00a0A La Grande Maresche\u00a0\u00bbqui confine du levant, couchant et vent le communal et bise les h\u00e9ritiers de Jean Claude Chanut et autres\u00a0.<br \/>\n5\u00a0: Un pr\u00e9 appell\u00e9 \u00ab\u00a0La Combe \u00e0 La Rose\u00a0\u00bb confinant au levant et au couchant le communal, vent Claude Joseph Bouvier et les h\u00e9ritiers de G\u00e9rard Bouvier.<br \/>\n6\u00a0: Un champ dit \u00ab\u00a0Sur Le Moulin.\u00a0\u00bb<br \/>\n7\u00a0: Un champ dit \u00ab\u00a0A La Fin\u00a0\u00bb continuant au couchant, levant et bise le sieur Mareschal, vent le communal.<br \/>\nOutre les fonds ci-dessus \u00e9nonc\u00e9s, le sieur Roydor cur\u00e9 d\u00e9clare poss\u00e9der encore \u00e0 titre on\u00e9reux certains fonds donn\u00e9s \u00e0 ses pr\u00e9decesseurs par diff\u00e9rents particuliers pour r\u00e9tributions de messes, b\u00e9n\u00e9dictions, offices. Les fonds ainsy affect\u00e9s sont\u00a0:<br \/>\n1\u00a0: Un quart de soiture de pr\u00e9 \u00ab\u00a0A La Fontaine\u00a0\u00bb pour r\u00e9tribution de 2 messes basses, l\u2019acte est du 11 ao\u00fbt 1477.<br \/>\n2\u00a0: Un champ appel\u00e9 \u00ab\u00a0Au Quarre\u00a0\u00bb, une autre pi\u00e8ce appell\u00e9e \u00ab\u00a0Au Viengieux ou Vergier\u00a0\u00bb pour r\u00e9tribution de 2 messes \u00e0 haute voix, l\u2019acte est du 20 mars 1638.<br \/>\n3\u00a0: Une petite pi\u00e8ce ou rippe et rochailles appell\u00e9es \u00ab\u00a0Au Buisson Routy\u00a0\u00bb affect\u00e9 de 2 messes \u00e0 basse voix, l\u2019acte est du 20 ao\u00fbt 1719\u00a0\u00bb<br \/>\n<\/em>ROYDOR, ne devait jouir en paix de son nouveau titre que quelques ann\u00e9es seulement. La r\u00e9volution allait commencer allait commencer l\u2019\u0153uvre n\u00e9faste qu\u2019elle poursuit toujours. Le 24 ao\u00fbt 1790, Louis XVI, mal conseill\u00e9, avait appos\u00e9 sa signature \u00e0 la constitution civile du clerg\u00e9. Un d\u00e9cret du 20 novembre prescrivait \u00e0 tous les eccl\u00e9siastiques de pr\u00eater serment \u00e0 l\u2019issue de la grand\u2019 messe. Le dimanche 23 janvier 1791, \u00e9tait le dernier terme pour la prestation de serment.<\/p>\n<p>Dans cette occurrence, que fit M. ROYDOR\u00a0? La tradition locale est qu\u2019il demeura pr\u00eatre fid\u00e8le de l\u2019\u00e9glise romaine. Mais si le registre des d\u00e9lib\u00e9rations municipales de l\u2019\u00e9poque o\u00f9 doit se trouver le proc\u00e8s verbal de prestation ou non prestation de serment, \u00e9tant en lambeaux, ne peut nous \u00e9clairer sur ce point, nous avons deux autres documents qui \u00e9tablissent que h\u00e9las M. ROYDOR pr\u00eata le serment constitutionnel.<br \/>\nDans des notes sur l\u2019\u00e9poque r\u00e9volutionnaire \u00e0 Soucia, laiss\u00e9es par M. Gaspard CHAPPUIS, alors vicaire de Soucia (mort en 1805 cur\u00e9 d\u2019Etival), il est dit\u00a0: \u00ab\u00a0M. Delamarche, cur\u00e9 de Soucia est le seul cur\u00e9 des alentours qui ne pr\u00eata point le serment.\u00a0\u00bb Et GILLET, procureur syndic de Saint Claude, \u00ab constate avec douleur que M. Roydor, cur\u00e9 d\u2019Etival a pr\u00eat\u00e9 le serment de mauvaise gr\u00e2ce.\u00a0\u00bb Aussi \u00ab\u00a0M. Roydor ne fut pas d\u00e9plac\u00e9 \u00e0 la premi\u00e8re \u00e9lection\u00a0\u00bb dit encore M. CHAPPUIS&#8230;.. Il demeura \u00e0 Etival jusqu&rsquo;au mois de juin 1792, mais comme il avait du se r\u00e9tracter, il quitta Etival \u00e0 l&rsquo;arriv\u00e9e du citoyen Bonguyot pr\u00eatre jureur nomm\u00e9 \u00e0 la cure d&rsquo;Etival. Le 13 Juin 1792, il est autoris\u00e9 \u00e0 fixer sa demeure aux Ronchaux. Par d\u00e9lib\u00e9ration <em>\u00ab\u00a0assembl\u00e9 sur la r\u00e9quisition du sieur Daniel Roydor, cy-devant cur\u00e9 d&rsquo;Etival, d\u00e9plac\u00e9 par la loi constitutionnelle de l&rsquo;\u00e9tat, lequel a dit qu&rsquo;il ne trouvait aucun lieu plus commode pour se retirer que celle d&rsquo;Andr\u00e9 Cassabois et ses fr\u00e8res, led&rsquo; sieur Roydor demande le veux du conseil, ce qui luy a \u00e9t\u00e9 instamment accord\u00e9, sous la condition qu&rsquo;il sera prudent et nandoctrinera personne &#8230;\u00a0\u00bb<\/em><\/p>\n<p>Ce fut \u00e0 partir de ce jour que M.Roydor c\u00e9l\u00e9bra en cachette, les saints myst\u00e8res aux Ronchaux. D\u00e9j\u00e0 il l&rsquo;avait fait \u00e0 Etival. La tradition cite \u00e0 Etival la maison Berrod (l&rsquo;auberge actuelle) , \u00e0 Ronchaux la maison Bunod quoniam et celle habit\u00e9e actuellement par Cassabois Louis-Celestin l&rsquo;ancien facteur.<br \/>\nMais la tourmente r\u00e9volutionnaire grandissait, M.Roydor dut prendre ses pr\u00e9cautions pour en cas de besoins, pouvoir gagner la terre d&rsquo;exil. Le 6 aout 1792 il demanda \u00e0 la municipalit\u00e9 d&rsquo;Etival un certificat pour lui servir de sauf-conduit. Il en fournit le mod\u00e8le. Mais les conseill\u00e9s d\u00e9clar\u00e8rent <em>\u00ab\u00a0qu&rsquo;en leur \u00e2me ils ne peuvent le lui d\u00e9livrer suivant le mod\u00e8le \u00e0 eux pr\u00e9sent\u00e9, car ils savent au contraire que led&rsquo;Sr Roydor a troubl\u00e9 l&rsquo;ordre public et la tranquillit\u00e9 dans la commune d&rsquo;Etival.\u00a0\u00bb<br \/>\n<\/em>Apr\u00e8s ce refus, que devint M.Roydor, \u00e9migra-t-il ou fut-il d\u00e9port\u00e9 ?\u00a0\u00a0\u00a0\u00a0\u00a0\u00a0\u00a0\u00a0 A la date du 28 flor\u00e9al an II (15 mai 1794) il est inscrit au 4<sup>\u00e9me <\/sup>suppl\u00e9ment de la liste g\u00e9n\u00e9rale des \u00e9migr\u00e9s.<br \/>\nEt \u00e0 la date du 18 prairial an V ( 6 juin 1797) un arr\u00eat\u00e9 de l&rsquo;administration centrale du d\u00e9partement le rel\u00e8ve de la d\u00e9portation et ordonne que ses biens seront rendus.<br \/>\nIl \u00e9tait en effet revenu au pays, ainsi que l&rsquo;attestent plusieurs actes de bapt\u00eames qu&rsquo;il administra en cachette le 26 octobre 1796 et quatre autres en l&rsquo;ann\u00e9e 1797, c&rsquo;est sans doute \u00e0 cette \u00e9poque et sous un d\u00e9guisement qu&rsquo;il travailla \u00e0 l&rsquo;extraction de sable n\u00e9cessaire \u00e0 la b\u00e2tisse de la maison Girard-Claudon de la Rageat.<br \/>\nAu 18 fuctidor (4 septembre 1797) fut-il de nouveau oblig\u00e9 de reprendre la route de l&rsquo;exil ou seulement \u00e0 se tenir cach\u00e9 ? Je ne saurais le dire. Toujours est-il qu&rsquo; au printemps de 1800, nous le voyons renouveler sa demande en restitution de ses biens. Dans cette s\u00e9ance du 1<sup>er<\/sup> Flor\u00e9al an VIII (12 avril 1800) le pr\u00e9fet du Jura vu la p\u00e9tition du S<sup>r<\/sup> Roydor, vu l&rsquo;arr\u00eat\u00e9 de l&rsquo;administration centrale du d\u00e9partement du 18 prairial an V (6 juin 1797), le certificat de l&rsquo;officier de sant\u00e9 Girod du 22 germinal dernier&#8230;l&rsquo;\u00e2ge du pr\u00eatre Roydor et les infirmit\u00e9s graves l\u00e9galement constat\u00e9es. Arr\u00eate :<br \/>\nArt 1<sup>er<\/sup>&#8211; Daniel Raynaud-Roydor ci-devant cur\u00e9 d&rsquo;Etival, doit \u00eatre ray\u00e9 de la liste des \u00e9migr\u00e9s et plac\u00e9 dans la classe des d\u00e9port\u00e9s.<br \/>\nArt 2 &#8211; Il est plac\u00e9 provisoirement sous la surveillance du maire de la commune de Moyrans, arrondissement de St-Claude.<br \/>\nQuel fut le lieu de sa r\u00e9sidence jusqu&rsquo;en l&rsquo;ann\u00e9e 1803, je ne puis le dire<br \/>\nLe 19 juin 1803 il est install\u00e9 \u00e0 la cure de Soucia. M.Roydor administra cette paroisse jusqu&rsquo;au 13 juin 1818 jour de sa mort \u00e0 82 ans.<br \/>\n<a href=\"#null\">retour<\/a><\/p>\n","protected":false},"excerpt":{"rendered":"<p>Philibert LESNE\u00a0: pr\u00eatre chapelain perp\u00e9tuel de la chapelle Notre Dame d\u2019Etival 1630-1635. Henry PIARD\u00a0: pr\u00eatre chapelain \u00e0 Etival 1635-1640. Denys REGAUD\u00a0: probablement neveu de M. Jean REGAUD, cur\u00e9 de Soucia, pr\u00eatre chapelain perp\u00e9tuel 1640-1649. On le trouve vicaire \u00e0 Courbouson &hellip; <a href=\"https:\/\/etival-ronchaux.fr\/?page_id=480\">Continuer la lecture <span class=\"meta-nav\">&rarr;<\/span><\/a><\/p>\n","protected":false},"author":1,"featured_media":0,"parent":64,"menu_order":5,"comment_status":"closed","ping_status":"closed","template":"","meta":{"footnotes":""},"class_list":["post-480","page","type-page","status-publish","hentry"],"_links":{"self":[{"href":"https:\/\/etival-ronchaux.fr\/index.php?rest_route=\/wp\/v2\/pages\/480","targetHints":{"allow":["GET"]}}],"collection":[{"href":"https:\/\/etival-ronchaux.fr\/index.php?rest_route=\/wp\/v2\/pages"}],"about":[{"href":"https:\/\/etival-ronchaux.fr\/index.php?rest_route=\/wp\/v2\/types\/page"}],"author":[{"embeddable":true,"href":"https:\/\/etival-ronchaux.fr\/index.php?rest_route=\/wp\/v2\/users\/1"}],"replies":[{"embeddable":true,"href":"https:\/\/etival-ronchaux.fr\/index.php?rest_route=%2Fwp%2Fv2%2Fcomments&post=480"}],"version-history":[{"count":4,"href":"https:\/\/etival-ronchaux.fr\/index.php?rest_route=\/wp\/v2\/pages\/480\/revisions"}],"predecessor-version":[{"id":624,"href":"https:\/\/etival-ronchaux.fr\/index.php?rest_route=\/wp\/v2\/pages\/480\/revisions\/624"}],"up":[{"embeddable":true,"href":"https:\/\/etival-ronchaux.fr\/index.php?rest_route=\/wp\/v2\/pages\/64"}],"wp:attachment":[{"href":"https:\/\/etival-ronchaux.fr\/index.php?rest_route=%2Fwp%2Fv2%2Fmedia&parent=480"}],"curies":[{"name":"wp","href":"https:\/\/api.w.org\/{rel}","templated":true}]}}