{"id":565,"date":"2015-03-21T09:26:21","date_gmt":"2015-03-21T08:26:21","guid":{"rendered":"https:\/\/etival-ronchaux.fr\/?page_id=565"},"modified":"2015-05-27T18:32:38","modified_gmt":"2015-05-27T17:32:38","slug":"le-village-de-chatel-de-joux-1833","status":"publish","type":"page","link":"https:\/\/etival-ronchaux.fr\/?page_id=565","title":{"rendered":"Le village de Ch\u00e2tel-de-Joux (1833)"},"content":{"rendered":"<p><a href=\"https:\/\/etival-ronchaux.fr\/wp-content\/uploads\/2015\/03\/mchatelvil.jpg\"><img fetchpriority=\"high\" decoding=\"async\" class=\"alignnone size-full wp-image-566\" src=\"https:\/\/etival-ronchaux.fr\/wp-content\/uploads\/2015\/03\/mchatelvil.jpg\" alt=\"mchatelvil\" width=\"940\" height=\"891\" srcset=\"https:\/\/etival-ronchaux.fr\/wp-content\/uploads\/2015\/03\/mchatelvil.jpg 940w, https:\/\/etival-ronchaux.fr\/wp-content\/uploads\/2015\/03\/mchatelvil-300x284.jpg 300w\" sizes=\"(max-width: 940px) 100vw, 940px\" \/><\/a><\/p>\n<p>Montage selon plans du cadastre de 1833 (Archives D\u00e9partementales 39).<br \/>\nAu recensement de 1836 la commune d\u00e9clarait 242 habitants.<br \/>\n<button type=\"button\" onclick=\"window.history.back();\" >Page Pr\u00e9c\u00e9dente<\/button><\/p>\n","protected":false},"excerpt":{"rendered":"<p>Montage selon plans du cadastre de 1833 (Archives D\u00e9partementales 39). Au recensement de 1836 la commune d\u00e9clarait 242 habitants. Page Pr\u00e9c\u00e9dente<\/p>\n","protected":false},"author":1,"featured_media":0,"parent":540,"menu_order":0,"comment_status":"closed","ping_status":"closed","template":"","meta":{"footnotes":""},"class_list":["post-565","page","type-page","status-publish","hentry"],"_links":{"self":[{"href":"https:\/\/etival-ronchaux.fr\/index.php?rest_route=\/wp\/v2\/pages\/565","targetHints":{"allow":["GET"]}}],"collection":[{"href":"https:\/\/etival-ronchaux.fr\/index.php?rest_route=\/wp\/v2\/pages"}],"about":[{"href":"https:\/\/etival-ronchaux.fr\/index.php?rest_route=\/wp\/v2\/types\/page"}],"author":[{"embeddable":true,"href":"https:\/\/etival-ronchaux.fr\/index.php?rest_route=\/wp\/v2\/users\/1"}],"replies":[{"embeddable":true,"href":"https:\/\/etival-ronchaux.fr\/index.php?rest_route=%2Fwp%2Fv2%2Fcomments&post=565"}],"version-history":[{"count":5,"href":"https:\/\/etival-ronchaux.fr\/index.php?rest_route=\/wp\/v2\/pages\/565\/revisions"}],"predecessor-version":[{"id":738,"href":"https:\/\/etival-ronchaux.fr\/index.php?rest_route=\/wp\/v2\/pages\/565\/revisions\/738"}],"up":[{"embeddable":true,"href":"https:\/\/etival-ronchaux.fr\/index.php?rest_route=\/wp\/v2\/pages\/540"}],"wp:attachment":[{"href":"https:\/\/etival-ronchaux.fr\/index.php?rest_route=%2Fwp%2Fv2%2Fmedia&parent=565"}],"curies":[{"name":"wp","href":"https:\/\/api.w.org\/{rel}","templated":true}]}}