{"id":571,"date":"2015-03-21T09:32:52","date_gmt":"2015-03-21T08:32:52","guid":{"rendered":"https:\/\/etival-ronchaux.fr\/?page_id=571"},"modified":"2015-04-15T18:14:38","modified_gmt":"2015-04-15T17:14:38","slug":"le-hameau-de-la-crochere-1833","status":"publish","type":"page","link":"https:\/\/etival-ronchaux.fr\/?page_id=571","title":{"rendered":"Le hameau de La Croch\u00e8re (1833)"},"content":{"rendered":"<p><a href=\"https:\/\/etival-ronchaux.fr\/wp-content\/uploads\/2015\/03\/mcrocherevil.jpg\"><img fetchpriority=\"high\" decoding=\"async\" class=\"alignnone size-full wp-image-567\" src=\"https:\/\/etival-ronchaux.fr\/wp-content\/uploads\/2015\/03\/mcrocherevil.jpg\" alt=\"mcrocherevil\" width=\"940\" height=\"1062\" srcset=\"https:\/\/etival-ronchaux.fr\/wp-content\/uploads\/2015\/03\/mcrocherevil.jpg 940w, https:\/\/etival-ronchaux.fr\/wp-content\/uploads\/2015\/03\/mcrocherevil-266x300.jpg 266w, https:\/\/etival-ronchaux.fr\/wp-content\/uploads\/2015\/03\/mcrocherevil-906x1024.jpg 906w\" sizes=\"(max-width: 940px) 100vw, 940px\" \/><\/a><\/p>\n<p>Selon assemblages des plans du cadastre de 1833. (Archives d\u00e9partementales 39)<br \/>\nSauf les b\u00e2tisses \u00e9loign\u00e9es.<button type=\"button\" onclick=\"window.history.back();\" >Page Pr\u00e9c\u00e9dente<\/button><\/p>\n","protected":false},"excerpt":{"rendered":"<p>Selon assemblages des plans du cadastre de 1833. (Archives d\u00e9partementales 39) Sauf les b\u00e2tisses \u00e9loign\u00e9es.Page Pr\u00e9c\u00e9dente<\/p>\n","protected":false},"author":1,"featured_media":0,"parent":540,"menu_order":0,"comment_status":"closed","ping_status":"closed","template":"","meta":{"footnotes":""},"class_list":["post-571","page","type-page","status-publish","hentry"],"_links":{"self":[{"href":"https:\/\/etival-ronchaux.fr\/index.php?rest_route=\/wp\/v2\/pages\/571","targetHints":{"allow":["GET"]}}],"collection":[{"href":"https:\/\/etival-ronchaux.fr\/index.php?rest_route=\/wp\/v2\/pages"}],"about":[{"href":"https:\/\/etival-ronchaux.fr\/index.php?rest_route=\/wp\/v2\/types\/page"}],"author":[{"embeddable":true,"href":"https:\/\/etival-ronchaux.fr\/index.php?rest_route=\/wp\/v2\/users\/1"}],"replies":[{"embeddable":true,"href":"https:\/\/etival-ronchaux.fr\/index.php?rest_route=%2Fwp%2Fv2%2Fcomments&post=571"}],"version-history":[{"count":5,"href":"https:\/\/etival-ronchaux.fr\/index.php?rest_route=\/wp\/v2\/pages\/571\/revisions"}],"predecessor-version":[{"id":653,"href":"https:\/\/etival-ronchaux.fr\/index.php?rest_route=\/wp\/v2\/pages\/571\/revisions\/653"}],"up":[{"embeddable":true,"href":"https:\/\/etival-ronchaux.fr\/index.php?rest_route=\/wp\/v2\/pages\/540"}],"wp:attachment":[{"href":"https:\/\/etival-ronchaux.fr\/index.php?rest_route=%2Fwp%2Fv2%2Fmedia&parent=571"}],"curies":[{"name":"wp","href":"https:\/\/api.w.org\/{rel}","templated":true}]}}