{"id":575,"date":"2015-03-21T09:47:35","date_gmt":"2015-03-21T08:47:35","guid":{"rendered":"https:\/\/etival-ronchaux.fr\/?page_id=575"},"modified":"2015-04-16T15:54:00","modified_gmt":"2015-04-16T14:54:00","slug":"le-village-des-ronchaux-1833","status":"publish","type":"page","link":"https:\/\/etival-ronchaux.fr\/?page_id=575","title":{"rendered":"Le village des Ronchaux (1833)"},"content":{"rendered":"<p><a href=\"https:\/\/etival-ronchaux.fr\/wp-content\/uploads\/2015\/03\/mronchauxvil.jpg\"><img fetchpriority=\"high\" decoding=\"async\" class=\"alignnone size-full wp-image-569\" src=\"https:\/\/etival-ronchaux.fr\/wp-content\/uploads\/2015\/03\/mronchauxvil.jpg\" alt=\"mronchauxvil\" width=\"940\" height=\"1011\" srcset=\"https:\/\/etival-ronchaux.fr\/wp-content\/uploads\/2015\/03\/mronchauxvil.jpg 940w, https:\/\/etival-ronchaux.fr\/wp-content\/uploads\/2015\/03\/mronchauxvil-279x300.jpg 279w\" sizes=\"(max-width: 940px) 100vw, 940px\" \/><\/a><\/p>\n<p>Selon assemblages des plans du cadastre de 1833. (Archives d\u00e9partementales 39)<br \/>\nUne malheureuse d\u00e9chirure, supprime entre autre, la maison Cassabois.<br \/>\nLe grand rectangle bleu est vraisemblablement l&rsquo;\u00e9cole, la mont\u00e9e du four n&rsquo;existe pas de m\u00eame que la route d&rsquo;Etival.<br \/>\nAu recensement de 1836 la commune des deux villages, d\u00e9clarait 553 habitants.<br \/>\n<button type=\"button\">Page Pr\u00e9c\u00e9dente<\/button><\/p>\n","protected":false},"excerpt":{"rendered":"<p>Selon assemblages des plans du cadastre de 1833. (Archives d\u00e9partementales 39) Une malheureuse d\u00e9chirure, supprime entre autre, la maison Cassabois. Le grand rectangle bleu est vraisemblablement l&rsquo;\u00e9cole, la mont\u00e9e du four n&rsquo;existe pas de m\u00eame que la route d&rsquo;Etival. Au &hellip; <a href=\"https:\/\/etival-ronchaux.fr\/?page_id=575\">Continuer la lecture <span class=\"meta-nav\">&rarr;<\/span><\/a><\/p>\n","protected":false},"author":1,"featured_media":0,"parent":540,"menu_order":0,"comment_status":"closed","ping_status":"closed","template":"","meta":{"footnotes":""},"class_list":["post-575","page","type-page","status-publish","hentry"],"_links":{"self":[{"href":"https:\/\/etival-ronchaux.fr\/index.php?rest_route=\/wp\/v2\/pages\/575","targetHints":{"allow":["GET"]}}],"collection":[{"href":"https:\/\/etival-ronchaux.fr\/index.php?rest_route=\/wp\/v2\/pages"}],"about":[{"href":"https:\/\/etival-ronchaux.fr\/index.php?rest_route=\/wp\/v2\/types\/page"}],"author":[{"embeddable":true,"href":"https:\/\/etival-ronchaux.fr\/index.php?rest_route=\/wp\/v2\/users\/1"}],"replies":[{"embeddable":true,"href":"https:\/\/etival-ronchaux.fr\/index.php?rest_route=%2Fwp%2Fv2%2Fcomments&post=575"}],"version-history":[{"count":5,"href":"https:\/\/etival-ronchaux.fr\/index.php?rest_route=\/wp\/v2\/pages\/575\/revisions"}],"predecessor-version":[{"id":662,"href":"https:\/\/etival-ronchaux.fr\/index.php?rest_route=\/wp\/v2\/pages\/575\/revisions\/662"}],"up":[{"embeddable":true,"href":"https:\/\/etival-ronchaux.fr\/index.php?rest_route=\/wp\/v2\/pages\/540"}],"wp:attachment":[{"href":"https:\/\/etival-ronchaux.fr\/index.php?rest_route=%2Fwp%2Fv2%2Fmedia&parent=575"}],"curies":[{"name":"wp","href":"https:\/\/api.w.org\/{rel}","templated":true}]}}