{"id":69,"date":"2014-06-12T17:36:31","date_gmt":"2014-06-12T16:36:31","guid":{"rendered":"https:\/\/etival-ronchaux.fr\/?page_id=69"},"modified":"2015-03-23T18:44:25","modified_gmt":"2015-03-23T17:44:25","slug":"traite-de-1234","status":"publish","type":"page","link":"https:\/\/etival-ronchaux.fr\/?page_id=69","title":{"rendered":"Trait\u00e9 de 1234"},"content":{"rendered":"<p>\u00ab\u00a0Les dits Hugues et Ponce de Cuisel seigneurs de Clairvaux reconnaissent de bonne foi avoir b\u00e2ti ledit ch\u00e2teau de Joux sur les terres de l&rsquo;abb\u00e9 et de l&rsquo;Eglise de Saint-Oyan et font aux dits abb\u00e9s et Eglise cession enti\u00e8re du dit ch\u00e2teau et de ses d\u00e9pendances&#8230;&#8230;&#8230;&#8230;.Mais les dits abb\u00e9 et Eglise de Saint-Oyan voulant \u00eatre ins\u00e9parablement associ\u00e9s aux dits seigneurs de Cuisel ,leur conc\u00e8dent \u00e0 perp\u00e9tuit\u00e9 le dit ch\u00e2teau de Joux avec ses d\u00e9pendances et \u00e9difices construits ou \u00e0 construire&#8230;&#8230;..se retenant dans le dit ch\u00e2teau un second ch\u00e2teau apr\u00e8s le seigneur de Cuiseau&#8230;&#8230;Le dit seigneur de Cuiseau et ses descendants tiendront en fief de l&rsquo;abb\u00e9 et de l&rsquo;Eglise de Saint-Oyan ,le dit ch\u00e2teau de telle mani\u00e8re que l&rsquo;abb\u00e9 et l&rsquo;Eglise , toutes les fois qu&rsquo;ils en auront besoin du dit ch\u00e2teau ,pourront s&rsquo;en servir pour la guerre et la paix&#8230;&#8230;..de plus l&rsquo;Eglise de Saint-Oyan recevra dans le dit ch\u00e2teau-de-Joux , un m\u00eame p\u00e9age qu&rsquo;il en per\u00e7oit \u00e0 Moirans ou si mieux lui pla\u00eet \u00e0 Ravilloles. Mais le dit seigneur de Cuisel et Ponce son fr\u00e8re et avec eux plusieurs chevaliers s&rsquo;engagent \u00e0 prot\u00e9ger les voyageurs et p\u00e8lerins d\u00e8s le pont de Poitte par ce chemin jusqu&rsquo;\u00e0 Ravilloles en passant par ce chemin en allant et revenant&#8230;&#8230;Ledit seigneur de Cuisel a fait foy et promis fid\u00e9lit\u00e9 \u00e0 l&rsquo;abb\u00e9 et l&rsquo;Eglise de Saint-Oyan , jurant sur les Saints Evangiles de conserver la terre de Saint-Oyan en quelque lieu que se soit et de la d\u00e9fendre de bonne foy contre tous ceux qui voudraient injustement vexer la dit Eglise ou ses sujets&#8230;&#8230;.Ce qui a \u00e9t\u00e9 fait \u00e0 Souciat , l&rsquo;an du Seigneur 1234\u00a0\u00bb<br \/>\n<a href=\"#null\">retour<\/a><\/p>\n<p>&nbsp;<\/p>\n","protected":false},"excerpt":{"rendered":"<p>\u00ab\u00a0Les dits Hugues et Ponce de Cuisel seigneurs de Clairvaux reconnaissent de bonne foi avoir b\u00e2ti ledit ch\u00e2teau de Joux sur les terres de l&rsquo;abb\u00e9 et de l&rsquo;Eglise de Saint-Oyan et font aux dits abb\u00e9s et Eglise cession enti\u00e8re du &hellip; <a href=\"https:\/\/etival-ronchaux.fr\/?page_id=69\">Continuer la lecture <span class=\"meta-nav\">&rarr;<\/span><\/a><\/p>\n","protected":false},"author":1,"featured_media":0,"parent":64,"menu_order":0,"comment_status":"closed","ping_status":"closed","template":"","meta":{"footnotes":""},"class_list":["post-69","page","type-page","status-publish","hentry"],"_links":{"self":[{"href":"https:\/\/etival-ronchaux.fr\/index.php?rest_route=\/wp\/v2\/pages\/69","targetHints":{"allow":["GET"]}}],"collection":[{"href":"https:\/\/etival-ronchaux.fr\/index.php?rest_route=\/wp\/v2\/pages"}],"about":[{"href":"https:\/\/etival-ronchaux.fr\/index.php?rest_route=\/wp\/v2\/types\/page"}],"author":[{"embeddable":true,"href":"https:\/\/etival-ronchaux.fr\/index.php?rest_route=\/wp\/v2\/users\/1"}],"replies":[{"embeddable":true,"href":"https:\/\/etival-ronchaux.fr\/index.php?rest_route=%2Fwp%2Fv2%2Fcomments&post=69"}],"version-history":[{"count":5,"href":"https:\/\/etival-ronchaux.fr\/index.php?rest_route=\/wp\/v2\/pages\/69\/revisions"}],"predecessor-version":[{"id":620,"href":"https:\/\/etival-ronchaux.fr\/index.php?rest_route=\/wp\/v2\/pages\/69\/revisions\/620"}],"up":[{"embeddable":true,"href":"https:\/\/etival-ronchaux.fr\/index.php?rest_route=\/wp\/v2\/pages\/64"}],"wp:attachment":[{"href":"https:\/\/etival-ronchaux.fr\/index.php?rest_route=%2Fwp%2Fv2%2Fmedia&parent=69"}],"curies":[{"name":"wp","href":"https:\/\/api.w.org\/{rel}","templated":true}]}}