{"id":804,"date":"2016-12-20T21:27:34","date_gmt":"2016-12-20T20:27:34","guid":{"rendered":"https:\/\/etival-ronchaux.fr\/?page_id=804"},"modified":"2017-01-11T18:52:10","modified_gmt":"2017-01-11T17:52:10","slug":"les-ronchaux-hier","status":"publish","type":"page","link":"https:\/\/etival-ronchaux.fr\/?page_id=804","title":{"rendered":"Les Ronchaux Hier"},"content":{"rendered":"<p>La monographie de l&rsquo; abb\u00e9 Burlet pr\u00e9sent\u00e9e dans un autre onglet de ce site, traite de l&rsquo;histoire ancienne et de la vie des villages composant la paroisse d&rsquo; \u00c9tival de leurs origines jusqu&rsquo;au d\u00e9but de la grande guerre.<\/p>\n<p>Le document \u00e9tant un peu aust\u00e8re et n\u00e9cessitant des pr\u00e9cisions, explications, illustrations, je me suis attach\u00e9 \u00e0 le rendre plus attractif en ins\u00e9rant des liens cliquables dans le texte, qui apportent ces \u00e9l\u00e9ments. Ces ajouts \u00e9tant d\u00e9pos\u00e9s en fonction du temps dont je dispose et des r\u00e9sultats de mes recherches.<\/p>\n<p>Au fil de discutions et de promenades dans les rues se sont r\u00e9veill\u00e9s des souvenirs de mon enfance, certains ayant totalement disparus, j&rsquo;ai pens\u00e9 qu&rsquo;il serait bien d&rsquo;en conserver la m\u00e9moire. C&rsquo;est l&rsquo;objet de ce chapitre qui s&rsquo;adresse aux nouvelles g\u00e9n\u00e9rations int\u00e9ress\u00e9es par l&rsquo;\u00e9volution du village.<\/p>\n<p>Ces souvenirs, principalement visuels, sont ceux d&rsquo;un enfant de la ville qui venait passer ses vacances aux Ronchaux. N&rsquo;\u00e9tant pas un habitant r\u00e9gulier il me manque des pr\u00e9cisions et documents, je fais appel aux lecteurs pour me les communiquer ou me signaler mes manques, en me contactant lorsque je suis aux Ronchaux ou \u00e0 Fred. Vous pouvez aussi laisser un message sur la page d&rsquo;accueil du site.<\/p>\n<p>Jacques Perraud dit Jacky<\/p>\n","protected":false},"excerpt":{"rendered":"<p>La monographie de l&rsquo; abb\u00e9 Burlet pr\u00e9sent\u00e9e dans un autre onglet de ce site, traite de l&rsquo;histoire ancienne et de la vie des villages composant la paroisse d&rsquo; \u00c9tival de leurs origines jusqu&rsquo;au d\u00e9but de la grande guerre. Le document &hellip; <a href=\"https:\/\/etival-ronchaux.fr\/?page_id=804\">Continuer la lecture <span class=\"meta-nav\">&rarr;<\/span><\/a><\/p>\n","protected":false},"author":1,"featured_media":0,"parent":0,"menu_order":1,"comment_status":"closed","ping_status":"closed","template":"","meta":{"footnotes":""},"class_list":["post-804","page","type-page","status-publish","hentry"],"_links":{"self":[{"href":"https:\/\/etival-ronchaux.fr\/index.php?rest_route=\/wp\/v2\/pages\/804","targetHints":{"allow":["GET"]}}],"collection":[{"href":"https:\/\/etival-ronchaux.fr\/index.php?rest_route=\/wp\/v2\/pages"}],"about":[{"href":"https:\/\/etival-ronchaux.fr\/index.php?rest_route=\/wp\/v2\/types\/page"}],"author":[{"embeddable":true,"href":"https:\/\/etival-ronchaux.fr\/index.php?rest_route=\/wp\/v2\/users\/1"}],"replies":[{"embeddable":true,"href":"https:\/\/etival-ronchaux.fr\/index.php?rest_route=%2Fwp%2Fv2%2Fcomments&post=804"}],"version-history":[{"count":3,"href":"https:\/\/etival-ronchaux.fr\/index.php?rest_route=\/wp\/v2\/pages\/804\/revisions"}],"predecessor-version":[{"id":1093,"href":"https:\/\/etival-ronchaux.fr\/index.php?rest_route=\/wp\/v2\/pages\/804\/revisions\/1093"}],"wp:attachment":[{"href":"https:\/\/etival-ronchaux.fr\/index.php?rest_route=%2Fwp%2Fv2%2Fmedia&parent=804"}],"curies":[{"name":"wp","href":"https:\/\/api.w.org\/{rel}","templated":true}]}}