{"id":989,"date":"2020-07-07T18:40:15","date_gmt":"2020-07-07T17:40:15","guid":{"rendered":"https:\/\/etival-ronchaux.fr\/?page_id=989"},"modified":"2020-07-07T18:40:15","modified_gmt":"2020-07-07T17:40:15","slug":"leau","status":"publish","type":"page","link":"https:\/\/etival-ronchaux.fr\/?page_id=989","title":{"rendered":"L&rsquo;eau"},"content":{"rendered":"\n<p>En 1950 rares \u00e9taient les maisons disposant de l&rsquo;eau courante. L&rsquo;approvisionnement se faisait aux nombreuses fontaines qui coulaient en permanence.<br>A l\u2019heure des repas, les enfants \u00e9taient de corv\u00e9e d\u2019eau et se retrouvaient \u00e0 la fontaine avec le pot a eau.<br>Pour l\u2019usage domestique (Confection des repas, vaisselle, lavages, pot\u00e9e des vaches) les adultes remplissaient \u00e0 la fontaine des arrosoirs en acier galvanis\u00e9 qui \u00e9taient align\u00e9s dans un coin de la cuisine assurant un stockage proche.<br>Enfants, nous faisions des concours a celui qui arrivait le mieux \u00e0 aspirer l\u2019eau de l\u2019arrosoir en prenant le goulot dans la bouche comme une paille.<\/p>\n\n\n\n<div class=\"wp-block-columns are-vertically-aligned-center is-layout-flex wp-container-core-columns-is-layout-9d6595d7 wp-block-columns-is-layout-flex\">\n<div class=\"wp-block-column is-vertically-aligned-center is-layout-flow wp-block-column-is-layout-flow\">\n<figure class=\"wp-block-image size-large\"><img fetchpriority=\"high\" decoding=\"async\" width=\"300\" height=\"292\" src=\"https:\/\/etival-ronchaux.fr\/wp-content\/uploads\/2018\/01\/preauar.jpg\" alt=\"\" class=\"wp-image-926\"\/><\/figure>\n<\/div>\n\n\n\n<div class=\"wp-block-column is-vertically-aligned-center is-layout-flow wp-block-column-is-layout-flow\">\n<figure class=\"wp-block-image size-large\"><img decoding=\"async\" width=\"647\" height=\"1024\" src=\"https:\/\/etival-ronchaux.fr\/wp-content\/uploads\/2018\/01\/prfontjc-647x1024.jpg\" alt=\"\" class=\"wp-image-928\" srcset=\"https:\/\/etival-ronchaux.fr\/wp-content\/uploads\/2018\/01\/prfontjc-647x1024.jpg 647w, https:\/\/etival-ronchaux.fr\/wp-content\/uploads\/2018\/01\/prfontjc-190x300.jpg 190w, https:\/\/etival-ronchaux.fr\/wp-content\/uploads\/2018\/01\/prfontjc.jpg 675w\" sizes=\"(max-width: 647px) 100vw, 647px\" \/><\/figure>\n\n\n\n<p><\/p>\n<\/div>\n<\/div>\n\n\n\n<p>Ici je place \u00ab\u00a0ma\u00a0\u00bb fontaine qui \u00e9tait au centre de la place du haut du village des Ronchaux. Le dessin est tir\u00e9 du livre de Jacques Cassabois Les deux maisons (Prix du minist\u00e8re de la jeunesse et des sports 1988.) Il fait vivre \u00e0 son personnage, un s\u00e9jour comme berger aux Ronchaux.<\/p>\n\n\n\n<p>Quelques rares maisons mieux \u00e9quip\u00e9es, poss\u00e9daient une pierre d&rsquo;\u00e9vier qui rejetait ses eaux us\u00e9es par une gargouille.<\/p>\n\n\n\n<div class=\"wp-block-columns is-layout-flex wp-container-core-columns-is-layout-9d6595d7 wp-block-columns-is-layout-flex\">\n<div class=\"wp-block-column is-layout-flow wp-block-column-is-layout-flow\">\n<div class=\"wp-block-image\"><figure class=\"aligncenter size-large\"><img decoding=\"async\" width=\"402\" height=\"410\" src=\"https:\/\/etival-ronchaux.fr\/wp-content\/uploads\/2018\/01\/previer.jpg\" alt=\"\" class=\"wp-image-927\" srcset=\"https:\/\/etival-ronchaux.fr\/wp-content\/uploads\/2018\/01\/previer.jpg 402w, https:\/\/etival-ronchaux.fr\/wp-content\/uploads\/2018\/01\/previer-294x300.jpg 294w\" sizes=\"(max-width: 402px) 100vw, 402px\" \/><\/figure><\/div>\n<\/div>\n\n\n\n<div class=\"wp-block-column is-layout-flow wp-block-column-is-layout-flow\">\n<div class=\"wp-block-image\"><figure class=\"aligncenter size-large\"><img decoding=\"async\" src=\"https:\/\/etival-ronchaux.fr\/wp-content\/uploads\/2018\/01\/prgargo.jpg\" alt=\"\"\/><\/figure><\/div>\n<\/div>\n<\/div>\n\n\n\n<p>Durant l&rsquo;hiver 1958-59 particuli\u00e8rement froid, les canalisations de distribution pas suffisamment enterr\u00e9es gel\u00e8rent. Le r\u00e9seau a \u00e9t\u00e9 remis \u00e0 neuf, les propri\u00e9taires en profit\u00e8rent pour raccorder leur habitation avec un robinet sur un bac .<\/p>\n","protected":false},"excerpt":{"rendered":"<p>En 1950 rares \u00e9taient les maisons disposant de l&rsquo;eau courante. L&rsquo;approvisionnement se faisait aux nombreuses fontaines qui coulaient en permanence.A l\u2019heure des repas, les enfants \u00e9taient de corv\u00e9e d\u2019eau et se retrouvaient \u00e0 la fontaine avec le pot a eau.Pour &hellip; <a href=\"https:\/\/etival-ronchaux.fr\/?page_id=989\">Continuer la lecture <span class=\"meta-nav\">&rarr;<\/span><\/a><\/p>\n","protected":false},"author":1,"featured_media":0,"parent":922,"menu_order":1,"comment_status":"closed","ping_status":"closed","template":"","meta":{"footnotes":""},"class_list":["post-989","page","type-page","status-publish","hentry"],"_links":{"self":[{"href":"https:\/\/etival-ronchaux.fr\/index.php?rest_route=\/wp\/v2\/pages\/989","targetHints":{"allow":["GET"]}}],"collection":[{"href":"https:\/\/etival-ronchaux.fr\/index.php?rest_route=\/wp\/v2\/pages"}],"about":[{"href":"https:\/\/etival-ronchaux.fr\/index.php?rest_route=\/wp\/v2\/types\/page"}],"author":[{"embeddable":true,"href":"https:\/\/etival-ronchaux.fr\/index.php?rest_route=\/wp\/v2\/users\/1"}],"replies":[{"embeddable":true,"href":"https:\/\/etival-ronchaux.fr\/index.php?rest_route=%2Fwp%2Fv2%2Fcomments&post=989"}],"version-history":[{"count":1,"href":"https:\/\/etival-ronchaux.fr\/index.php?rest_route=\/wp\/v2\/pages\/989\/revisions"}],"predecessor-version":[{"id":991,"href":"https:\/\/etival-ronchaux.fr\/index.php?rest_route=\/wp\/v2\/pages\/989\/revisions\/991"}],"up":[{"embeddable":true,"href":"https:\/\/etival-ronchaux.fr\/index.php?rest_route=\/wp\/v2\/pages\/922"}],"wp:attachment":[{"href":"https:\/\/etival-ronchaux.fr\/index.php?rest_route=%2Fwp%2Fv2%2Fmedia&parent=989"}],"curies":[{"name":"wp","href":"https:\/\/api.w.org\/{rel}","templated":true}]}}