{"id":996,"date":"2020-07-21T20:44:06","date_gmt":"2020-07-21T19:44:06","guid":{"rendered":"https:\/\/etival-ronchaux.fr\/?page_id=996"},"modified":"2021-06-10T13:00:20","modified_gmt":"2021-06-10T12:00:20","slug":"le-chauffage-et-la-cuisson-des-aliments","status":"publish","type":"page","link":"https:\/\/etival-ronchaux.fr\/?page_id=996","title":{"rendered":"Le chauffage"},"content":{"rendered":"\r\n<p>Voici un volet important, qui a subit une \u00e9volution tr\u00e8s rapide.<\/p>\r\n\r\n\r\n\r\n<p>L&rsquo;\u00e9nergie utilis\u00e9e pour le chauffage et la cuisine \u00e9tait le bois.<br \/>Dans beaucoup de fermes subsistait dans la pi\u00e8ce dite cuisine, l&rsquo;ensemble de la chemin\u00e9e, compos\u00e9 de grandes dalles de pierre au sol\u00a0 \u00ab\u00a0les cadettes\u00a0\u00bb, l&rsquo;avaloir form\u00e9 par une poutre bois ou d&rsquo;une traverse en pierre soutenue par des jambages ou corbeaux en pierre.<br \/>Souvent tout proche le four a pain.<\/p>\r\n\r\n\r\n\r\n<figure class=\"wp-block-image size-large\"><img fetchpriority=\"high\" decoding=\"async\" width=\"675\" height=\"640\" class=\"wp-image-997\" src=\"https:\/\/etival-ronchaux.fr\/wp-content\/uploads\/2020\/07\/coin-atre-cuisine.jpg\" alt=\"\" srcset=\"https:\/\/etival-ronchaux.fr\/wp-content\/uploads\/2020\/07\/coin-atre-cuisine.jpg 675w, https:\/\/etival-ronchaux.fr\/wp-content\/uploads\/2020\/07\/coin-atre-cuisine-300x284.jpg 300w\" sizes=\"(max-width: 675px) 100vw, 675px\" \/><\/figure>\r\n\r\n\r\n\r\n<p>Vers 1949 il y avait encore ce petit fourneau \u00e0 pattes que j&rsquo;ai vu aussi dans d&rsquo;autres fermes, les marmites servaient \u00e0 la pot\u00e9e des vaches, mais aussi pour faire la soupe et les viandes bouillies. Le tuyau sortait tout droit dans l&rsquo;avaloir de l&rsquo;ancienne chemin\u00e9e d&rsquo;o\u00f9 l&rsquo;on voyait le ciel.<br \/>Les marmites tr\u00e8s robustes ont longtemps \u00e9t\u00e9 utilis\u00e9es comme abreuvoir pour les poules, les chiens certaines subsistent encore comme pot \u00e0 fleurs.<br \/>Ma grand&rsquo;m\u00e8re me disait que son beau-p\u00e8re avait achet\u00e9 ce fourneau pour sa venue lors de son mariage, ce qui veut dire que vers\u00a0 1900 le feu se faisait directement au sol avec l&rsquo;utilisation de la cr\u00e9maill\u00e8re pour suspendre les r\u00e9cipients.<\/p>\r\n\r\n\r\n\r\n<figure class=\"wp-block-image size-large\"><img decoding=\"async\" width=\"675\" height=\"640\" class=\"wp-image-998\" src=\"https:\/\/etival-ronchaux.fr\/wp-content\/uploads\/2020\/07\/1940.jpg\" alt=\"\" srcset=\"https:\/\/etival-ronchaux.fr\/wp-content\/uploads\/2020\/07\/1940.jpg 675w, https:\/\/etival-ronchaux.fr\/wp-content\/uploads\/2020\/07\/1940-300x284.jpg 300w\" sizes=\"(max-width: 675px) 100vw, 675px\" \/><\/figure>\r\n\r\n\r\n\r\n<p>Vers\u00a0 1960 l&rsquo;ensemble des m\u00e9nages avait troqu\u00e9 ce type de petit fourneau contre une cuisini\u00e8re moderne comportant un four et une bouilloire pour la confection de l&rsquo;eau chaude.<br \/>Puis rapidement beaucoup de m\u00e9nages qui n&rsquo;avaient pas l&rsquo;obligation de faire cuire la pot\u00e9e des vaches l&rsquo;\u00e9t\u00e9 se sont \u00e9quip\u00e9s de gazini\u00e8re.<br \/>Il y a eu, momentan\u00e9ment un syst\u00e8me de chauffage tr\u00e8s puissant qui permettait de br\u00fbler deux d\u00e9chets encombrants, la sciure et les belis. R\u00e9alis\u00e9 en deux parties, le corps du fourneau cylindrique en t\u00f4le d&rsquo;acier avec tuyau d&rsquo;\u00e9vacuation des fum\u00e9es,\u00a0 et un conteneur\u00a0 amovible qui recevait le combustible bien tass\u00e9 autour d&rsquo;un piquet central qui enlev\u00e9 lib\u00e9rait une chemin\u00e9e de combustion. Le f\u00fbt atteignant une tr\u00e8s haute temp\u00e9rature pr\u00e9sentait un grand danger pour les enfants.<br \/>(Le foyer du cercle utilisait ce moyen de chauffage, dans l&rsquo;obscurit\u00e9 lors de la projection de film nous \u00e9tions impressionn\u00e9 de voir le po\u00eale tout rouge.)<\/p>\r\n\r\n\r\n\r\n<figure class=\"wp-block-image size-large\"><img decoding=\"async\" width=\"675\" height=\"640\" class=\"wp-image-1000\" src=\"https:\/\/etival-ronchaux.fr\/wp-content\/uploads\/2020\/07\/1950.jpg\" alt=\"\" srcset=\"https:\/\/etival-ronchaux.fr\/wp-content\/uploads\/2020\/07\/1950.jpg 675w, https:\/\/etival-ronchaux.fr\/wp-content\/uploads\/2020\/07\/1950-300x284.jpg 300w\" sizes=\"(max-width: 675px) 100vw, 675px\" \/><\/figure>\r\n\r\n\r\n\r\n<p>Il est important de signaler qu&rsquo;une part du bois de chauffage \u00e9tait fournie par la commune, il \u00e9tait abattu et d\u00e9bit\u00e9 en b\u00fbches de 1.33m par des forestiers r\u00e9mun\u00e9r\u00e9s par la commune, livr\u00e9 devant la porte de chaque foyer r\u00e9sident \u00e0 l\u2019ann\u00e9e sur la commune. Des lots d&rsquo;affouages \u00e9tant d\u00e9livr\u00e9s aussi comme dans de nombreux autres villages, pour ceux\u00a0 qui avaient le temps et la force de les effectuer.<br \/>L&rsquo;unit\u00e9 de mesure \u00e9tait la corde : 4piedsX4piedsX 8pieds\u00a0 soit 3,625 st\u00e8res<br \/>Cette livraison \u00e9tait r\u00e9alis\u00e9e avant la p\u00e9riode des cong\u00e9s pay\u00e9s, d\u00e8s leur d\u00e9but c&rsquo;\u00e9tait la symphonie des coups de masse sur les coins pour fendre les b\u00fbches et le sifflement des scies circulaires d\u00e9bitant les b\u00fbches en morceaux convenant \u00e0 la cuisini\u00e8re. Les femmes et les enfants effectuant l&#8217;empilage des dits morceaux \u00e0 l&rsquo;abri des intemp\u00e9ries.<br \/>Autre avantage assur\u00e9 par la commune, le ramonage gratuit, celui-ci \u00e9tant le r\u00e9sultat d&rsquo;une tr\u00e8s ancienne constatation, les feux d&rsquo;habitation \u00e9taient une hantise, les maisons \u00e9tant couvertes en bois, comportant beaucoup de bois tant dans les murs que dans la charpente, stockant quantit\u00e9 de foin et \u00e9tant proches voir jumelles. La seule pr\u00e9vention \u00e9tait que leurs chemin\u00e9e\u00a0 soient correctement et r\u00e9guli\u00e8rement ramon\u00e9es.<br \/>Un ramonage effectu\u00e9 s\u00e9rieusement par un professionnel qui rendait compte au maire<br \/>\u00e9tait un gage de s\u00e9curit\u00e9 pour la communaut\u00e9.<\/p>\r\n","protected":false},"excerpt":{"rendered":"<p>Voici un volet important, qui a subit une \u00e9volution tr\u00e8s rapide. L&rsquo;\u00e9nergie utilis\u00e9e pour le chauffage et la cuisine \u00e9tait le bois.Dans beaucoup de fermes subsistait dans la pi\u00e8ce dite cuisine, l&rsquo;ensemble de la chemin\u00e9e, compos\u00e9 de grandes dalles de &hellip; <a href=\"https:\/\/etival-ronchaux.fr\/?page_id=996\">Continuer la lecture <span class=\"meta-nav\">&rarr;<\/span><\/a><\/p>\n","protected":false},"author":1,"featured_media":0,"parent":922,"menu_order":0,"comment_status":"closed","ping_status":"closed","template":"","meta":{"footnotes":""},"class_list":["post-996","page","type-page","status-publish","hentry"],"_links":{"self":[{"href":"https:\/\/etival-ronchaux.fr\/index.php?rest_route=\/wp\/v2\/pages\/996","targetHints":{"allow":["GET"]}}],"collection":[{"href":"https:\/\/etival-ronchaux.fr\/index.php?rest_route=\/wp\/v2\/pages"}],"about":[{"href":"https:\/\/etival-ronchaux.fr\/index.php?rest_route=\/wp\/v2\/types\/page"}],"author":[{"embeddable":true,"href":"https:\/\/etival-ronchaux.fr\/index.php?rest_route=\/wp\/v2\/users\/1"}],"replies":[{"embeddable":true,"href":"https:\/\/etival-ronchaux.fr\/index.php?rest_route=%2Fwp%2Fv2%2Fcomments&post=996"}],"version-history":[{"count":6,"href":"https:\/\/etival-ronchaux.fr\/index.php?rest_route=\/wp\/v2\/pages\/996\/revisions"}],"predecessor-version":[{"id":1074,"href":"https:\/\/etival-ronchaux.fr\/index.php?rest_route=\/wp\/v2\/pages\/996\/revisions\/1074"}],"up":[{"embeddable":true,"href":"https:\/\/etival-ronchaux.fr\/index.php?rest_route=\/wp\/v2\/pages\/922"}],"wp:attachment":[{"href":"https:\/\/etival-ronchaux.fr\/index.php?rest_route=%2Fwp%2Fv2%2Fmedia&parent=996"}],"curies":[{"name":"wp","href":"https:\/\/api.w.org\/{rel}","templated":true}]}}